{"id":1267,"date":"2021-07-14T21:32:12","date_gmt":"2021-07-14T21:32:12","guid":{"rendered":"https:\/\/lemonlarry.com\/?page_id=1267"},"modified":"2021-07-30T13:47:54","modified_gmt":"2021-07-30T13:47:54","slug":"abogado-de-arizona-lemon-law","status":"publish","type":"page","link":"https:\/\/lemonlarry.com\/es\/abogado-de-arizona-lemon-law\/","title":{"rendered":"Abogado de la ley del lim\u00f3n en Arizona"},"content":{"rendered":"<p>Lemon Larry es una agencia de referencia que brinda a los consumidores informaci\u00f3n sobre las leyes de lim\u00f3n de Arizona. Si tiene un autom\u00f3vil o cami\u00f3n con defectos que persisten y no se pueden reparar en un tiempo razonable, de acuerdo con la ley lim\u00f3n de Arizona, Lemon Larry puede ayudarlo a encontrar un abogado de reclamos de la ley lim\u00f3n, sin cargo.<\/p>\n<p>Lemon Larry no es abogado; en cambio, el servicio ayuda a los consumidores a determinar si tienen un reclamo. Luego, Lemon Larry encontrar\u00e1 un abogado con experiencia y conocimiento para ayudarlos con su reclamo.<\/p>\n<p>A menudo, los consumidores con un \u00ablim\u00f3n\u00bb necesitan ayuda porque su autom\u00f3vil, cami\u00f3n o camioneta pasa m\u00e1s tiempo en reparaci\u00f3n que llev\u00e1ndolos al trabajo, la escuela o el juego.<\/p>\n<p>Mucha gente no comprende c\u00f3mo funciona la ley. Lemon Larry existe para ayudar a los consumidores a determinar si tienen o no un reclamo bajo la ley lim\u00f3n de Arizona y los conecta con un abogado de la ley lim\u00f3n que puede ayudarlos a lidiar con esos problemas.<\/p>\n<h2>Encuentre un abogado con experiencia en reclamos de la ley del lim\u00f3n en Arizona<\/h2>\n<p>Encontrar el abogado adecuado para lidiar con los problemas del autom\u00f3vil \u201clim\u00f3n\u201d puede ser desafiante y abrumador. Del mismo modo, el consumidor no puede comprender f\u00e1cilmente las leyes que se redactaron para ayudar. Adem\u00e1s, despu\u00e9s de todos los dolores de cabeza que ha tenido con ese lim\u00f3n, es bueno tener un defensor.<\/p>\n<p>Lemon Larry intenta facilitar el proceso al consumidor. El servicio Lemon Larry no le cobra al consumidor una tarifa de referencia, ni se espera que el consumidor pague nada de su bolsillo por los servicios legales. El concesionario o vendedor es responsable de los honorarios legales.<\/p>\n<h3>\u00bfTengo un reclamo de la Ley Lim\u00f3n?<\/h3>\n<p>Los estatutos revisados \u200b\u200bde Arizona 44-1261 a 44-1267, espec\u00edficamente el Art\u00edculo 5 &#8211; Garant\u00edas de veh\u00edculos motorizados, define lo que constituye un lim\u00f3n en Arizona. Sin embargo, la persona com\u00fan podr\u00eda leer estos estatutos y a\u00fan no saber si tiene un reclamo. Espec\u00edficamente, las leyes lim\u00f3n del estado se aplican a los veh\u00edculos que tienen defectos mec\u00e1nicos del fabricante persistentes e irreparables, incluso despu\u00e9s de un n\u00famero razonable de intentos de reparaci\u00f3n.<\/p>\n<p>Es por eso que Lemon Larry ha desarrollado una prueba de siete preguntas para determinar si tiene un lim\u00f3n. Haga clic en el enlace, haga la prueba y, si tiene un lim\u00f3n, Lemon Larry puede ayudarlo. Lo conectar\u00e1n con un abogado con experiencia y conocimiento para procesar su reclamo de la ley del lim\u00f3n.<\/p>\n<p>No pagar\u00e1 un centavo y sabr\u00e1 en segundos si califica. Su reclamo podr\u00eda ser elegible para recibir una liquidaci\u00f3n en efectivo o un veh\u00edculo de reemplazo si gana.<\/p>\n<p>Los residentes de Arizona se benefician al no tener que pagar de su bolsillo para obtener los servicios del abogado. Una vez que el veh\u00edculo ha sido identificado como lim\u00f3n, el abogado puede negociar con el concesionario para obtener un reembolso, devoluci\u00f3n o reemplazo y recuperar otros gastos que hayan sido pagados por el consumidor.<\/p>\n<p>Las demandas civiles son una eventualidad cuando las negociaciones fracasan, y el concesionario o vendedor sabe que tendr\u00e1 que pagar los honorarios de la corte y del abogado por ley si no pueden llegar a un acuerdo. Por lo tanto, solo algunos de estos casos llegan a los tribunales. Podr\u00eda costar miles m\u00e1s de lo que costar\u00eda reembolsar su dinero o recomprar su veh\u00edculo, lo que probablemente el tribunal les ordenar\u00e1 hacer.<\/p>\n<h4>\u00bfCu\u00e1l es el beneficio de consultar a un abogado de Arizona Lemon Law?<\/h4>\n<p>Si su autom\u00f3vil tiene problemas frecuentes, se le llama \u00ablim\u00f3n\u00bb. Si siempre lleva su veh\u00edculo al concesionario para que lo repare, el ciclo nunca termina. Varias veces, ha perdido productividad porque su autom\u00f3vil est\u00e1 a punto de ser reparado, nuevamente.<\/p>\n<p>Algunos creen que no tienen ning\u00fan recurso porque no se les cobra por las reparaciones en garant\u00eda. A veces, le rentaban un auto de alquiler por tres o cuatro d\u00edas, pero las reparaciones tomaban seis y tuvo que pagar m\u00e1s. Incluso si no tuvo gastos de su bolsillo, aun as\u00ed perdi\u00f3 su tiempo, que, por cierto, nunca recuperar\u00e1. Podr\u00eda beneficiarse de presentar un reclamo con un abogado con experiencia en la ley del lim\u00f3n.<\/p>\n<p>Aseg\u00farese de guardar todas las notificaciones al concesionario, reparaciones (incluso aquellas que no pag\u00f3), tiempo perdido, alquiler de veh\u00edculos y todos los gastos relevantes para la reparaci\u00f3n de su veh\u00edculo.<\/p>\n<h4>Pensamientos finales<\/h4>\n<p>Se espera que los fabricantes reemplacen o recompren un autom\u00f3vil que es un lim\u00f3n. La ley lim\u00f3n de Arizona requiere que todos los veh\u00edculos defectuosos que no puedan repararse sean reemplazados.<\/p>\n<p>Para ayudarlo con tal caso, comun\u00edquese con Lemon Larry y deje de luchar con un autom\u00f3vil, cami\u00f3n o camioneta que no le est\u00e1 funcionando.<\/p>\n","protected":false},"excerpt":{"rendered":"<p>Lemon Larry es una agencia de referencia que brinda a los consumidores informaci\u00f3n sobre las leyes de lim\u00f3n de Arizona. Si tiene un autom\u00f3vil o cami\u00f3n con defectos que persisten y no se pueden reparar en un tiempo razonable, de acuerdo con la ley lim\u00f3n de Arizona, Lemon Larry puede ayudarlo a encontrar un abogado&hellip; <a href=\"https:\/\/lemonlarry.com\/es\/abogado-de-arizona-lemon-law\/\" class=\"btn btn-primary position-absolute more-link\">Sigue leyendo<\/a><\/p>\n","protected":false},"author":1,"featured_media":0,"parent":0,"menu_order":0,"comment_status":"closed","ping_status":"closed","template":"","meta":{"_acf_changed":false,"footnotes":""},"class_list":["post-1267","page","type-page","status-publish"],"acf":[],"yoast_head":"<!-- This site is optimized with the Yoast SEO plugin v27.4 - https:\/\/yoast.com\/product\/yoast-seo-wordpress\/ -->\n<title>Abogado de la ley del lim\u00f3n en Arizona | Encuentre un abogado con experiencia en reclamos de la ley del lim\u00f3n<\/title>\n<meta name=\"description\" content=\"Lemon Larry es un defensor del consumidor, no un abogado. Ayudan a los consumidores a determinar si tienen un reclamo de la ley lim\u00f3n de Arizona y les ayudan a encontrar un abogado con experiencia. P\u00f3ngase en contacto con Lemon Larry hoy.\" \/>\n<meta name=\"robots\" content=\"index, follow, max-snippet:-1, max-image-preview:large, max-video-preview:-1\" \/>\n<link rel=\"canonical\" href=\"https:\/\/lemonlarry.com\/es\/abogado-de-arizona-lemon-law\/\" \/>\n<meta property=\"og:locale\" content=\"es_ES\" \/>\n<meta property=\"og:type\" content=\"article\" \/>\n<meta property=\"og:title\" content=\"Abogado de la ley del lim\u00f3n en Arizona | Encuentre un abogado con experiencia en reclamos de la ley del lim\u00f3n\" \/>\n<meta property=\"og:description\" content=\"Lemon Larry es un defensor del consumidor, no un abogado. Ayudan a los consumidores a determinar si tienen un reclamo de la ley lim\u00f3n de Arizona y les ayudan a encontrar un abogado con experiencia. P\u00f3ngase en contacto con Lemon Larry hoy.\" \/>\n<meta property=\"og:url\" content=\"https:\/\/lemonlarry.com\/es\/abogado-de-arizona-lemon-law\/\" \/>\n<meta property=\"og:site_name\" content=\"Lemon Larry - Lemon Law Experts\" \/>\n<meta property=\"article:modified_time\" content=\"2021-07-30T13:47:54+00:00\" \/>\n<meta name=\"twitter:card\" content=\"summary_large_image\" \/>\n<meta name=\"twitter:label1\" content=\"Tiempo de lectura\" \/>\n\t<meta name=\"twitter:data1\" content=\"4 minutos\" \/>\n<!-- \/ Yoast SEO plugin. -->","yoast_head_json":{"title":"Abogado de la ley del lim\u00f3n en Arizona | Encuentre un abogado con experiencia en reclamos de la ley del lim\u00f3n","description":"Lemon Larry es un defensor del consumidor, no un abogado. Ayudan a los consumidores a determinar si tienen un reclamo de la ley lim\u00f3n de Arizona y les ayudan a encontrar un abogado con experiencia. P\u00f3ngase en contacto con Lemon Larry hoy.","robots":{"index":"index","follow":"follow","max-snippet":"max-snippet:-1","max-image-preview":"max-image-preview:large","max-video-preview":"max-video-preview:-1"},"canonical":"https:\/\/lemonlarry.com\/es\/abogado-de-arizona-lemon-law\/","og_locale":"es_ES","og_type":"article","og_title":"Abogado de la ley del lim\u00f3n en Arizona | Encuentre un abogado con experiencia en reclamos de la ley del lim\u00f3n","og_description":"Lemon Larry es un defensor del consumidor, no un abogado. Ayudan a los consumidores a determinar si tienen un reclamo de la ley lim\u00f3n de Arizona y les ayudan a encontrar un abogado con experiencia. P\u00f3ngase en contacto con Lemon Larry hoy.","og_url":"https:\/\/lemonlarry.com\/es\/abogado-de-arizona-lemon-law\/","og_site_name":"Lemon Larry - Lemon Law Experts","article_modified_time":"2021-07-30T13:47:54+00:00","twitter_card":"summary_large_image","twitter_misc":{"Tiempo de lectura":"4 minutos"},"schema":{"@context":"https:\/\/schema.org","@graph":[{"@type":"WebPage","@id":"https:\/\/lemonlarry.com\/es\/abogado-de-arizona-lemon-law\/","url":"https:\/\/lemonlarry.com\/es\/abogado-de-arizona-lemon-law\/","name":"Abogado de la ley del lim\u00f3n en Arizona | Encuentre un abogado con experiencia en reclamos de la ley del lim\u00f3n","isPartOf":{"@id":"https:\/\/lemonlarry.com\/es\/#website"},"datePublished":"2021-07-14T21:32:12+00:00","dateModified":"2021-07-30T13:47:54+00:00","description":"Lemon Larry es un defensor del consumidor, no un abogado. Ayudan a los consumidores a determinar si tienen un reclamo de la ley lim\u00f3n de Arizona y les ayudan a encontrar un abogado con experiencia. P\u00f3ngase en contacto con Lemon Larry hoy.","breadcrumb":{"@id":"https:\/\/lemonlarry.com\/es\/abogado-de-arizona-lemon-law\/#breadcrumb"},"inLanguage":"es","potentialAction":[{"@type":"ReadAction","target":["https:\/\/lemonlarry.com\/es\/abogado-de-arizona-lemon-law\/"]}]},{"@type":"BreadcrumbList","@id":"https:\/\/lemonlarry.com\/es\/abogado-de-arizona-lemon-law\/#breadcrumb","itemListElement":[{"@type":"ListItem","position":1,"name":"Home","item":"https:\/\/lemonlarry.com\/es\/"},{"@type":"ListItem","position":2,"name":"Abogado de la ley del lim\u00f3n en Arizona"}]},{"@type":"WebSite","@id":"https:\/\/lemonlarry.com\/es\/#website","url":"https:\/\/lemonlarry.com\/es\/","name":"Lemon Larry - Lemon Law Experts","description":"","potentialAction":[{"@type":"SearchAction","target":{"@type":"EntryPoint","urlTemplate":"https:\/\/lemonlarry.com\/es\/?s={search_term_string}"},"query-input":{"@type":"PropertyValueSpecification","valueRequired":true,"valueName":"search_term_string"}}],"inLanguage":"es"}]}},"_links":{"self":[{"href":"https:\/\/lemonlarry.com\/es\/wp-json\/wp\/v2\/pages\/1267","targetHints":{"allow":["GET"]}}],"collection":[{"href":"https:\/\/lemonlarry.com\/es\/wp-json\/wp\/v2\/pages"}],"about":[{"href":"https:\/\/lemonlarry.com\/es\/wp-json\/wp\/v2\/types\/page"}],"author":[{"embeddable":true,"href":"https:\/\/lemonlarry.com\/es\/wp-json\/wp\/v2\/users\/1"}],"replies":[{"embeddable":true,"href":"https:\/\/lemonlarry.com\/es\/wp-json\/wp\/v2\/comments?post=1267"}],"version-history":[{"count":4,"href":"https:\/\/lemonlarry.com\/es\/wp-json\/wp\/v2\/pages\/1267\/revisions"}],"predecessor-version":[{"id":1494,"href":"https:\/\/lemonlarry.com\/es\/wp-json\/wp\/v2\/pages\/1267\/revisions\/1494"}],"wp:attachment":[{"href":"https:\/\/lemonlarry.com\/es\/wp-json\/wp\/v2\/media?parent=1267"}],"curies":[{"name":"wp","href":"https:\/\/api.w.org\/{rel}","templated":true}]}}