{"id":1270,"date":"2021-07-14T21:57:29","date_gmt":"2021-07-14T21:57:29","guid":{"rendered":"https:\/\/lemonlarry.com\/?page_id=1270"},"modified":"2021-08-12T13:16:28","modified_gmt":"2021-08-12T13:16:28","slug":"abogado-de-la-ley-del-limon-de-california","status":"publish","type":"page","link":"https:\/\/lemonlarry.com\/es\/abogado-de-la-ley-del-limon-de-california\/","title":{"rendered":"Abogado de la ley del lim\u00f3n en California"},"content":{"rendered":"<p>Nada es m\u00e1s irritante que pagar un precio enorme por un veh\u00edculo m\u00e1s nuevo en California solo para descubrir que no puede depender de \u00e9l. Si su autom\u00f3vil, camioneta o SUV de \u00faltimo modelo tiene repetidamente problemas que el distribuidor no puede resolver, puede ser un verdadero dolor de cabeza.<\/p>\n<p>Pero tiene un curso de acci\u00f3n. California tiene leyes de protecci\u00f3n al consumidor que com\u00fanmente se llaman leyes lim\u00f3n. Estas leyes est\u00e1n dise\u00f1adas para proporcionar a los consumidores un medio de recurso cuando compran productos defectuoso o con fallas, y esto incluye la mayor\u00eda de los tipos de veh\u00edculos.<\/p>\n<p>\u00bfQu\u00e9 pasar\u00eda si pudiera obtener un reembolso o un reemplazo de autom\u00f3vil nuevo y no pagar los honorarios del abogado? Lemon Larry puede ayudarlo a encontrar un abogado especializado en leyes lim\u00f3n en California para manejar su reclamo, \u00a1Y podr\u00eda no costarle nada!<\/p>\n<p>Texto del bot\u00f3n: <a class=\"case-review-link\" href=\"https:\/\/www.videoask.com\/fkuipc1n0\" target=\"_blank\" rel=\"noopener noreferrer\">vea si tiene un lim\u00f3n<\/a> (responda estas 7 preguntas sobre su veh\u00edculo defectuoso)<\/p>\n<ul>\n<li>\u00a1Obtenga ayuda GRATUITA de un abogado de la ley del lim\u00f3n de California!<\/li>\n<li>\u00a1Descubra si califica!\u00a1Solo toma unos segundos!<\/li>\n<li>\u00a1Obtenga un reembolso o un veh\u00edculo de reemplazo!<\/li>\n<\/ul>\n<h2>\u00bfQu\u00e9 son las leyes del lim\u00f3n?<\/h2>\n<p>La Ley del Lim\u00f3n de California (C\u00f3digo Civil \u00a7 1793.22) es para la protecci\u00f3n de los consumidores que descubren que su veh\u00edculo est\u00e1 defectuoso y no se puede reparar despu\u00e9s de un n\u00famero \u00abrazonable\u00bb de intentos. Existen ciertas pautas dentro de la ley para<br \/>\ndeterminar cu\u00e1ndo se ha realizado un n\u00famero \u00abrazonable\u00bb de intentos de reparaci\u00f3n. Si califica, el fabricante del veh\u00edculo debe reemplazarlo o recomprarlo, y la elecci\u00f3n de la opci\u00f3n depende de usted.<\/p>\n<p>La ley del lim\u00f3n cubre casi todos los veh\u00edculos comprados o arrendados en California, incluidos <a href=\"https:\/\/lemonlarry.com\/es\/abogado-de-la-ley-del-limon-de-california\/abogado-de-ley-limon-de-los-angeles\/\">Los \u00c1ngeles<\/a>, <a href=\"https:\/\/lemonlarry.com\/es\/abogado-de-la-ley-del-limon-de-california\/abogado-de-ley-limon-de-san-diego\/\">San Diego<\/a>, <a href=\"https:\/\/lemonlarry.com\/es\/abogado-de-la-ley-del-limon-de-california\/san-francisco-lemon-law-abogado\/\">San Francisco<\/a> y las \u00e1reas circundantes, que todav\u00eda est\u00e1n cubiertos por la garant\u00eda del fabricante. Tambi\u00e9n se aplica a ciertos veh\u00edculos usados \u200b\u200bque son todav\u00eda cubiertos por la garant\u00eda de un autom\u00f3vil nuevo del fabricante. Cualquier tiempo restante bajo la garant\u00eda del autom\u00f3vil nuevo a\u00fan protege al propietario, aunque el veh\u00edculo est\u00e9 en uso.<\/p>\n<h3>Encuentre un abogado con experiencia en reclamos de la ley del lim\u00f3n<\/h3>\n<p>Si compr\u00f3 un veh\u00edculo en California que parece tener siempre problemas que el concesionario no puede resolver, un abogado de la ley lim\u00f3n de California puede ayudarlo a resolver el problema. Estos abogados tienen experiencia con las leyes de lim\u00f3n de California y saben c\u00f3mo presentar un reclamo para obtener un reembolso o un veh\u00edculo de reemplazo. Las leyes de lim\u00f3n pueden complicarse, dependiendo de la frecuencia con la que el veh\u00edculo haya encontrado el mismo problema, si persiste una serie de problemas o si existen otras variables.<\/p>\n<p>Lemon Larry es un servicio que lo conecta con un abogado con experiencia en la ley del lim\u00f3n de California que puede ayudarlo durante todo el proceso. Si gana su caso de conformidad con las leyes de lim\u00f3n de California, el fabricante del veh\u00edculo debe cubrir sus tarifas &#8211; \u00a1Presentar una reclamaci\u00f3n no le costar\u00e1 nada! \u00bfQu\u00e9 podr\u00eda ser mejor que dejar atr\u00e1s los problemas del autom\u00f3vil para siempre, y todo GRATIS?<\/p>\n<h4>\u00bfQu\u00e9 pasa si creo que tengo un lim\u00f3n?<\/h4>\n<p>Si cree que tiene un lim\u00f3n, complete nuestra evaluaci\u00f3n en l\u00ednea de 7 preguntas. Si califica, Lemon Larry lo conectar\u00e1 con un abogado calificado y con experiencia en la ley del lim\u00f3n de California que puede guiarlo a trav\u00e9s de los siguientes pasos del proceso de reclamos. \u00bfNo est\u00e1 seguro si califica? Responde estas preguntas:<\/p>\n<ul>\n<li>\u00bfTiene un veh\u00edculo de \u00faltimo modelo que todav\u00eda est\u00e1 en garant\u00eda pero tiene problemas recurrentes?<\/li>\n<li>\u00bfHa devuelto el veh\u00edculo al concesionario m\u00e1s de 3 veces por el mismo problema?<\/li>\n<li>\u00bfSigue teniendo los mismos problemas con tu veh\u00edculo?<\/li>\n<li>\u00bfEl concesionario no ha podido resolver el problema de su veh\u00edculo?<\/li>\n<\/ul>\n<p>Si respondi\u00f3 \u201cs\u00ed\u201d a estas preguntas, es probable que tenga un reclamo leg\u00edtimo de la ley lim\u00f3n en California. Complete nuestra breve evaluaci\u00f3n en solo segundos. Deje que Lemon Larry lo conecte con un abogado con experiencia en la ley del lim\u00f3n en California que puede ayudarlo presentar una reclamaci\u00f3n de reembolso o reemplazo.<\/p>\n","protected":false},"excerpt":{"rendered":"<p>Nada es m\u00e1s irritante que pagar un precio enorme por un veh\u00edculo m\u00e1s nuevo en California solo para descubrir que no puede depender de \u00e9l. Si su autom\u00f3vil, camioneta o SUV de \u00faltimo modelo tiene repetidamente problemas que el distribuidor no puede resolver, puede ser un verdadero dolor de cabeza. Pero tiene un curso de&hellip; <a href=\"https:\/\/lemonlarry.com\/es\/abogado-de-la-ley-del-limon-de-california\/\" class=\"btn btn-primary position-absolute more-link\">Sigue leyendo<\/a><\/p>\n","protected":false},"author":1,"featured_media":0,"parent":0,"menu_order":0,"comment_status":"closed","ping_status":"closed","template":"","meta":{"_acf_changed":false,"footnotes":""},"class_list":["post-1270","page","type-page","status-publish"],"acf":[],"yoast_head":"<!-- This site is optimized with the Yoast SEO plugin v27.4 - https:\/\/yoast.com\/product\/yoast-seo-wordpress\/ -->\n<title>Abogado de la ley del lim\u00f3n en California | Encuentre un abogado con experiencia en reclamos de la ley del lim\u00f3n<\/title>\n<meta name=\"description\" content=\"Lemon Larry puede ponerlo en contacto con un abogado con experiencia en reclamos de la ley del lim\u00f3n de California que puede ayudarlo a presentar un reclamo de reembolso o reemplazo. \u00a1Complete nuestra evaluaci\u00f3n de 7 preguntas en solo segundos para ver si califica!\" \/>\n<meta name=\"robots\" content=\"index, follow, max-snippet:-1, max-image-preview:large, max-video-preview:-1\" \/>\n<link rel=\"canonical\" href=\"https:\/\/lemonlarry.com\/es\/abogado-de-la-ley-del-limon-de-california\/\" \/>\n<meta property=\"og:locale\" content=\"es_ES\" \/>\n<meta property=\"og:type\" content=\"article\" \/>\n<meta property=\"og:title\" content=\"Abogado de la ley del lim\u00f3n en California | Encuentre un abogado con experiencia en reclamos de la ley del lim\u00f3n\" \/>\n<meta property=\"og:description\" content=\"Lemon Larry puede ponerlo en contacto con un abogado con experiencia en reclamos de la ley del lim\u00f3n de California que puede ayudarlo a presentar un reclamo de reembolso o reemplazo. \u00a1Complete nuestra evaluaci\u00f3n de 7 preguntas en solo segundos para ver si califica!\" \/>\n<meta property=\"og:url\" content=\"https:\/\/lemonlarry.com\/es\/abogado-de-la-ley-del-limon-de-california\/\" \/>\n<meta property=\"og:site_name\" content=\"Lemon Larry - Lemon Law Experts\" \/>\n<meta property=\"article:modified_time\" content=\"2021-08-12T13:16:28+00:00\" \/>\n<meta name=\"twitter:card\" content=\"summary_large_image\" \/>\n<meta name=\"twitter:label1\" content=\"Tiempo de lectura\" \/>\n\t<meta name=\"twitter:data1\" content=\"3 minutos\" \/>\n<!-- \/ Yoast SEO plugin. -->","yoast_head_json":{"title":"Abogado de la ley del lim\u00f3n en California | Encuentre un abogado con experiencia en reclamos de la ley del lim\u00f3n","description":"Lemon Larry puede ponerlo en contacto con un abogado con experiencia en reclamos de la ley del lim\u00f3n de California que puede ayudarlo a presentar un reclamo de reembolso o reemplazo. \u00a1Complete nuestra evaluaci\u00f3n de 7 preguntas en solo segundos para ver si califica!","robots":{"index":"index","follow":"follow","max-snippet":"max-snippet:-1","max-image-preview":"max-image-preview:large","max-video-preview":"max-video-preview:-1"},"canonical":"https:\/\/lemonlarry.com\/es\/abogado-de-la-ley-del-limon-de-california\/","og_locale":"es_ES","og_type":"article","og_title":"Abogado de la ley del lim\u00f3n en California | Encuentre un abogado con experiencia en reclamos de la ley del lim\u00f3n","og_description":"Lemon Larry puede ponerlo en contacto con un abogado con experiencia en reclamos de la ley del lim\u00f3n de California que puede ayudarlo a presentar un reclamo de reembolso o reemplazo. \u00a1Complete nuestra evaluaci\u00f3n de 7 preguntas en solo segundos para ver si califica!","og_url":"https:\/\/lemonlarry.com\/es\/abogado-de-la-ley-del-limon-de-california\/","og_site_name":"Lemon Larry - Lemon Law Experts","article_modified_time":"2021-08-12T13:16:28+00:00","twitter_card":"summary_large_image","twitter_misc":{"Tiempo de lectura":"3 minutos"},"schema":{"@context":"https:\/\/schema.org","@graph":[{"@type":"WebPage","@id":"https:\/\/lemonlarry.com\/es\/abogado-de-la-ley-del-limon-de-california\/","url":"https:\/\/lemonlarry.com\/es\/abogado-de-la-ley-del-limon-de-california\/","name":"Abogado de la ley del lim\u00f3n en California | Encuentre un abogado con experiencia en reclamos de la ley del lim\u00f3n","isPartOf":{"@id":"https:\/\/lemonlarry.com\/es\/#website"},"datePublished":"2021-07-14T21:57:29+00:00","dateModified":"2021-08-12T13:16:28+00:00","description":"Lemon Larry puede ponerlo en contacto con un abogado con experiencia en reclamos de la ley del lim\u00f3n de California que puede ayudarlo a presentar un reclamo de reembolso o reemplazo. \u00a1Complete nuestra evaluaci\u00f3n de 7 preguntas en solo segundos para ver si califica!","breadcrumb":{"@id":"https:\/\/lemonlarry.com\/es\/abogado-de-la-ley-del-limon-de-california\/#breadcrumb"},"inLanguage":"es","potentialAction":[{"@type":"ReadAction","target":["https:\/\/lemonlarry.com\/es\/abogado-de-la-ley-del-limon-de-california\/"]}]},{"@type":"BreadcrumbList","@id":"https:\/\/lemonlarry.com\/es\/abogado-de-la-ley-del-limon-de-california\/#breadcrumb","itemListElement":[{"@type":"ListItem","position":1,"name":"Home","item":"https:\/\/lemonlarry.com\/es\/"},{"@type":"ListItem","position":2,"name":"Abogado de la ley del lim\u00f3n en California"}]},{"@type":"WebSite","@id":"https:\/\/lemonlarry.com\/es\/#website","url":"https:\/\/lemonlarry.com\/es\/","name":"Lemon Larry - Lemon Law Experts","description":"","potentialAction":[{"@type":"SearchAction","target":{"@type":"EntryPoint","urlTemplate":"https:\/\/lemonlarry.com\/es\/?s={search_term_string}"},"query-input":{"@type":"PropertyValueSpecification","valueRequired":true,"valueName":"search_term_string"}}],"inLanguage":"es"}]}},"_links":{"self":[{"href":"https:\/\/lemonlarry.com\/es\/wp-json\/wp\/v2\/pages\/1270","targetHints":{"allow":["GET"]}}],"collection":[{"href":"https:\/\/lemonlarry.com\/es\/wp-json\/wp\/v2\/pages"}],"about":[{"href":"https:\/\/lemonlarry.com\/es\/wp-json\/wp\/v2\/types\/page"}],"author":[{"embeddable":true,"href":"https:\/\/lemonlarry.com\/es\/wp-json\/wp\/v2\/users\/1"}],"replies":[{"embeddable":true,"href":"https:\/\/lemonlarry.com\/es\/wp-json\/wp\/v2\/comments?post=1270"}],"version-history":[{"count":5,"href":"https:\/\/lemonlarry.com\/es\/wp-json\/wp\/v2\/pages\/1270\/revisions"}],"predecessor-version":[{"id":1548,"href":"https:\/\/lemonlarry.com\/es\/wp-json\/wp\/v2\/pages\/1270\/revisions\/1548"}],"wp:attachment":[{"href":"https:\/\/lemonlarry.com\/es\/wp-json\/wp\/v2\/media?parent=1270"}],"curies":[{"name":"wp","href":"https:\/\/api.w.org\/{rel}","templated":true}]}}