{"id":1272,"date":"2021-07-14T22:30:38","date_gmt":"2021-07-14T22:30:38","guid":{"rendered":"https:\/\/lemonlarry.com\/?page_id=1272"},"modified":"2021-08-12T13:17:49","modified_gmt":"2021-08-12T13:17:49","slug":"abogado-de-texas-lemon-law","status":"publish","type":"page","link":"https:\/\/lemonlarry.com\/es\/abogado-de-ley-limon-de-texas\/","title":{"rendered":"Abogado de la ley del lim\u00f3n en Texas"},"content":{"rendered":"<p>A los residentes de Texas les gustan las cosas grandes en el estado de Lone Star, a menos que tengan grandes problemas con un veh\u00edculo nuevo. Si compr\u00f3 un autom\u00f3vil, camioneta, motocicleta o SUV nuevo en Texas que tiene problemas persistentes que el concesionario parece no poder o no quiere reparar, podr\u00eda tener un lim\u00f3n en sus manos. Hay ayuda disponible: Lemon Larry puede conectarlo con un abogado de la ley del lim\u00f3n de Texas que puede ayudarlo.<\/p>\n<p>Texto del bot\u00f3n: <a class=\"case-review-link\" href=\"https:\/\/www.videoask.com\/fkuipc1n0\" target=\"_blank\" rel=\"noopener noreferrer\">vea si tiene un lim\u00f3n<\/a> (responda estas 7 preguntas sobre su veh\u00edculo defectuoso)<\/p>\n<ul>\n<li>\u00a1Obtenga una gran ayuda GRATIS de un abogado de la ley lim\u00f3n de Texas!<\/li>\n<li>\u00a1Solo se necesitan unos segundos para ver si califica!<\/li>\n<li>\u00a1Puede obtener un reembolso o un veh\u00edculo de reemplazo del fabricante!<\/li>\n<\/ul>\n<h2>Las leyes del lim\u00f3n de Texas y usted<\/h2>\n<p>Para que su veh\u00edculo califique como lim\u00f3n seg\u00fan las leyes de protecci\u00f3n al consumidor de Texas, el veh\u00edculo debe cumplir con estas <a href=\"https:\/\/www.txdmv.gov\/motorists\/consumer-protection\/lemon-law\" target=\"_blank\" rel=\"noreferrer noopener\">condiciones<\/a>:<\/p>\n<ul>\n<li>Debe tener un defecto de fabricaci\u00f3n sustancial.<\/li>\n<li>El defecto debe estar cubierto por la garant\u00eda del fabricante.<\/li>\n<li>El defecto debe ser informado al fabricante durante el per\u00edodo de garant\u00eda.<\/li>\n<li>El distribuidor debe contar con un n\u00famero razonable de oportunidades para corregir el defecto.<\/li>\n<li>El defecto debe persistir y deteriorar sustancialmente el valor del veh\u00edculo, usarlo o crear un peligro grave para la seguridad.<\/li>\n<\/ul>\n<p>A veces, estos casos pueden encontrar un problema con la cl\u00e1usula de la ley de \u00abn\u00famero razonable de oportunidades\u00bb. Texas ha resuelto ese problema con pautas espec\u00edficas para determinar un \u00abn\u00famero razonable\u00bb de intentos de reparaci\u00f3n.<\/p>\n<ol>\n<li><strong>La prueba de cuatro veces:<\/strong> el veh\u00edculo ha estado en el concesionario por el mismo defecto cuatro veces dentro de los primeros 24 meses o 24,000 millas sin una resoluci\u00f3n exitosa.<\/li>\n<li><strong>La prueba de peligro grave para la seguridad:<\/strong> el veh\u00edculo ha sido enviado al concesionario para la reparaci\u00f3n de un peligro grave para la seguridad dos veces durante los primeros 24 meses o 24,000 millas sin una reparaci\u00f3n exitosa.<\/li>\n<li><strong>Prueba de treinta d\u00edas:<\/strong> el veh\u00edculo ha estado fuera de servicio durante al menos 30 d\u00edas debido a un defecto no reparado que est\u00e1 cubierto por la garant\u00eda del fabricante original.<\/li>\n<\/ol>\n<p>Estas pautas son de naturaleza general y pueden tener otros factores que afectan la forma en que se aplican en su caso. Un abogado de la ley del lim\u00f3n de Texas puede explicarle m\u00e1s y ayudarlo a construir un reclamo s\u00f3lido contra el fabricante.<\/p>\n<h3>Encuentre un abogado con experiencia en reclamos de la ley del lim\u00f3n<\/h3>\n<p>Adem\u00e1s de ayudarlo a presentar un reclamo para resolver su problema de veh\u00edculos seg\u00fan la ley del lim\u00f3n, su abogado de reclamos de la ley del lim\u00f3n de Texas no le cobra una tarifa por los servicios. Seg\u00fan la ley de Texas, el fabricante debe cubrir todos los honorarios legales si gana su reclamo. Podr\u00eda recibir un fallo que proporcione:<\/p>\n<ul>\n<li>Reparaciones adecuadas<\/li>\n<li>Reembolso<\/li>\n<li>Un veh\u00edculo de reemplazo<\/li>\n<\/ul>\n<p>\u00a1Todo GRATIS! Complete nuestra evaluaci\u00f3n de 7 preguntas y vea si califica. Si es as\u00ed, Lemon Larry lo conectar\u00e1 de inmediato con un abogado calificado y con experiencia en la ley del lim\u00f3n de Texas en <a href=\"https:\/\/lemonlarry.com\/es\/abogado-de-ley-limon-de-texas\/abogado-de-ley-limon-de-dallas\/\">Dallas<\/a>, <a href=\"https:\/\/lemonlarry.com\/es\/abogado-de-ley-limon-de-texas\/abogado-de-ley-limon-de-houston\/\">Houston<\/a> y las \u00e1reas circundantes que puede guiarlo a trav\u00e9s de todo el proceso de reclamos.<\/p>\n<h4>\u00bfC\u00f3mo presento un reclamo de la Ley del Lim\u00f3n de Texas por mi veh\u00edculo defectuoso?<\/h4>\n<p>Primero, debe recopilar pruebas para demostrar que su veh\u00edculo cumple con los requisitos de la ley lim\u00f3n en Texas. La mejor manera de hacerlo es mantener todos los registros de servicio relacionados con el problema del distribuidor. Cada vez que lleva el veh\u00edculo al concesionario para que le d\u00e9 servicio sobre el problema recurrente, ellos hacen un registro de todas las acciones y servicios que realizan. Por lo general, se le entrega una copia de este registro. Tambi\u00e9n puede pedirle al concesionario una copia impresa completa del registro de servicio completo que se ocupa del problema o los problemas de su veh\u00edculo.<\/p>\n<p>Luego, complete la evaluaci\u00f3n en l\u00ednea de 7 preguntas de Lemon Larry para ver si su caso califica para recibir asistencia. Si es as\u00ed, se le comunicar\u00e1 con un abogado respetado en la ley del lim\u00f3n de Texas cerca de usted que puede guiarlo a trav\u00e9s del proceso de reclamos. \u00bfQue estas esperando? \u00a1Empiece ahora con la evaluaci\u00f3n!<\/p>\n","protected":false},"excerpt":{"rendered":"<p>A los residentes de Texas les gustan las cosas grandes en el estado de Lone Star, a menos que tengan grandes problemas con un veh\u00edculo nuevo. Si compr\u00f3 un autom\u00f3vil, camioneta, motocicleta o SUV nuevo en Texas que tiene problemas persistentes que el concesionario parece no poder o no quiere reparar, podr\u00eda tener un lim\u00f3n&hellip; <a href=\"https:\/\/lemonlarry.com\/es\/abogado-de-ley-limon-de-texas\/\" class=\"btn btn-primary position-absolute more-link\">Sigue leyendo<\/a><\/p>\n","protected":false},"author":1,"featured_media":0,"parent":0,"menu_order":0,"comment_status":"closed","ping_status":"closed","template":"","meta":{"_acf_changed":false,"footnotes":""},"class_list":["post-1272","page","type-page","status-publish"],"acf":[],"yoast_head":"<!-- This site is optimized with the Yoast SEO plugin v27.4 - https:\/\/yoast.com\/product\/yoast-seo-wordpress\/ -->\n<title>Abogado de la ley del lim\u00f3n en Texas | Encuentre un abogado con experiencia en reclamos de la ley del lim\u00f3n<\/title>\n<meta name=\"description\" content=\"Lemon Larry es su fuente para encontrar un abogado con experiencia en la ley del lim\u00f3n de Texas en su \u00e1rea cuando su veh\u00edculo resulta ser un lim\u00f3n y necesita ayuda. \u00a1Responda nuestra evaluaci\u00f3n de 7 preguntas en solo segundos para ver si califica!\" \/>\n<meta name=\"robots\" content=\"index, follow, max-snippet:-1, max-image-preview:large, max-video-preview:-1\" \/>\n<link rel=\"canonical\" href=\"https:\/\/lemonlarry.com\/es\/abogado-de-ley-limon-de-texas\/\" \/>\n<meta property=\"og:locale\" content=\"es_ES\" \/>\n<meta property=\"og:type\" content=\"article\" \/>\n<meta property=\"og:title\" content=\"Abogado de la ley del lim\u00f3n en Texas | Encuentre un abogado con experiencia en reclamos de la ley del lim\u00f3n\" \/>\n<meta property=\"og:description\" content=\"Lemon Larry es su fuente para encontrar un abogado con experiencia en la ley del lim\u00f3n de Texas en su \u00e1rea cuando su veh\u00edculo resulta ser un lim\u00f3n y necesita ayuda. \u00a1Responda nuestra evaluaci\u00f3n de 7 preguntas en solo segundos para ver si califica!\" \/>\n<meta property=\"og:url\" content=\"https:\/\/lemonlarry.com\/es\/abogado-de-ley-limon-de-texas\/\" \/>\n<meta property=\"og:site_name\" content=\"Lemon Larry - Lemon Law Experts\" \/>\n<meta property=\"article:modified_time\" content=\"2021-08-12T13:17:49+00:00\" \/>\n<meta name=\"twitter:card\" content=\"summary_large_image\" \/>\n<meta name=\"twitter:label1\" content=\"Tiempo de lectura\" \/>\n\t<meta name=\"twitter:data1\" content=\"4 minutos\" \/>\n<!-- \/ Yoast SEO plugin. -->","yoast_head_json":{"title":"Abogado de la ley del lim\u00f3n en Texas | Encuentre un abogado con experiencia en reclamos de la ley del lim\u00f3n","description":"Lemon Larry es su fuente para encontrar un abogado con experiencia en la ley del lim\u00f3n de Texas en su \u00e1rea cuando su veh\u00edculo resulta ser un lim\u00f3n y necesita ayuda. \u00a1Responda nuestra evaluaci\u00f3n de 7 preguntas en solo segundos para ver si califica!","robots":{"index":"index","follow":"follow","max-snippet":"max-snippet:-1","max-image-preview":"max-image-preview:large","max-video-preview":"max-video-preview:-1"},"canonical":"https:\/\/lemonlarry.com\/es\/abogado-de-ley-limon-de-texas\/","og_locale":"es_ES","og_type":"article","og_title":"Abogado de la ley del lim\u00f3n en Texas | Encuentre un abogado con experiencia en reclamos de la ley del lim\u00f3n","og_description":"Lemon Larry es su fuente para encontrar un abogado con experiencia en la ley del lim\u00f3n de Texas en su \u00e1rea cuando su veh\u00edculo resulta ser un lim\u00f3n y necesita ayuda. \u00a1Responda nuestra evaluaci\u00f3n de 7 preguntas en solo segundos para ver si califica!","og_url":"https:\/\/lemonlarry.com\/es\/abogado-de-ley-limon-de-texas\/","og_site_name":"Lemon Larry - Lemon Law Experts","article_modified_time":"2021-08-12T13:17:49+00:00","twitter_card":"summary_large_image","twitter_misc":{"Tiempo de lectura":"4 minutos"},"schema":{"@context":"https:\/\/schema.org","@graph":[{"@type":"WebPage","@id":"https:\/\/lemonlarry.com\/es\/abogado-de-ley-limon-de-texas\/","url":"https:\/\/lemonlarry.com\/es\/abogado-de-ley-limon-de-texas\/","name":"Abogado de la ley del lim\u00f3n en Texas | Encuentre un abogado con experiencia en reclamos de la ley del lim\u00f3n","isPartOf":{"@id":"https:\/\/lemonlarry.com\/es\/#website"},"datePublished":"2021-07-14T22:30:38+00:00","dateModified":"2021-08-12T13:17:49+00:00","description":"Lemon Larry es su fuente para encontrar un abogado con experiencia en la ley del lim\u00f3n de Texas en su \u00e1rea cuando su veh\u00edculo resulta ser un lim\u00f3n y necesita ayuda. \u00a1Responda nuestra evaluaci\u00f3n de 7 preguntas en solo segundos para ver si califica!","breadcrumb":{"@id":"https:\/\/lemonlarry.com\/es\/abogado-de-ley-limon-de-texas\/#breadcrumb"},"inLanguage":"es","potentialAction":[{"@type":"ReadAction","target":["https:\/\/lemonlarry.com\/es\/abogado-de-ley-limon-de-texas\/"]}]},{"@type":"BreadcrumbList","@id":"https:\/\/lemonlarry.com\/es\/abogado-de-ley-limon-de-texas\/#breadcrumb","itemListElement":[{"@type":"ListItem","position":1,"name":"Home","item":"https:\/\/lemonlarry.com\/es\/"},{"@type":"ListItem","position":2,"name":"Abogado de la ley del lim\u00f3n en Texas"}]},{"@type":"WebSite","@id":"https:\/\/lemonlarry.com\/es\/#website","url":"https:\/\/lemonlarry.com\/es\/","name":"Lemon Larry - Lemon Law Experts","description":"","potentialAction":[{"@type":"SearchAction","target":{"@type":"EntryPoint","urlTemplate":"https:\/\/lemonlarry.com\/es\/?s={search_term_string}"},"query-input":{"@type":"PropertyValueSpecification","valueRequired":true,"valueName":"search_term_string"}}],"inLanguage":"es"}]}},"_links":{"self":[{"href":"https:\/\/lemonlarry.com\/es\/wp-json\/wp\/v2\/pages\/1272","targetHints":{"allow":["GET"]}}],"collection":[{"href":"https:\/\/lemonlarry.com\/es\/wp-json\/wp\/v2\/pages"}],"about":[{"href":"https:\/\/lemonlarry.com\/es\/wp-json\/wp\/v2\/types\/page"}],"author":[{"embeddable":true,"href":"https:\/\/lemonlarry.com\/es\/wp-json\/wp\/v2\/users\/1"}],"replies":[{"embeddable":true,"href":"https:\/\/lemonlarry.com\/es\/wp-json\/wp\/v2\/comments?post=1272"}],"version-history":[{"count":7,"href":"https:\/\/lemonlarry.com\/es\/wp-json\/wp\/v2\/pages\/1272\/revisions"}],"predecessor-version":[{"id":1553,"href":"https:\/\/lemonlarry.com\/es\/wp-json\/wp\/v2\/pages\/1272\/revisions\/1553"}],"wp:attachment":[{"href":"https:\/\/lemonlarry.com\/es\/wp-json\/wp\/v2\/media?parent=1272"}],"curies":[{"name":"wp","href":"https:\/\/api.w.org\/{rel}","templated":true}]}}