{"id":1275,"date":"2021-07-14T22:40:17","date_gmt":"2021-07-14T22:40:17","guid":{"rendered":"https:\/\/lemonlarry.com\/?page_id=1275"},"modified":"2021-08-12T13:17:24","modified_gmt":"2021-08-12T13:17:24","slug":"abogado-ley-limon-florida","status":"publish","type":"page","link":"https:\/\/lemonlarry.com\/es\/abogado-ley-limon-florida\/","title":{"rendered":"Abogado de la ley del lim\u00f3n en Florida"},"content":{"rendered":"<p>Nada se siente como la libertad de conducir por una autopista de Florida con el viento en el pelo, y nada se siente tan frustrante como tener un veh\u00edculo en Florida que solo te da problemas. Florida tiene un conjunto de leyes que protegen a los consumidores que han comprado veh\u00edculos defectuosos. Estos se conocen como leyes del lim\u00f3n. Lemon Larry puede ponerlo en contacto con un abogado de la ley del lim\u00f3n de Florida cuando haya comprado un lim\u00f3n y no pueda obtener una satisfacci\u00f3n.<\/p>\n<p>Texto del bot\u00f3n: <a class=\"case-review-link\" href=\"https:\/\/www.videoask.com\/fkuipc1n0\" target=\"_blank\" rel=\"noopener noreferrer\">vea si tiene un lim\u00f3n<\/a> (responda estas 7 preguntas sobre su veh\u00edculo defectuoso)<\/p>\n<ul>\n<li>\u00a1Obtenga ayuda GRATUITA de un abogado de Florida lemon law!<\/li>\n<li>\u00a1T\u00f3mese unos segundos y responda estas preguntas para ver si califica!<\/li>\n<li>\u00a1Podr\u00eda obtener un reembolso o un veh\u00edculo de reemplazo!<\/li>\n<\/ul>\n<h2>Encuentre un abogado con experiencia en reclamos de la ley del lim\u00f3n<\/h2>\n<p><a href=\"https:\/\/lemonlarry.com\/es\/abogado-ley-limon-florida\/abogado-ley-limon-miami\/\">Un abogado de reclamos de la ley lim\u00f3n de Florida<\/a> puede ayudarlo a presentar un reclamo bajo las leyes lim\u00f3n del estado contra el fabricante del veh\u00edculo cuando parece que no pueden reparar su veh\u00edculo. Si gana su reclamo, el tribunal podr\u00eda exigir que el fabricante le reembolse el costo del veh\u00edculo o le proporcione un veh\u00edculo de reemplazo. Adem\u00e1s, la ley exige que el fabricante cubra todos los honorarios legales si gana su caso. \u00a1Puede obtener ayuda legal para presentar un reclamo y resolver el problema de su veh\u00edculo \u00a1GRATIS!<\/p>\n<p>Lemon Larry no es una firma legal. Somos un servicio que conecta a los consumidores con abogados experimentados y conocedores de la ley del lim\u00f3n en su estado que pueden ayudarlo con un reclamo de la ley del lim\u00f3n. No recibimos ninguna compensaci\u00f3n de los consumidores por nuestro servicio. Estamos aqu\u00ed para servirle conect\u00e1ndolo con abogados con experiencia en la ley del lim\u00f3n cerca de usted en Florida.<\/p>\n<h3>\u00bfPor qu\u00e9 necesito un abogado de Florida Lemon Law?<\/h3>\n<p>En Florida, la <a href=\"http:\/\/myfloridalegal.com\/lemonlaw\" target=\"_blank\" rel=\"noreferrer noopener\">Procuradur\u00eda General<\/a> maneja todos los reclamos de la ley lim\u00f3n contra los fabricantes. Muchos fabricantes de veh\u00edculos tienen un programa de arbitraje certificado por Florida para manejar este tipo de disputas. Sin embargo, si un distribuidor autorizado ha realizado repetidos esfuerzos para reparar el veh\u00edculo sin \u00e9xito, y no se obtiene satisfacci\u00f3n a trav\u00e9s del arbitraje, los consumidores pueden presentar un reclamo directamente contra el fabricante ante la Oficina del Fiscal General de Florida, Divisi\u00f3n de Arbitraje de la Ley Lim\u00f3n.<\/p>\n<p>Estos procedimientos pueden ser complicados para los no iniciados, y las leyes lim\u00f3n tienen muchos factores y estipulaciones que pueden influir en cualquier caso en particular. Un abogado de Florida lemon law estar\u00e1 completamente familiarizado con estas leyes y c\u00f3mo se relacionan con su caso. \u00c9l o ella podr\u00e1 ayudarlo a construir un caso s\u00f3lido que tenga las mejores posibilidades de \u00e9xito, ya sea a trav\u00e9s del proceso de arbitraje o ante los tribunales.<\/p>\n<h4>\u00bfQu\u00e9 puedo hacer para ayudar con mi reclamo de la Ley del Lim\u00f3n en Florida?<\/h4>\n<p>La principal fuente de evidencia que requerir\u00e1 su reclamo de la ley lim\u00f3n en Florida son los informes de servicio del concesionario de veh\u00edculos. Cada vez que lleva el veh\u00edculo al concesionario para solucionar el defecto o problema, \u00e9ste hace un registro de la visita y de los servicios realizados. Incluso si no se descubre ning\u00fan problema en esa visita, se hace un registro. Puede solicitar al concesionario el historial completo de registros de servicio de su veh\u00edculo.<\/p>\n<p>Estos registros de servicio son vitales para su caso. Ellos proveen:<\/p>\n<ul>\n<li>Evidencia de un problema recurrente<\/li>\n<li>Prueba de que le ha permitido al distribuidor un \u00abn\u00famero razonable\u00bb de intentos para remediar la situaci\u00f3n.<\/li>\n<li>Prueba de que el defecto o problema no se puede solucionar f\u00e1cilmente.<\/li>\n<li>Evidencia de que ha intentado seguir las recomendaciones del distribuidor con respecto al defecto del veh\u00edculo.<\/li>\n<\/ul>\n<p>Con estos registros en su poder, est\u00e1 listo para presentar un reclamo bajo las leyes de lim\u00f3n de Florida. Lemon Larry tiene un m\u00e9todo r\u00e1pido y simple para calificarlo para un reclamo de la ley del lim\u00f3n y conectarlo con un abogado de la ley del lim\u00f3n de Florida que puede ayudarlo a comenzar.<\/p>\n<p>Complete ahora nuestra evaluaci\u00f3n en l\u00ednea de 7 preguntas y vea si califica. Si lo hace, Lemon Larry lo conectar\u00e1 inmediatamente con un abogado de reclamos de la ley lim\u00f3n de Florida local para que lo ayude con su caso. \u00a1Es as\u00ed de simple! \u00a1Realice nuestra evaluaci\u00f3n ahora!<\/p>\n","protected":false},"excerpt":{"rendered":"<p>Nada se siente como la libertad de conducir por una autopista de Florida con el viento en el pelo, y nada se siente tan frustrante como tener un veh\u00edculo en Florida que solo te da problemas. Florida tiene un conjunto de leyes que protegen a los consumidores que han comprado veh\u00edculos defectuosos. Estos se conocen&hellip; <a href=\"https:\/\/lemonlarry.com\/es\/abogado-ley-limon-florida\/\" class=\"btn btn-primary position-absolute more-link\">Sigue leyendo<\/a><\/p>\n","protected":false},"author":1,"featured_media":0,"parent":0,"menu_order":0,"comment_status":"closed","ping_status":"closed","template":"","meta":{"_acf_changed":false,"footnotes":""},"class_list":["post-1275","page","type-page","status-publish"],"acf":[],"yoast_head":"<!-- This site is optimized with the Yoast SEO plugin v27.5 - https:\/\/yoast.com\/product\/yoast-seo-wordpress\/ -->\n<title>Abogado de la ley del lim\u00f3n en Florida | Encuentre un abogado con experiencia en reclamos de la ley del lim\u00f3n<\/title>\n<meta name=\"description\" content=\"Lemon Larry es un servicio gratuito para conectarlo con un abogado con experiencia en la ley del lim\u00f3n de Florida cuando su veh\u00edculo resulta ser un lim\u00f3n. \u00a1T\u00f3mese unos segundos y complete nuestra breve evaluaci\u00f3n en l\u00ednea para ver si califica!\" \/>\n<meta name=\"robots\" content=\"index, follow, max-snippet:-1, max-image-preview:large, max-video-preview:-1\" \/>\n<link rel=\"canonical\" href=\"https:\/\/lemonlarry.com\/es\/abogado-ley-limon-florida\/\" \/>\n<meta property=\"og:locale\" content=\"es_ES\" \/>\n<meta property=\"og:type\" content=\"article\" \/>\n<meta property=\"og:title\" content=\"Abogado de la ley del lim\u00f3n en Florida | Encuentre un abogado con experiencia en reclamos de la ley del lim\u00f3n\" \/>\n<meta property=\"og:description\" content=\"Lemon Larry es un servicio gratuito para conectarlo con un abogado con experiencia en la ley del lim\u00f3n de Florida cuando su veh\u00edculo resulta ser un lim\u00f3n. \u00a1T\u00f3mese unos segundos y complete nuestra breve evaluaci\u00f3n en l\u00ednea para ver si califica!\" \/>\n<meta property=\"og:url\" content=\"https:\/\/lemonlarry.com\/es\/abogado-ley-limon-florida\/\" \/>\n<meta property=\"og:site_name\" content=\"Lemon Larry - Lemon Law Experts\" \/>\n<meta property=\"article:modified_time\" content=\"2021-08-12T13:17:24+00:00\" \/>\n<meta name=\"twitter:card\" content=\"summary_large_image\" \/>\n<meta name=\"twitter:label1\" content=\"Tiempo de lectura\" \/>\n\t<meta name=\"twitter:data1\" content=\"4 minutos\" \/>\n<!-- \/ Yoast SEO plugin. -->","yoast_head_json":{"title":"Abogado de la ley del lim\u00f3n en Florida | Encuentre un abogado con experiencia en reclamos de la ley del lim\u00f3n","description":"Lemon Larry es un servicio gratuito para conectarlo con un abogado con experiencia en la ley del lim\u00f3n de Florida cuando su veh\u00edculo resulta ser un lim\u00f3n. \u00a1T\u00f3mese unos segundos y complete nuestra breve evaluaci\u00f3n en l\u00ednea para ver si califica!","robots":{"index":"index","follow":"follow","max-snippet":"max-snippet:-1","max-image-preview":"max-image-preview:large","max-video-preview":"max-video-preview:-1"},"canonical":"https:\/\/lemonlarry.com\/es\/abogado-ley-limon-florida\/","og_locale":"es_ES","og_type":"article","og_title":"Abogado de la ley del lim\u00f3n en Florida | Encuentre un abogado con experiencia en reclamos de la ley del lim\u00f3n","og_description":"Lemon Larry es un servicio gratuito para conectarlo con un abogado con experiencia en la ley del lim\u00f3n de Florida cuando su veh\u00edculo resulta ser un lim\u00f3n. \u00a1T\u00f3mese unos segundos y complete nuestra breve evaluaci\u00f3n en l\u00ednea para ver si califica!","og_url":"https:\/\/lemonlarry.com\/es\/abogado-ley-limon-florida\/","og_site_name":"Lemon Larry - Lemon Law Experts","article_modified_time":"2021-08-12T13:17:24+00:00","twitter_card":"summary_large_image","twitter_misc":{"Tiempo de lectura":"4 minutos"},"schema":{"@context":"https:\/\/schema.org","@graph":[{"@type":"WebPage","@id":"https:\/\/lemonlarry.com\/es\/abogado-ley-limon-florida\/","url":"https:\/\/lemonlarry.com\/es\/abogado-ley-limon-florida\/","name":"Abogado de la ley del lim\u00f3n en Florida | Encuentre un abogado con experiencia en reclamos de la ley del lim\u00f3n","isPartOf":{"@id":"https:\/\/lemonlarry.com\/es\/#website"},"datePublished":"2021-07-14T22:40:17+00:00","dateModified":"2021-08-12T13:17:24+00:00","description":"Lemon Larry es un servicio gratuito para conectarlo con un abogado con experiencia en la ley del lim\u00f3n de Florida cuando su veh\u00edculo resulta ser un lim\u00f3n. \u00a1T\u00f3mese unos segundos y complete nuestra breve evaluaci\u00f3n en l\u00ednea para ver si califica!","breadcrumb":{"@id":"https:\/\/lemonlarry.com\/es\/abogado-ley-limon-florida\/#breadcrumb"},"inLanguage":"es","potentialAction":[{"@type":"ReadAction","target":["https:\/\/lemonlarry.com\/es\/abogado-ley-limon-florida\/"]}]},{"@type":"BreadcrumbList","@id":"https:\/\/lemonlarry.com\/es\/abogado-ley-limon-florida\/#breadcrumb","itemListElement":[{"@type":"ListItem","position":1,"name":"Home","item":"https:\/\/lemonlarry.com\/es\/"},{"@type":"ListItem","position":2,"name":"Abogado de la ley del lim\u00f3n en Florida"}]},{"@type":"WebSite","@id":"https:\/\/lemonlarry.com\/es\/#website","url":"https:\/\/lemonlarry.com\/es\/","name":"Lemon Larry - Lemon Law Experts","description":"","potentialAction":[{"@type":"SearchAction","target":{"@type":"EntryPoint","urlTemplate":"https:\/\/lemonlarry.com\/es\/?s={search_term_string}"},"query-input":{"@type":"PropertyValueSpecification","valueRequired":true,"valueName":"search_term_string"}}],"inLanguage":"es"}]}},"_links":{"self":[{"href":"https:\/\/lemonlarry.com\/es\/wp-json\/wp\/v2\/pages\/1275","targetHints":{"allow":["GET"]}}],"collection":[{"href":"https:\/\/lemonlarry.com\/es\/wp-json\/wp\/v2\/pages"}],"about":[{"href":"https:\/\/lemonlarry.com\/es\/wp-json\/wp\/v2\/types\/page"}],"author":[{"embeddable":true,"href":"https:\/\/lemonlarry.com\/es\/wp-json\/wp\/v2\/users\/1"}],"replies":[{"embeddable":true,"href":"https:\/\/lemonlarry.com\/es\/wp-json\/wp\/v2\/comments?post=1275"}],"version-history":[{"count":7,"href":"https:\/\/lemonlarry.com\/es\/wp-json\/wp\/v2\/pages\/1275\/revisions"}],"predecessor-version":[{"id":1551,"href":"https:\/\/lemonlarry.com\/es\/wp-json\/wp\/v2\/pages\/1275\/revisions\/1551"}],"wp:attachment":[{"href":"https:\/\/lemonlarry.com\/es\/wp-json\/wp\/v2\/media?parent=1275"}],"curies":[{"name":"wp","href":"https:\/\/api.w.org\/{rel}","templated":true}]}}