{"id":1277,"date":"2021-07-15T08:48:28","date_gmt":"2021-07-15T08:48:28","guid":{"rendered":"https:\/\/lemonlarry.com\/?page_id=1277"},"modified":"2021-08-12T13:16:51","modified_gmt":"2021-08-12T13:16:51","slug":"abogado-de-derecho-del-limon-en-los-angeles","status":"publish","type":"page","link":"https:\/\/lemonlarry.com\/es\/abogado-de-la-ley-del-limon-de-california\/abogado-de-ley-limon-de-los-angeles\/","title":{"rendered":"Abogado de la ley del lim\u00f3n en Los \u00c1ngeles"},"content":{"rendered":"<p>No hay nada tan satisfactorio como un autom\u00f3vil nuevo, y no hay nada tan exasperante como un autom\u00f3vil nuevo que experimenta problemas repetidamente. Con toda la tecnolog\u00eda cargada en autos, camionetas y SUV nuevos, no es raro encontrar alg\u00fan tipo de problema. Pero cuando esos problemas persisten y el distribuidor de Los \u00c1ngeles parece que no puede encontrar una soluci\u00f3n, usted podr\u00eda tener un lim\u00f3n en sus manos. Lemon Larry puede ponerlo en contacto con un abogado de la ley del lim\u00f3n de Los \u00c1ngeles que puede ayudarlo a resolver el problema.<\/p>\n<p>Texto del bot\u00f3n: <a class=\"case-review-link\" href=\"https:\/\/www.videoask.com\/fkuipc1n0\" target=\"_blank\" rel=\"noopener noreferrer\">vea si tiene un lim\u00f3n<\/a> (responda estas 7 preguntas sobre su veh\u00edculo defectuoso)<\/p>\n<ul>\n<li>\u00a1Obtenga ayuda GRATUITA de un abogado de derecho lim\u00f3n de Los \u00c1ngeles!<\/li>\n<li>\u00a1Vea si califica en solo segundos!<\/li>\n<li>\u00a1Reciba un reembolso o un veh\u00edculo de reemplazo!<\/li>\n<\/ul>\n<h2>\u00bfC\u00f3mo puede ayudarme un abogado de la ley del lim\u00f3n en Los \u00c1ngeles?<\/h2>\n<p>\u00bfCompr\u00f3 un veh\u00edculo en Los \u00c1ngeles que tiene problemas persistentes que el concesionario no puede resolver? El estado de California tiene leyes para proteger a los consumidores que han comprado productos defectuosos o defectuosos, y los veh\u00edculos est\u00e1n incluidos espec\u00edficamente. Si ha devuelto el veh\u00edculo al concesionario para su reparaci\u00f3n varias veces sin estar satisfecho, un abogado de la ley lim\u00f3n de Los \u00c1ngeles puede ayudarlo a resolver el problema.<\/p>\n<p>Estos abogados tienen experiencia <a href=\"https:\/\/lemonlarry.com\/es\/abogado-de-la-ley-del-limon-de-california\/\">con las leyes lim\u00f3n de California<\/a> y saben c\u00f3mo presentar un reclamo bajo estas leyes que podr\u00eda resultar en que el fabricante le proporcione un reembolso o un veh\u00edculo de reemplazo. Estas leyes pueden ser complicadas y estipulan que debe haberle dado al concesionario una cantidad \u00abrazonable\u00bb de oportunidades para reparar el veh\u00edculo a su satisfacci\u00f3n. Por supuesto, \u00abrazonable\u00bb es un t\u00e9rmino relativo; y este es solo un factor que puede hacer que estos casos sean complejos.<\/p>\n<h3>Encuentre un abogado con experiencia en reclamos de la ley del lim\u00f3n<\/h3>\n<p>Lemon Larry no es abogado. Somos un servicio gratuito que lo conecta con un abogado con experiencia en reclamos de la ley del lim\u00f3n de Los \u00c1ngeles que puede ayudarlo a presentar un reclamo bajo las leyes del lim\u00f3n de California. Somos reembolsados \u200b\u200bpor firmas de abogados asociadas que recomendamos. Y, seg\u00fan las leyes lim\u00f3n de California, usted tiene derecho a que el fabricante del veh\u00edculo cubra los honorarios de su abogado si su reclamo es v\u00e1lido. Puede obtener un reembolso por su veh\u00edculo defectuoso o recibir un veh\u00edculo de reemplazo, \u00a1Todo GRATIS!<\/p>\n<ol>\n<li>Realice nuestra evaluaci\u00f3n de 7 preguntas para ver si califica.<\/li>\n<li>Con\u00e9ctese con un abogado de la ley del lim\u00f3n de Los \u00c1ngeles.<\/li>\n<li>Presente un reclamo bajo las leyes lim\u00f3n de California para reembolso o reemplazo.<\/li>\n<\/ol>\n<h4>\u00bfC\u00f3mo puedo ayudar a un abogado de la ley del lim\u00f3n en Los \u00c1ngeles con mi caso?<\/h4>\n<p>La forma principal de evidencia que su abogado de la ley lim\u00f3n de Los \u00c1ngeles necesitar\u00e1 para continuar con su reclamo son los registros oficiales de servicio del concesionario de veh\u00edculos. Cada vez que devuelve el veh\u00edculo al concesionario para que le repare el problema recurrente, ellos hacen un registro y le proporcionan una copia. \u00bfPorque es esto importante?<\/p>\n<ul>\n<li>Cada informe de servicio es un intento documentado del distribuidor para resolver el problema.<\/li>\n<li>Incluso si el problema no se descubre ni se resuelve, la visita de servicio cuenta como evidencia<\/li>\n<li>Los repetidos intentos infructuosos del distribuidor para realizar reparaciones refuerzan su reclamo.<\/li>\n<\/ul>\n<p>Su abogado de reclamos de la ley del lim\u00f3n de Los \u00c1ngeles puede explicarle m\u00e1s sobre lo que se necesita para presentar un reclamo contra el fabricante seg\u00fan las leyes del lim\u00f3n de California. \u00c9l o ella tiene el conocimiento y la experiencia necesarios para manejar estos reclamos para la protecci\u00f3n de consumidores como usted. No resuelva el problema usted mismo vendiendo o intercambiando un veh\u00edculo defectuoso. Podr\u00eda tener derecho a recibir un reembolso completo del precio de compra o un veh\u00edculo de reemplazo.<\/p>\n<p>Complete nuestra simple evaluaci\u00f3n en solo segundos y vea si califica. Lemon Larry puede conectarlo con la ayuda legal profesional que necesita para obtener una completa satisfacci\u00f3n.<\/p>\n","protected":false},"excerpt":{"rendered":"<p>No hay nada tan satisfactorio como un autom\u00f3vil nuevo, y no hay nada tan exasperante como un autom\u00f3vil nuevo que experimenta problemas repetidamente. Con toda la tecnolog\u00eda cargada en autos, camionetas y SUV nuevos, no es raro encontrar alg\u00fan tipo de problema. Pero cuando esos problemas persisten y el distribuidor de Los \u00c1ngeles parece que&hellip; <a href=\"https:\/\/lemonlarry.com\/es\/abogado-de-la-ley-del-limon-de-california\/abogado-de-ley-limon-de-los-angeles\/\" class=\"btn btn-primary position-absolute more-link\">Sigue leyendo<\/a><\/p>\n","protected":false},"author":1,"featured_media":0,"parent":1270,"menu_order":0,"comment_status":"closed","ping_status":"closed","template":"","meta":{"_acf_changed":false,"footnotes":""},"class_list":["post-1277","page","type-page","status-publish"],"acf":[],"yoast_head":"<!-- This site is optimized with the Yoast SEO plugin v27.5 - https:\/\/yoast.com\/product\/yoast-seo-wordpress\/ -->\n<title>Abogado de la ley del lim\u00f3n en Los \u00c1ngeles | Encuentre un abogado con experiencia en reclamos de la ley del lim\u00f3n<\/title>\n<meta name=\"description\" content=\"Lemon Larry puede ponerlo en contacto con un abogado con experiencia en la ley del lim\u00f3n de Los \u00c1ngeles cuando haya comprado un veh\u00edculo defectuoso. \u00a1Realice ahora nuestra evaluaci\u00f3n en l\u00ednea de 7 preguntas para ver si califica! No se conforme con un lim\u00f3n: \u00a1obtenga la ayuda legal que necesita GRATIS!\" \/>\n<meta name=\"robots\" content=\"index, follow, max-snippet:-1, max-image-preview:large, max-video-preview:-1\" \/>\n<link rel=\"canonical\" href=\"https:\/\/lemonlarry.com\/es\/abogado-de-la-ley-del-limon-de-california\/abogado-de-ley-limon-de-los-angeles\/\" \/>\n<meta property=\"og:locale\" content=\"es_ES\" \/>\n<meta property=\"og:type\" content=\"article\" \/>\n<meta property=\"og:title\" content=\"Abogado de la ley del lim\u00f3n en Los \u00c1ngeles | Encuentre un abogado con experiencia en reclamos de la ley del lim\u00f3n\" \/>\n<meta property=\"og:description\" content=\"Lemon Larry puede ponerlo en contacto con un abogado con experiencia en la ley del lim\u00f3n de Los \u00c1ngeles cuando haya comprado un veh\u00edculo defectuoso. \u00a1Realice ahora nuestra evaluaci\u00f3n en l\u00ednea de 7 preguntas para ver si califica! No se conforme con un lim\u00f3n: \u00a1obtenga la ayuda legal que necesita GRATIS!\" \/>\n<meta property=\"og:url\" content=\"https:\/\/lemonlarry.com\/es\/abogado-de-la-ley-del-limon-de-california\/abogado-de-ley-limon-de-los-angeles\/\" \/>\n<meta property=\"og:site_name\" content=\"Lemon Larry - Lemon Law Experts\" \/>\n<meta property=\"article:modified_time\" content=\"2021-08-12T13:16:51+00:00\" \/>\n<meta name=\"twitter:card\" content=\"summary_large_image\" \/>\n<meta name=\"twitter:label1\" content=\"Tiempo de lectura\" \/>\n\t<meta name=\"twitter:data1\" content=\"3 minutos\" \/>\n<!-- \/ Yoast SEO plugin. -->","yoast_head_json":{"title":"Abogado de la ley del lim\u00f3n en Los \u00c1ngeles | Encuentre un abogado con experiencia en reclamos de la ley del lim\u00f3n","description":"Lemon Larry puede ponerlo en contacto con un abogado con experiencia en la ley del lim\u00f3n de Los \u00c1ngeles cuando haya comprado un veh\u00edculo defectuoso. \u00a1Realice ahora nuestra evaluaci\u00f3n en l\u00ednea de 7 preguntas para ver si califica! No se conforme con un lim\u00f3n: \u00a1obtenga la ayuda legal que necesita GRATIS!","robots":{"index":"index","follow":"follow","max-snippet":"max-snippet:-1","max-image-preview":"max-image-preview:large","max-video-preview":"max-video-preview:-1"},"canonical":"https:\/\/lemonlarry.com\/es\/abogado-de-la-ley-del-limon-de-california\/abogado-de-ley-limon-de-los-angeles\/","og_locale":"es_ES","og_type":"article","og_title":"Abogado de la ley del lim\u00f3n en Los \u00c1ngeles | Encuentre un abogado con experiencia en reclamos de la ley del lim\u00f3n","og_description":"Lemon Larry puede ponerlo en contacto con un abogado con experiencia en la ley del lim\u00f3n de Los \u00c1ngeles cuando haya comprado un veh\u00edculo defectuoso. \u00a1Realice ahora nuestra evaluaci\u00f3n en l\u00ednea de 7 preguntas para ver si califica! No se conforme con un lim\u00f3n: \u00a1obtenga la ayuda legal que necesita GRATIS!","og_url":"https:\/\/lemonlarry.com\/es\/abogado-de-la-ley-del-limon-de-california\/abogado-de-ley-limon-de-los-angeles\/","og_site_name":"Lemon Larry - Lemon Law Experts","article_modified_time":"2021-08-12T13:16:51+00:00","twitter_card":"summary_large_image","twitter_misc":{"Tiempo de lectura":"3 minutos"},"schema":{"@context":"https:\/\/schema.org","@graph":[{"@type":"WebPage","@id":"https:\/\/lemonlarry.com\/es\/abogado-de-la-ley-del-limon-de-california\/abogado-de-ley-limon-de-los-angeles\/","url":"https:\/\/lemonlarry.com\/es\/abogado-de-la-ley-del-limon-de-california\/abogado-de-ley-limon-de-los-angeles\/","name":"Abogado de la ley del lim\u00f3n en Los \u00c1ngeles | Encuentre un abogado con experiencia en reclamos de la ley del lim\u00f3n","isPartOf":{"@id":"https:\/\/lemonlarry.com\/es\/#website"},"datePublished":"2021-07-15T08:48:28+00:00","dateModified":"2021-08-12T13:16:51+00:00","description":"Lemon Larry puede ponerlo en contacto con un abogado con experiencia en la ley del lim\u00f3n de Los \u00c1ngeles cuando haya comprado un veh\u00edculo defectuoso. \u00a1Realice ahora nuestra evaluaci\u00f3n en l\u00ednea de 7 preguntas para ver si califica! No se conforme con un lim\u00f3n: \u00a1obtenga la ayuda legal que necesita GRATIS!","breadcrumb":{"@id":"https:\/\/lemonlarry.com\/es\/abogado-de-la-ley-del-limon-de-california\/abogado-de-ley-limon-de-los-angeles\/#breadcrumb"},"inLanguage":"es","potentialAction":[{"@type":"ReadAction","target":["https:\/\/lemonlarry.com\/es\/abogado-de-la-ley-del-limon-de-california\/abogado-de-ley-limon-de-los-angeles\/"]}]},{"@type":"BreadcrumbList","@id":"https:\/\/lemonlarry.com\/es\/abogado-de-la-ley-del-limon-de-california\/abogado-de-ley-limon-de-los-angeles\/#breadcrumb","itemListElement":[{"@type":"ListItem","position":1,"name":"Home","item":"https:\/\/lemonlarry.com\/es\/"},{"@type":"ListItem","position":2,"name":"Abogado de la ley del lim\u00f3n en California","item":"https:\/\/lemonlarry.com\/es\/abogado-de-la-ley-del-limon-de-california\/"},{"@type":"ListItem","position":3,"name":"Abogado de la ley del lim\u00f3n en Los \u00c1ngeles"}]},{"@type":"WebSite","@id":"https:\/\/lemonlarry.com\/es\/#website","url":"https:\/\/lemonlarry.com\/es\/","name":"Lemon Larry - Lemon Law Experts","description":"","potentialAction":[{"@type":"SearchAction","target":{"@type":"EntryPoint","urlTemplate":"https:\/\/lemonlarry.com\/es\/?s={search_term_string}"},"query-input":{"@type":"PropertyValueSpecification","valueRequired":true,"valueName":"search_term_string"}}],"inLanguage":"es"}]}},"_links":{"self":[{"href":"https:\/\/lemonlarry.com\/es\/wp-json\/wp\/v2\/pages\/1277","targetHints":{"allow":["GET"]}}],"collection":[{"href":"https:\/\/lemonlarry.com\/es\/wp-json\/wp\/v2\/pages"}],"about":[{"href":"https:\/\/lemonlarry.com\/es\/wp-json\/wp\/v2\/types\/page"}],"author":[{"embeddable":true,"href":"https:\/\/lemonlarry.com\/es\/wp-json\/wp\/v2\/users\/1"}],"replies":[{"embeddable":true,"href":"https:\/\/lemonlarry.com\/es\/wp-json\/wp\/v2\/comments?post=1277"}],"version-history":[{"count":4,"href":"https:\/\/lemonlarry.com\/es\/wp-json\/wp\/v2\/pages\/1277\/revisions"}],"predecessor-version":[{"id":1549,"href":"https:\/\/lemonlarry.com\/es\/wp-json\/wp\/v2\/pages\/1277\/revisions\/1549"}],"up":[{"embeddable":true,"href":"https:\/\/lemonlarry.com\/es\/wp-json\/wp\/v2\/pages\/1270"}],"wp:attachment":[{"href":"https:\/\/lemonlarry.com\/es\/wp-json\/wp\/v2\/media?parent=1277"}],"curies":[{"name":"wp","href":"https:\/\/api.w.org\/{rel}","templated":true}]}}