{"id":1279,"date":"2021-07-15T08:58:22","date_gmt":"2021-07-15T08:58:22","guid":{"rendered":"https:\/\/lemonlarry.com\/?page_id=1279"},"modified":"2021-07-30T14:01:23","modified_gmt":"2021-07-30T14:01:23","slug":"abogado-de-san-diego-lemon-law","status":"publish","type":"page","link":"https:\/\/lemonlarry.com\/es\/abogado-de-la-ley-del-limon-de-california\/abogado-de-ley-limon-de-san-diego\/","title":{"rendered":"Abogado de la ley del lim\u00f3n en San Diego"},"content":{"rendered":"<p>Cuando se queda atascado con un autom\u00f3vil que es un lim\u00f3n, necesita un abogado de la ley del lim\u00f3n que pueda ayudarlo a obtener un reembolso del autom\u00f3vil alquilado, reparaciones y otros gastos. Incluso puede calificar para un veh\u00edculo de reemplazo o un reembolso completo.<\/p>\n<p>Atr\u00e1s quedaron los d\u00edas en California en los que no ten\u00eda suerte si compraba un autom\u00f3vil Nuevo o usado a precio alto, y pasaba m\u00e1s tiempo en el taller que en la carretera. Desde que California promulg\u00f3 lo que com\u00fanmente se conoce como \u201cLeyes lim\u00f3n\u201d, los consumidores tienen protecci\u00f3n.<\/p>\n<p>El C\u00f3digo Civil 1793.22, Garant\u00edas de Venta, tambi\u00e9n conocido como la Ley de Protecci\u00f3n al Consumidor de Tanner, protege a los consumidores de quedarse con un lim\u00f3n. Es posible que tenga derecho a un reembolso completo o una \u00abrecompra\u00bb del distribuidor si se ha realizado un n\u00famero espec\u00edfico de intentos para corregir el problema mec\u00e1nico sin \u00e9xito.<\/p>\n<p>A la mayor\u00eda le preocupa no poder permitirse contratar a un abogado para proteger sus derechos bajo las leyes lim\u00f3n. No necesita preocuparse por eso cuando contacte a Lemon Larry.<\/p>\n<h2>Encuentre un abogado con experiencia en reclamos de la ley del lim\u00f3n en San Diego, CA<\/h2>\n<p>Lemon Larry no es abogado. Sin embargo, pueden ayudarlo a encontrar <a href=\"https:\/\/lemonlarry.com\/es\/abogado-de-la-ley-del-limon-de-california\/\">un abogado de derecho lim\u00f3n de California<\/a> con experiencia y conocimiento en San Diego. Este servicio es gratuito para los consumidores de California seg\u00fan las leyes lim\u00f3n vigentes. Nadie de su oficina le pedir\u00e1 dinero.<\/p>\n<p>Adem\u00e1s, si se determina que su autom\u00f3vil es un lim\u00f3n y el abogado negocia un acuerdo, el fabricante o distribuidor pagar\u00e1 los honorarios legales. Estos abogados de la ley del lim\u00f3n tienen conocimientos y experiencia. Entienden la ley, c\u00f3mo se aplica a usted y qu\u00e9 veh\u00edculos est\u00e1n cubiertos por la ley lim\u00f3n.<br \/>\nAquellos que se quedan con un lim\u00f3n y que pasan tiempo repetidamente en el concesionario u otros servicios de reparaci\u00f3n bajo garant\u00eda, pueden obtener alivio bajo la ley.<\/p>\n<h3>\u00bfC\u00f3mo s\u00e9 que tengo un lim\u00f3n?<\/h3>\n<p>Muchas condiciones, dependiendo de su garant\u00eda y los intentos de reparaci\u00f3n, podr\u00edan constituir un lim\u00f3n. Lemon Larry ha desarrollado un proceso de siete preguntas para ayudarlo a tomar esa determinaci\u00f3n. Haga clic en el enlace, responda las preguntas y sabr\u00e1 en segundos si califica para obtener ayuda gratuita y sin compromiso de un abogado de derecho lim\u00f3n de San Diego. Pueden brindar asistencia para el reembolso o reemplazo.<\/p>\n<h4>\u00bfQu\u00e9 condiciones se requieren?<\/h4>\n<p>La ley lim\u00f3n de California y la ley federal de garant\u00eda Magnuson-Moss se aplican a casi todos los veh\u00edculos reci\u00e9n comprados que a\u00fan est\u00e1n en garant\u00eda con un n\u00famero razonable de intentos de reparaci\u00f3n. Debido a que algunas de estas condiciones son urgentes, debe actuar de inmediato. El mejor curso de acci\u00f3n es dejar que un abogado determine si la ley lim\u00f3n se aplica a usted de inmediato.<\/p>\n<p>Incluso un autom\u00f3vil usado con una garant\u00eda extendida, pagos transferidos y otras condiciones podr\u00edan ser elegibles para reembolsos o reemplazo bajo la Ley de Protecci\u00f3n al Consumidor. Sin embargo, no tiene sentido esperar, incluso cuando su distribuidor le diga que le d\u00e9 tiempo para obtener repuestos o le d\u00e9 otras excusas.<\/p>\n<h4>Cuando crea que tiene un lim\u00f3n, \u00a1act\u00fae r\u00e1pidamente!<\/h4>\n<p>Cuando crea que podr\u00eda tener un lim\u00f3n, responda la evaluaci\u00f3n de siete preguntas. Si est\u00e1 calificado, Lemon Larry lo conectar\u00e1 con un abogado con experiencia en la ley del lim\u00f3n de San Diego que comenzar\u00e1 la siguiente parte de su reclamo para obtener un reemplazo o reembolso.<\/p>\n<p>Recuerde, este proceso es completamente gratuito para su uso. El comerciante o vendedor pagar\u00e1 al abogado. Si ha sido agraviado, tiene derecho a buscar justicia y obtener el autom\u00f3vil que pens\u00f3 que hab\u00eda comprado cuando realiz\u00f3 una transacci\u00f3n de buena fe con el vendedor o el concesionario.<\/p>\n<p>Act\u00fae ahora para que Lemon Larry pueda conectarlo con un abogado con experiencia en la ley del lim\u00f3n de California para ayudarlo a obtener lo que es leg\u00edtimamente suyo.<\/p>\n","protected":false},"excerpt":{"rendered":"<p>Cuando se queda atascado con un autom\u00f3vil que es un lim\u00f3n, necesita un abogado de la ley del lim\u00f3n que pueda ayudarlo a obtener un reembolso del autom\u00f3vil alquilado, reparaciones y otros gastos. Incluso puede calificar para un veh\u00edculo de reemplazo o un reembolso completo. Atr\u00e1s quedaron los d\u00edas en California en los que no&hellip; <a href=\"https:\/\/lemonlarry.com\/es\/abogado-de-la-ley-del-limon-de-california\/abogado-de-ley-limon-de-san-diego\/\" class=\"btn btn-primary position-absolute more-link\">Sigue leyendo<\/a><\/p>\n","protected":false},"author":1,"featured_media":0,"parent":1270,"menu_order":0,"comment_status":"closed","ping_status":"closed","template":"","meta":{"_acf_changed":false,"footnotes":""},"class_list":["post-1279","page","type-page","status-publish"],"acf":[],"yoast_head":"<!-- This site is optimized with the Yoast SEO plugin v27.4 - https:\/\/yoast.com\/product\/yoast-seo-wordpress\/ -->\n<title>Abogado de la ley del lim\u00f3n en San Diego | Encuentre un abogado con experiencia en reclamos de la ley del lim\u00f3n<\/title>\n<meta name=\"description\" content=\"Cuando se queda atascado con un autom\u00f3vil que es un lim\u00f3n, necesita un abogado de la ley del lim\u00f3n que pueda ayudarlo a obtener un reembolso del autom\u00f3vil alquilado, reparaci\u00f3n y otros gastos requeridos por la ley. Llame a Lemon Larry hoy.\" \/>\n<meta name=\"robots\" content=\"index, follow, max-snippet:-1, max-image-preview:large, max-video-preview:-1\" \/>\n<link rel=\"canonical\" href=\"https:\/\/lemonlarry.com\/es\/abogado-de-la-ley-del-limon-de-california\/abogado-de-ley-limon-de-san-diego\/\" \/>\n<meta property=\"og:locale\" content=\"es_ES\" \/>\n<meta property=\"og:type\" content=\"article\" \/>\n<meta property=\"og:title\" content=\"Abogado de la ley del lim\u00f3n en San Diego | Encuentre un abogado con experiencia en reclamos de la ley del lim\u00f3n\" \/>\n<meta property=\"og:description\" content=\"Cuando se queda atascado con un autom\u00f3vil que es un lim\u00f3n, necesita un abogado de la ley del lim\u00f3n que pueda ayudarlo a obtener un reembolso del autom\u00f3vil alquilado, reparaci\u00f3n y otros gastos requeridos por la ley. Llame a Lemon Larry hoy.\" \/>\n<meta property=\"og:url\" content=\"https:\/\/lemonlarry.com\/es\/abogado-de-la-ley-del-limon-de-california\/abogado-de-ley-limon-de-san-diego\/\" \/>\n<meta property=\"og:site_name\" content=\"Lemon Larry - Lemon Law Experts\" \/>\n<meta property=\"article:modified_time\" content=\"2021-07-30T14:01:23+00:00\" \/>\n<meta name=\"twitter:card\" content=\"summary_large_image\" \/>\n<meta name=\"twitter:label1\" content=\"Tiempo de lectura\" \/>\n\t<meta name=\"twitter:data1\" content=\"4 minutos\" \/>\n<!-- \/ Yoast SEO plugin. -->","yoast_head_json":{"title":"Abogado de la ley del lim\u00f3n en San Diego | Encuentre un abogado con experiencia en reclamos de la ley del lim\u00f3n","description":"Cuando se queda atascado con un autom\u00f3vil que es un lim\u00f3n, necesita un abogado de la ley del lim\u00f3n que pueda ayudarlo a obtener un reembolso del autom\u00f3vil alquilado, reparaci\u00f3n y otros gastos requeridos por la ley. Llame a Lemon Larry hoy.","robots":{"index":"index","follow":"follow","max-snippet":"max-snippet:-1","max-image-preview":"max-image-preview:large","max-video-preview":"max-video-preview:-1"},"canonical":"https:\/\/lemonlarry.com\/es\/abogado-de-la-ley-del-limon-de-california\/abogado-de-ley-limon-de-san-diego\/","og_locale":"es_ES","og_type":"article","og_title":"Abogado de la ley del lim\u00f3n en San Diego | Encuentre un abogado con experiencia en reclamos de la ley del lim\u00f3n","og_description":"Cuando se queda atascado con un autom\u00f3vil que es un lim\u00f3n, necesita un abogado de la ley del lim\u00f3n que pueda ayudarlo a obtener un reembolso del autom\u00f3vil alquilado, reparaci\u00f3n y otros gastos requeridos por la ley. Llame a Lemon Larry hoy.","og_url":"https:\/\/lemonlarry.com\/es\/abogado-de-la-ley-del-limon-de-california\/abogado-de-ley-limon-de-san-diego\/","og_site_name":"Lemon Larry - Lemon Law Experts","article_modified_time":"2021-07-30T14:01:23+00:00","twitter_card":"summary_large_image","twitter_misc":{"Tiempo de lectura":"4 minutos"},"schema":{"@context":"https:\/\/schema.org","@graph":[{"@type":"WebPage","@id":"https:\/\/lemonlarry.com\/es\/abogado-de-la-ley-del-limon-de-california\/abogado-de-ley-limon-de-san-diego\/","url":"https:\/\/lemonlarry.com\/es\/abogado-de-la-ley-del-limon-de-california\/abogado-de-ley-limon-de-san-diego\/","name":"Abogado de la ley del lim\u00f3n en San Diego | Encuentre un abogado con experiencia en reclamos de la ley del lim\u00f3n","isPartOf":{"@id":"https:\/\/lemonlarry.com\/es\/#website"},"datePublished":"2021-07-15T08:58:22+00:00","dateModified":"2021-07-30T14:01:23+00:00","description":"Cuando se queda atascado con un autom\u00f3vil que es un lim\u00f3n, necesita un abogado de la ley del lim\u00f3n que pueda ayudarlo a obtener un reembolso del autom\u00f3vil alquilado, reparaci\u00f3n y otros gastos requeridos por la ley. Llame a Lemon Larry hoy.","breadcrumb":{"@id":"https:\/\/lemonlarry.com\/es\/abogado-de-la-ley-del-limon-de-california\/abogado-de-ley-limon-de-san-diego\/#breadcrumb"},"inLanguage":"es","potentialAction":[{"@type":"ReadAction","target":["https:\/\/lemonlarry.com\/es\/abogado-de-la-ley-del-limon-de-california\/abogado-de-ley-limon-de-san-diego\/"]}]},{"@type":"BreadcrumbList","@id":"https:\/\/lemonlarry.com\/es\/abogado-de-la-ley-del-limon-de-california\/abogado-de-ley-limon-de-san-diego\/#breadcrumb","itemListElement":[{"@type":"ListItem","position":1,"name":"Home","item":"https:\/\/lemonlarry.com\/es\/"},{"@type":"ListItem","position":2,"name":"Abogado de la ley del lim\u00f3n en California","item":"https:\/\/lemonlarry.com\/es\/abogado-de-la-ley-del-limon-de-california\/"},{"@type":"ListItem","position":3,"name":"Abogado de la ley del lim\u00f3n en San Diego"}]},{"@type":"WebSite","@id":"https:\/\/lemonlarry.com\/es\/#website","url":"https:\/\/lemonlarry.com\/es\/","name":"Lemon Larry - Lemon Law Experts","description":"","potentialAction":[{"@type":"SearchAction","target":{"@type":"EntryPoint","urlTemplate":"https:\/\/lemonlarry.com\/es\/?s={search_term_string}"},"query-input":{"@type":"PropertyValueSpecification","valueRequired":true,"valueName":"search_term_string"}}],"inLanguage":"es"}]}},"_links":{"self":[{"href":"https:\/\/lemonlarry.com\/es\/wp-json\/wp\/v2\/pages\/1279","targetHints":{"allow":["GET"]}}],"collection":[{"href":"https:\/\/lemonlarry.com\/es\/wp-json\/wp\/v2\/pages"}],"about":[{"href":"https:\/\/lemonlarry.com\/es\/wp-json\/wp\/v2\/types\/page"}],"author":[{"embeddable":true,"href":"https:\/\/lemonlarry.com\/es\/wp-json\/wp\/v2\/users\/1"}],"replies":[{"embeddable":true,"href":"https:\/\/lemonlarry.com\/es\/wp-json\/wp\/v2\/comments?post=1279"}],"version-history":[{"count":4,"href":"https:\/\/lemonlarry.com\/es\/wp-json\/wp\/v2\/pages\/1279\/revisions"}],"predecessor-version":[{"id":1499,"href":"https:\/\/lemonlarry.com\/es\/wp-json\/wp\/v2\/pages\/1279\/revisions\/1499"}],"up":[{"embeddable":true,"href":"https:\/\/lemonlarry.com\/es\/wp-json\/wp\/v2\/pages\/1270"}],"wp:attachment":[{"href":"https:\/\/lemonlarry.com\/es\/wp-json\/wp\/v2\/media?parent=1279"}],"curies":[{"name":"wp","href":"https:\/\/api.w.org\/{rel}","templated":true}]}}