{"id":1281,"date":"2021-07-15T09:05:05","date_gmt":"2021-07-15T09:05:05","guid":{"rendered":"https:\/\/lemonlarry.com\/?page_id=1281"},"modified":"2021-08-12T13:17:16","modified_gmt":"2021-08-12T13:17:16","slug":"abogado-de-san-francisco-lemon-law","status":"publish","type":"page","link":"https:\/\/lemonlarry.com\/es\/abogado-de-la-ley-del-limon-de-california\/san-francisco-lemon-law-abogado\/","title":{"rendered":"Abogado de la ley del lim\u00f3n en San Francisco"},"content":{"rendered":"<p>Cuando tiene un cami\u00f3n, autom\u00f3vil o camioneta que pasa m\u00e1s tiempo en el garaje haciendo reparaciones que en su garaje esperando para llevarlo al trabajo, la escuela o el juego, es posible que tenga un \u00ablim\u00f3n\u00bb.<\/p>\n<p>Cuando compra un veh\u00edculo nuevo, espera poder conducirlo a diario. Sin embargo, cuando tiene un lim\u00f3n, debido a reparaciones, con frecuencia no est\u00e1 disponible. Es posible que tenga un reclamo de reemplazo, recompra o reembolso. Comun\u00edquese con Lemon Larry para obtener ayuda para encontrar un abogado con experiencia en reclamos de la ley del lim\u00f3n.<\/p>\n<p>Un \u201clim\u00f3n\u201d es cualquier veh\u00edculo con un defecto de fabricaci\u00f3n que afecte su seguridad operativa, valor o uso. En realidad, podr\u00eda aplicar el t\u00e9rmino a cualquier producto con defectos graves que hagan casi imposible que cumpla el prop\u00f3sito original para el que lo compr\u00f3.<\/p>\n<p>De cualquier forma que se mire, no obtuvo lo que esperaba cuando compr\u00f3 su veh\u00edculo. La legislatura de California promulg\u00f3 la Ley de Protecci\u00f3n al Consumidor de Tanner para proteger a los consumidores de este problema. Si tiene un autom\u00f3vil, camioneta, camioneta o SUV de lim\u00f3n, puede tener derecho a un alivio en virtud de la Ley Tanner. Debe consultar a un <a href=\"https:\/\/lemonlarry.com\/es\/abogado-de-la-ley-del-limon-de-california\/\">abogado de la ley lim\u00f3n de California<\/a>.<\/p>\n<h2>Encuentre un abogado con experiencia en reclamos de la ley del lim\u00f3n en San Francisco, CA<\/h2>\n<p>La Ley de Protecci\u00f3n al Consumidor de Tanner, o el C\u00f3digo Civil 1793.22, Garant\u00edas de Venta, se cre\u00f3 para proteger a los consumidores de California contra los art\u00edculos defectuosos que compraron y que no funcionaron seg\u00fan lo prescrito por la garant\u00eda.<\/p>\n<p>Por lo tanto, la Ley Tanner se conoci\u00f3 como la \u00abley lim\u00f3n de California\u00bb. Aunque podr\u00eda aplicarse a cualquier cosa, desde una tostadora hasta una lancha r\u00e1pida o un veh\u00edculo recreativo, en la mayor\u00eda de los casos, los consumidores se quejaron con m\u00e1s frecuencia de veh\u00edculos nuevos y usados. Con una casa rodante, por lo general, solo se aplica a la parte \u00abvehicular\u00bb y no a las viviendas, aunque siempre debe consultar a un abogado que ejerza como defensor de la protecci\u00f3n del consumidor.<\/p>\n<p>Por lo tanto, si tiene un lim\u00f3n, podr\u00eda preguntarse c\u00f3mo encontrar un abogado de reclamos de la ley del lim\u00f3n con conocimientos y experiencia en San Francisco, CA. Ah\u00ed es donde el defensor del consumidor, Lemon Larry, puede ayudar.<\/p>\n<p>Algunos abogados afirman tener experiencia con las leyes del lim\u00f3n, pero est\u00e1n abiertos a practicar cualquier forma de derecho que pague sus honorarios. Lemon Larry lo ayudar\u00e1 a encontrar un abogado calificado en derecho lim\u00f3n con experiencia espec\u00edfica en esta \u00e1rea.<\/p>\n<p>Puede que eso no parezca importante, pero en las negociaciones con el fabricante, podr\u00eda ser crucial. La mayor\u00eda de estas negociaciones se resuelven extrajudicialmente. Un abogado con experiencia en la ley del lim\u00f3n disuadir\u00e1 al concesionario o al fabricante de solicitar un juicio en la corte.<\/p>\n<p>El fabricante y el concesionario no quieren la publicidad. En la mayor\u00eda de los casos, el tribunal favorecer\u00e1 al consumidor y el fabricante y concesionador tendr\u00e1n que pagar los honorarios legales y los costos judiciales. Esto podr\u00eda agregar miles de d\u00f3lares al acuerdo.<\/p>\n<h3>\u00bfC\u00f3mo s\u00e9 que tengo un lim\u00f3n?<\/h3>\n<p>Primero, debe completar la prueba de lim\u00f3n de siete preguntas desarrollada por Lemon Larry. <a class=\"case-review-link\" href=\"https:\/\/www.videoask.com\/fkuipc1n0\" target=\"_blank\" rel=\"noopener noreferrer\">Haga clic en el enlace<\/a>, complete la prueba y, si tiene un lim\u00f3n, Lemon Larry puede ayudarlo. Lo ayudaremos a encontrar un abogado de derecho lim\u00f3n en San Francisco sin costo alguno.<\/p>\n<p>Los propietarios de limones de San Francisco pueden presentar una reclamaci\u00f3n sin gastar un centavo. Tomar la evaluaci\u00f3n de siete preguntas tomar\u00e1 solo unos segundos. Sabr\u00e1 si tiene un reclamo de inmediato. M\u00e1s importante a\u00fan, no pagar\u00e1 honorarios legales ni costos judiciales. El concesionario o el fabricante los pagar\u00e1 si tiene un reclamo leg\u00edtimo.<\/p>\n<h4>\u00bfQu\u00e9 puedo hacer?<\/h4>\n<p>La Ley Lim\u00f3n de California y la Ley Federal de Garant\u00eda Magnuson-Moss forman una defensa de la protecci\u00f3n del consumidor sin igual. Muchos estados no cubren los veh\u00edculos \u00abusados \u200b\u200bo de segunda mano\u00bb, incluso cuando la garant\u00eda sigue siendo v\u00e1lida.<\/p>\n<p>Es crucial consultar a un abogado de inmediato, y Lemon Larry puede ahorrar el tiempo y el esfuerzo de buscar en Internet un abogado de ley lim\u00f3n en California.<\/p>\n","protected":false},"excerpt":{"rendered":"<p>Cuando tiene un cami\u00f3n, autom\u00f3vil o camioneta que pasa m\u00e1s tiempo en el garaje haciendo reparaciones que en su garaje esperando para llevarlo al trabajo, la escuela o el juego, es posible que tenga un \u00ablim\u00f3n\u00bb. Cuando compra un veh\u00edculo nuevo, espera poder conducirlo a diario. Sin embargo, cuando tiene un lim\u00f3n, debido a reparaciones,&hellip; <a href=\"https:\/\/lemonlarry.com\/es\/abogado-de-la-ley-del-limon-de-california\/san-francisco-lemon-law-abogado\/\" class=\"btn btn-primary position-absolute more-link\">Sigue leyendo<\/a><\/p>\n","protected":false},"author":1,"featured_media":0,"parent":1270,"menu_order":0,"comment_status":"closed","ping_status":"closed","template":"","meta":{"_acf_changed":false,"footnotes":""},"class_list":["post-1281","page","type-page","status-publish"],"acf":[],"yoast_head":"<!-- This site is optimized with the Yoast SEO plugin v27.4 - https:\/\/yoast.com\/product\/yoast-seo-wordpress\/ -->\n<title>Abogado de la ley del lim\u00f3n en San Francisco | Encuentre un abogado con experiencia en reclamos de la ley del lim\u00f3n<\/title>\n<meta name=\"description\" content=\"Cuando compra un veh\u00edculo nuevo, espera poder conducirlo a diario. Sin embargo, cuando tiene un lim\u00f3n, debido a reparaciones, con frecuencia no est\u00e1 disponible. Es posible que tenga un reclamo de reemplazo, recompra o reembolso. Comun\u00edquese con Lemon Larry para obtener ayuda para encontrar un abogado adecuado.\" \/>\n<meta name=\"robots\" content=\"index, follow, max-snippet:-1, max-image-preview:large, max-video-preview:-1\" \/>\n<link rel=\"canonical\" href=\"https:\/\/lemonlarry.com\/es\/abogado-de-la-ley-del-limon-de-california\/san-francisco-lemon-law-abogado\/\" \/>\n<meta property=\"og:locale\" content=\"es_ES\" \/>\n<meta property=\"og:type\" content=\"article\" \/>\n<meta property=\"og:title\" content=\"Abogado de la ley del lim\u00f3n en San Francisco | Encuentre un abogado con experiencia en reclamos de la ley del lim\u00f3n\" \/>\n<meta property=\"og:description\" content=\"Cuando compra un veh\u00edculo nuevo, espera poder conducirlo a diario. Sin embargo, cuando tiene un lim\u00f3n, debido a reparaciones, con frecuencia no est\u00e1 disponible. Es posible que tenga un reclamo de reemplazo, recompra o reembolso. Comun\u00edquese con Lemon Larry para obtener ayuda para encontrar un abogado adecuado.\" \/>\n<meta property=\"og:url\" content=\"https:\/\/lemonlarry.com\/es\/abogado-de-la-ley-del-limon-de-california\/san-francisco-lemon-law-abogado\/\" \/>\n<meta property=\"og:site_name\" content=\"Lemon Larry - Lemon Law Experts\" \/>\n<meta property=\"article:modified_time\" content=\"2021-08-12T13:17:16+00:00\" \/>\n<meta name=\"twitter:card\" content=\"summary_large_image\" \/>\n<meta name=\"twitter:label1\" content=\"Tiempo de lectura\" \/>\n\t<meta name=\"twitter:data1\" content=\"4 minutos\" \/>\n<!-- \/ Yoast SEO plugin. -->","yoast_head_json":{"title":"Abogado de la ley del lim\u00f3n en San Francisco | Encuentre un abogado con experiencia en reclamos de la ley del lim\u00f3n","description":"Cuando compra un veh\u00edculo nuevo, espera poder conducirlo a diario. Sin embargo, cuando tiene un lim\u00f3n, debido a reparaciones, con frecuencia no est\u00e1 disponible. Es posible que tenga un reclamo de reemplazo, recompra o reembolso. Comun\u00edquese con Lemon Larry para obtener ayuda para encontrar un abogado adecuado.","robots":{"index":"index","follow":"follow","max-snippet":"max-snippet:-1","max-image-preview":"max-image-preview:large","max-video-preview":"max-video-preview:-1"},"canonical":"https:\/\/lemonlarry.com\/es\/abogado-de-la-ley-del-limon-de-california\/san-francisco-lemon-law-abogado\/","og_locale":"es_ES","og_type":"article","og_title":"Abogado de la ley del lim\u00f3n en San Francisco | Encuentre un abogado con experiencia en reclamos de la ley del lim\u00f3n","og_description":"Cuando compra un veh\u00edculo nuevo, espera poder conducirlo a diario. Sin embargo, cuando tiene un lim\u00f3n, debido a reparaciones, con frecuencia no est\u00e1 disponible. Es posible que tenga un reclamo de reemplazo, recompra o reembolso. Comun\u00edquese con Lemon Larry para obtener ayuda para encontrar un abogado adecuado.","og_url":"https:\/\/lemonlarry.com\/es\/abogado-de-la-ley-del-limon-de-california\/san-francisco-lemon-law-abogado\/","og_site_name":"Lemon Larry - Lemon Law Experts","article_modified_time":"2021-08-12T13:17:16+00:00","twitter_card":"summary_large_image","twitter_misc":{"Tiempo de lectura":"4 minutos"},"schema":{"@context":"https:\/\/schema.org","@graph":[{"@type":"WebPage","@id":"https:\/\/lemonlarry.com\/es\/abogado-de-la-ley-del-limon-de-california\/san-francisco-lemon-law-abogado\/","url":"https:\/\/lemonlarry.com\/es\/abogado-de-la-ley-del-limon-de-california\/san-francisco-lemon-law-abogado\/","name":"Abogado de la ley del lim\u00f3n en San Francisco | Encuentre un abogado con experiencia en reclamos de la ley del lim\u00f3n","isPartOf":{"@id":"https:\/\/lemonlarry.com\/es\/#website"},"datePublished":"2021-07-15T09:05:05+00:00","dateModified":"2021-08-12T13:17:16+00:00","description":"Cuando compra un veh\u00edculo nuevo, espera poder conducirlo a diario. Sin embargo, cuando tiene un lim\u00f3n, debido a reparaciones, con frecuencia no est\u00e1 disponible. Es posible que tenga un reclamo de reemplazo, recompra o reembolso. Comun\u00edquese con Lemon Larry para obtener ayuda para encontrar un abogado adecuado.","breadcrumb":{"@id":"https:\/\/lemonlarry.com\/es\/abogado-de-la-ley-del-limon-de-california\/san-francisco-lemon-law-abogado\/#breadcrumb"},"inLanguage":"es","potentialAction":[{"@type":"ReadAction","target":["https:\/\/lemonlarry.com\/es\/abogado-de-la-ley-del-limon-de-california\/san-francisco-lemon-law-abogado\/"]}]},{"@type":"BreadcrumbList","@id":"https:\/\/lemonlarry.com\/es\/abogado-de-la-ley-del-limon-de-california\/san-francisco-lemon-law-abogado\/#breadcrumb","itemListElement":[{"@type":"ListItem","position":1,"name":"Home","item":"https:\/\/lemonlarry.com\/es\/"},{"@type":"ListItem","position":2,"name":"Abogado de la ley del lim\u00f3n en California","item":"https:\/\/lemonlarry.com\/es\/abogado-de-la-ley-del-limon-de-california\/"},{"@type":"ListItem","position":3,"name":"Abogado de la ley del lim\u00f3n en San Francisco"}]},{"@type":"WebSite","@id":"https:\/\/lemonlarry.com\/es\/#website","url":"https:\/\/lemonlarry.com\/es\/","name":"Lemon Larry - Lemon Law Experts","description":"","potentialAction":[{"@type":"SearchAction","target":{"@type":"EntryPoint","urlTemplate":"https:\/\/lemonlarry.com\/es\/?s={search_term_string}"},"query-input":{"@type":"PropertyValueSpecification","valueRequired":true,"valueName":"search_term_string"}}],"inLanguage":"es"}]}},"_links":{"self":[{"href":"https:\/\/lemonlarry.com\/es\/wp-json\/wp\/v2\/pages\/1281","targetHints":{"allow":["GET"]}}],"collection":[{"href":"https:\/\/lemonlarry.com\/es\/wp-json\/wp\/v2\/pages"}],"about":[{"href":"https:\/\/lemonlarry.com\/es\/wp-json\/wp\/v2\/types\/page"}],"author":[{"embeddable":true,"href":"https:\/\/lemonlarry.com\/es\/wp-json\/wp\/v2\/users\/1"}],"replies":[{"embeddable":true,"href":"https:\/\/lemonlarry.com\/es\/wp-json\/wp\/v2\/comments?post=1281"}],"version-history":[{"count":7,"href":"https:\/\/lemonlarry.com\/es\/wp-json\/wp\/v2\/pages\/1281\/revisions"}],"predecessor-version":[{"id":1550,"href":"https:\/\/lemonlarry.com\/es\/wp-json\/wp\/v2\/pages\/1281\/revisions\/1550"}],"up":[{"embeddable":true,"href":"https:\/\/lemonlarry.com\/es\/wp-json\/wp\/v2\/pages\/1270"}],"wp:attachment":[{"href":"https:\/\/lemonlarry.com\/es\/wp-json\/wp\/v2\/media?parent=1281"}],"curies":[{"name":"wp","href":"https:\/\/api.w.org\/{rel}","templated":true}]}}