{"id":1286,"date":"2021-07-15T09:33:59","date_gmt":"2021-07-15T09:33:59","guid":{"rendered":"https:\/\/lemonlarry.com\/?page_id=1286"},"modified":"2021-07-15T09:33:59","modified_gmt":"2021-07-15T09:33:59","slug":"proceso-ley-limon-de-california","status":"publish","type":"page","link":"https:\/\/lemonlarry.com\/es\/proceso-ley-limon-de-california\/","title":{"rendered":"El proceso de reclamo de la Ley del Lim\u00f3n de California"},"content":{"rendered":"<p>Muchos consumidores se preguntan si el proceso de determinar si su veh\u00edculo es un lim\u00f3n es dif\u00edcil y requiere mucho tiempo. \u00bfSe pregunta c\u00f3mo funciona el proceso de reclamaci\u00f3n de la ley lim\u00f3n en California?<\/p>\n<p>Afortunadamente, el proceso es bastante sencillo y le toma muy poco tiempo determinar si su veh\u00edculo es un lim\u00f3n y si est\u00e1 protegido por las leyes del lim\u00f3n de California.<\/p>\n<p>Las preguntas principales son bastante est\u00e1ndar:<\/p>\n<ol>\n<li>El veh\u00edculo debe tener lo que se considera un \u00abdefecto sustancial\u00bb, que est\u00e1 cubierto por la garant\u00eda.<\/li>\n<li>\u00bfCompr\u00f3 o arrend\u00f3 su veh\u00edculo en California? La ley Lemon cubre los veh\u00edculos arrendados y comprados.<\/li>\n<li>\u00bfLlev\u00f3 su veh\u00edculo a reparar al concesionario donde lo compr\u00f3 una cantidad razonable de veces para que pudieran intentar solucionar el problema?<\/li>\n<li>\u00bfSu veh\u00edculo fue reparado mientras estaba bajo la garant\u00eda original por 30 d\u00edas o m\u00e1s?<\/li>\n<\/ol>\n<p>Cuando su distribuidor o el fabricante no cumplen con la garant\u00eda del fabricante y se les ha dado un n\u00famero razonable de intentos para hacerlo, normalmente se considera un lim\u00f3n. Esto significa que tiene derecho a un reemplazo o reembolso del veh\u00edculo. Si no califica como lim\u00f3n pero hay problemas cubiertos por la garant\u00eda, es posible que reciba una liquidaci\u00f3n de valor disminuido en forma de efectivo.<\/p>\n<p>Las leyes de lim\u00f3n de California pueden ser para veh\u00edculos nuevos y usados, o incluso para veh\u00edculos arrendados que vienen con una garant\u00eda por escrito. Estos son algunos de los remedios y protecciones que puede recibir:<\/p>\n<h2>Recompra o reembolso de lim\u00f3n<\/h2>\n<p>Su reembolso puede consistir en:<\/p>\n<ul>\n<li>Los pagos mensuales que realiz\u00f3 y su pago inicial;<\/li>\n<li>Impuesto sobre las ventas, registro del primer a\u00f1o, gastos de financiaci\u00f3n, contratos de servicio;<\/li>\n<li>El pago del saldo actual de su pr\u00e9stamo;<\/li>\n<li>Alquiler de autom\u00f3vil, remolque y otros gastos incidentales y consecuentes que se podr\u00eda decir razonablemente que se deben al defecto que cre\u00f3 el lim\u00f3n.<\/li>\n<\/ul>\n<p><strong>Para un veh\u00edculo arrendado<\/strong><\/p>\n<p>El reembolso es similar al anterior:<\/p>\n<ul>\n<li>Los pagos de arrendamiento que hizo y su pago inicial;<\/li>\n<li>Impuesto sobre las ventas, gastos financieros, registro durante el primer a\u00f1o;<\/li>\n<li>Veh\u00edculo de reemplazo;<\/li>\n<li>Contratos de servicio que recibi\u00f3 del fabricante;<\/li>\n<li>Pago de las restantes obligaciones de arrendamiento;<\/li>\n<li>Coche de alquiler, remolque y cualquier otro gasto incidental o consecuente relacionado con el problema;<\/li>\n<\/ul>\n<p>Si desea recibir un reemplazo de veh\u00edculo, debe:<\/p>\n<ul>\n<li>Ser sustancialmente igual al que compr\u00f3 o arrend\u00f3;<\/li>\n<li>Tener el mismo contrato de servicio;<\/li>\n<li>Tenga el concesionario o las opciones de f\u00e1brica que ten\u00eda con el veh\u00edculo original;<\/li>\n<li>Proporcionarle cualquier gasto incidental o consecuente de los defectos que resulten en que su veh\u00edculo sea considerado un lim\u00f3n, como remolque, alquiler, cosas as\u00ed;<\/li>\n<li>Tambi\u00e9n incluye las tarifas de licencia o registro y el impuesto sobre las ventas por el reemplazo del veh\u00edculo.<\/li>\n<\/ul>\n<h2>Compensaci\u00f3n de kilometraje<\/h2>\n<p>\u00bfAlguna vez condujo su veh\u00edculo sin problemas? Si es as\u00ed, el fabricante puede tener derecho a una compensaci\u00f3n. Su abogado de la ley del lim\u00f3n puede ayudarlo a explicar esto y el c\u00e1lculo, pero b\u00e1sicamente toma el precio del veh\u00edculo, lo multiplica por las millas recorridas antes del primer intento de reparaci\u00f3n y divide ese n\u00famero por la esperanza de vida promedio del veh\u00edculo.<\/p>\n<h2>Liquidaci\u00f3n en efectivo y en custodia<\/h2>\n<p>\u00bfQu\u00e9 pasa si su veh\u00edculo no es realmente un lim\u00f3n, pero ha tenido problemas? Es dinero en efectivo para el dolor de cabeza que le caus\u00f3, pero no renuncia a su veh\u00edculo. Lo conserva porque los problemas no se consideran lo suficientemente importantes como para afectar la seguridad, el valor o el uso.<\/p>\n<h2>\u00bfCu\u00e1nto te cuesta todo esto?<\/h2>\n<p>Recuerde, el abogado al que Lemon Larry puede referirlo no le pedir\u00e1 que pague honorarios legales porque las leyes de lim\u00f3n estatales y federales han determinado que el fabricante, no usted, pagar\u00e1 los costos y honorarios razonables de los abogados. Es una gran protecci\u00f3n para usted y para cualquier persona que tenga problemas despu\u00e9s de comprar un veh\u00edculo nuevo en California u otros estados.<\/p>\n","protected":false},"excerpt":{"rendered":"<p>Muchos consumidores se preguntan si el proceso de determinar si su veh\u00edculo es un lim\u00f3n es dif\u00edcil y requiere mucho tiempo. \u00bfSe pregunta c\u00f3mo funciona el proceso de reclamaci\u00f3n de la ley lim\u00f3n en California? Afortunadamente, el proceso es bastante sencillo y le toma muy poco tiempo determinar si su veh\u00edculo es un lim\u00f3n y&hellip; <a href=\"https:\/\/lemonlarry.com\/es\/proceso-ley-limon-de-california\/\" class=\"btn btn-primary position-absolute more-link\">Sigue leyendo<\/a><\/p>\n","protected":false},"author":1,"featured_media":0,"parent":0,"menu_order":0,"comment_status":"closed","ping_status":"closed","template":"","meta":{"_acf_changed":false,"footnotes":""},"class_list":["post-1286","page","type-page","status-publish"],"acf":[],"yoast_head":"<!-- This site is optimized with the Yoast SEO plugin v27.4 - https:\/\/yoast.com\/product\/yoast-seo-wordpress\/ -->\n<title>\u00bfC\u00f3mo funciona la Ley Lim\u00f3n en California? | Reclamaciones de coches de lim\u00f3n<\/title>\n<meta name=\"description\" content=\"cuando su distribuidor o el fabricante no cumple con la garant\u00eda del fabricante de su autom\u00f3vil o cami\u00f3n y se les ha dado un n\u00famero razonable de intentos para hacerlo, es probable que tenga un autom\u00f3vil lim\u00f3n.\" \/>\n<meta name=\"robots\" content=\"index, follow, max-snippet:-1, max-image-preview:large, max-video-preview:-1\" \/>\n<link rel=\"canonical\" href=\"https:\/\/lemonlarry.com\/es\/proceso-ley-limon-de-california\/\" \/>\n<meta property=\"og:locale\" content=\"es_ES\" \/>\n<meta property=\"og:type\" content=\"article\" \/>\n<meta property=\"og:title\" content=\"\u00bfC\u00f3mo funciona la Ley Lim\u00f3n en California? | Reclamaciones de coches de lim\u00f3n\" \/>\n<meta property=\"og:description\" content=\"cuando su distribuidor o el fabricante no cumple con la garant\u00eda del fabricante de su autom\u00f3vil o cami\u00f3n y se les ha dado un n\u00famero razonable de intentos para hacerlo, es probable que tenga un autom\u00f3vil lim\u00f3n.\" \/>\n<meta property=\"og:url\" content=\"https:\/\/lemonlarry.com\/es\/proceso-ley-limon-de-california\/\" \/>\n<meta property=\"og:site_name\" content=\"Lemon Larry - Lemon Law Experts\" \/>\n<meta name=\"twitter:card\" content=\"summary_large_image\" \/>\n<meta name=\"twitter:label1\" content=\"Tiempo de lectura\" \/>\n\t<meta name=\"twitter:data1\" content=\"4 minutos\" \/>\n<!-- \/ Yoast SEO plugin. -->","yoast_head_json":{"title":"\u00bfC\u00f3mo funciona la Ley Lim\u00f3n en California? | Reclamaciones de coches de lim\u00f3n","description":"cuando su distribuidor o el fabricante no cumple con la garant\u00eda del fabricante de su autom\u00f3vil o cami\u00f3n y se les ha dado un n\u00famero razonable de intentos para hacerlo, es probable que tenga un autom\u00f3vil lim\u00f3n.","robots":{"index":"index","follow":"follow","max-snippet":"max-snippet:-1","max-image-preview":"max-image-preview:large","max-video-preview":"max-video-preview:-1"},"canonical":"https:\/\/lemonlarry.com\/es\/proceso-ley-limon-de-california\/","og_locale":"es_ES","og_type":"article","og_title":"\u00bfC\u00f3mo funciona la Ley Lim\u00f3n en California? | Reclamaciones de coches de lim\u00f3n","og_description":"cuando su distribuidor o el fabricante no cumple con la garant\u00eda del fabricante de su autom\u00f3vil o cami\u00f3n y se les ha dado un n\u00famero razonable de intentos para hacerlo, es probable que tenga un autom\u00f3vil lim\u00f3n.","og_url":"https:\/\/lemonlarry.com\/es\/proceso-ley-limon-de-california\/","og_site_name":"Lemon Larry - Lemon Law Experts","twitter_card":"summary_large_image","twitter_misc":{"Tiempo de lectura":"4 minutos"},"schema":{"@context":"https:\/\/schema.org","@graph":[{"@type":"WebPage","@id":"https:\/\/lemonlarry.com\/es\/proceso-ley-limon-de-california\/","url":"https:\/\/lemonlarry.com\/es\/proceso-ley-limon-de-california\/","name":"\u00bfC\u00f3mo funciona la Ley Lim\u00f3n en California? | Reclamaciones de coches de lim\u00f3n","isPartOf":{"@id":"https:\/\/lemonlarry.com\/es\/#website"},"datePublished":"2021-07-15T09:33:59+00:00","description":"cuando su distribuidor o el fabricante no cumple con la garant\u00eda del fabricante de su autom\u00f3vil o cami\u00f3n y se les ha dado un n\u00famero razonable de intentos para hacerlo, es probable que tenga un autom\u00f3vil lim\u00f3n.","breadcrumb":{"@id":"https:\/\/lemonlarry.com\/es\/proceso-ley-limon-de-california\/#breadcrumb"},"inLanguage":"es","potentialAction":[{"@type":"ReadAction","target":["https:\/\/lemonlarry.com\/es\/proceso-ley-limon-de-california\/"]}]},{"@type":"BreadcrumbList","@id":"https:\/\/lemonlarry.com\/es\/proceso-ley-limon-de-california\/#breadcrumb","itemListElement":[{"@type":"ListItem","position":1,"name":"Home","item":"https:\/\/lemonlarry.com\/es\/"},{"@type":"ListItem","position":2,"name":"El proceso de reclamo de la Ley del Lim\u00f3n de California"}]},{"@type":"WebSite","@id":"https:\/\/lemonlarry.com\/es\/#website","url":"https:\/\/lemonlarry.com\/es\/","name":"Lemon Larry - Lemon Law Experts","description":"","potentialAction":[{"@type":"SearchAction","target":{"@type":"EntryPoint","urlTemplate":"https:\/\/lemonlarry.com\/es\/?s={search_term_string}"},"query-input":{"@type":"PropertyValueSpecification","valueRequired":true,"valueName":"search_term_string"}}],"inLanguage":"es"}]}},"_links":{"self":[{"href":"https:\/\/lemonlarry.com\/es\/wp-json\/wp\/v2\/pages\/1286","targetHints":{"allow":["GET"]}}],"collection":[{"href":"https:\/\/lemonlarry.com\/es\/wp-json\/wp\/v2\/pages"}],"about":[{"href":"https:\/\/lemonlarry.com\/es\/wp-json\/wp\/v2\/types\/page"}],"author":[{"embeddable":true,"href":"https:\/\/lemonlarry.com\/es\/wp-json\/wp\/v2\/users\/1"}],"replies":[{"embeddable":true,"href":"https:\/\/lemonlarry.com\/es\/wp-json\/wp\/v2\/comments?post=1286"}],"version-history":[{"count":1,"href":"https:\/\/lemonlarry.com\/es\/wp-json\/wp\/v2\/pages\/1286\/revisions"}],"predecessor-version":[{"id":1287,"href":"https:\/\/lemonlarry.com\/es\/wp-json\/wp\/v2\/pages\/1286\/revisions\/1287"}],"wp:attachment":[{"href":"https:\/\/lemonlarry.com\/es\/wp-json\/wp\/v2\/media?parent=1286"}],"curies":[{"name":"wp","href":"https:\/\/api.w.org\/{rel}","templated":true}]}}