{"id":1289,"date":"2021-07-15T09:44:30","date_gmt":"2021-07-15T09:44:30","guid":{"rendered":"https:\/\/lemonlarry.com\/?page_id=1289"},"modified":"2021-08-12T13:17:33","modified_gmt":"2021-08-12T13:17:33","slug":"abogado-de-miami-lemon-law","status":"publish","type":"page","link":"https:\/\/lemonlarry.com\/es\/abogado-ley-limon-florida\/abogado-ley-limon-miami\/","title":{"rendered":"Abogado de la ley del lim\u00f3n en Miami"},"content":{"rendered":"<p>Los residentes de Miami tienen la suerte de disfrutar del hermoso sol durante todo el a\u00f1o, a menos que est\u00e9n al lado de un autom\u00f3vil que no funciona. \u00bfSu nuevo autom\u00f3vil, camioneta, motocicleta o SUV ha resultado ser un lim\u00f3n? En Florida y otros estados existen \u201cleyes lim\u00f3n\u201d con el nombre adecuado para proteger a los consumidores como usted que, sin saberlo, han comprado un veh\u00edculo defectuoso o imperfecto. Lemon Larry puede ponerlo en contacto con un abogado especializado en leyes lim\u00f3n de Miami para que lo ayude a presentar un reclamo.<\/p>\n<p>Texto del bot\u00f3n: <a class=\"case-review-link\" href=\"https:\/\/www.videoask.com\/fkuipc1n0\" target=\"_blank\" rel=\"noopener noreferrer\">vea si tiene un lim\u00f3n<\/a> (responda estas 7 preguntas sobre su veh\u00edculo defectuoso)<\/p>\n<ul>\n<li>\u00a1Obtenga ayuda GRATUITA de un abogado de la ley del lim\u00f3n de Miami!<\/li>\n<li>\u00a1Responda estas 7 preguntas para ver si califica!<\/li>\n<li>\u00a1Podr\u00eda ganar un reembolso u obtener un veh\u00edculo de reemplazo!<\/li>\n<\/ul>\n<h2>Encuentre un abogado con experiencia en reclamos de la ley del lim\u00f3n<\/h2>\n<p>Si bien <a href=\"https:\/\/lemonlarry.com\/es\/abogado-ley-limon-florida\/\">las leyes del lim\u00f3n de Florida<\/a> son bastante sencillas y similares a las leyes de otros estados, a veces pueden complicarse. Muchos factores pueden afectar su reclamo de la ley del lim\u00f3n. Cuando presente un reclamo ante la junta de arbitraje certificada por Florida del fabricante del veh\u00edculo, estar\u00e1n legalmente preparados para resistir. No ganan dinero recuperando veh\u00edculos defectuosos. Necesitar\u00e1 un abogado con experiencia en reclamos de la ley lim\u00f3n de Miami para presentar su caso y luchar por sus derechos.<\/p>\n<p>En la mayor\u00eda de los casos de arbitraje seg\u00fan la ley lim\u00f3n, o incluso si su reclamo llega a los tribunales, el concesionario de su veh\u00edculo proporcionar\u00e1 la evidencia principal necesaria. La ley estipula que debe permitirle al distribuidor un \u201cn\u00famero razonable\u201d de oportunidades para corregir el defecto y hacer reparaciones. Cada vez que visita al concesionario para solicitar servicio, \u00e9ste hace un registro formal de los servicios que brinda. Estos registros son vitales para su caso. Ellos proveen:<\/p>\n<ul>\n<li>Evidencia certificable de un defecto o problema con el veh\u00edculo.<\/li>\n<li>Fechas de servicio y servicios realizados en repetidos intentos de reparar el veh\u00edculo.<\/li>\n<li>Evidencia de que le ha permitido al concesionario un \u00abn\u00famero razonable\u00bb de intentos para reparar el veh\u00edculo<\/li>\n<li>Prueba de que el concesionario ha realizado repetidos intentos de reparar el veh\u00edculo sin \u00e9xito.<\/li>\n<\/ul>\n<p>Si a\u00fan no tiene copias de estos registros, puede obtener del concesionario un registro completo de servicio de su veh\u00edculo. Simplemente solic\u00edteles una copia impresa del registro de servicio de su veh\u00edculo. Conserve estos registros y aseg\u00farese de que incluyan las fechas y el tiempo que pas\u00f3 en el distribuidor para realizar el servicio.<\/p>\n<h3>\u00bfNo es costoso presentar un reclamo legal bajo las leyes Lemon?<\/h3>\n<p>\u00a1No para ti, no lo es! Una de las principales protecciones de las leyes de lim\u00f3n de Florida se refiere a los honorarios legales. Si gana su reclamo de la ley lim\u00f3n contra el fabricante del veh\u00edculo, la ley exige que ellos paguen todos los honorarios legales y le proporcionen un reembolso por el precio de compra de su veh\u00edculo o le proporcionen un veh\u00edculo de reemplazo. \u00a1Podr\u00edas conseguir un coche nuevo absolutamente gratis!<\/p>\n<p>Lemon Larry no es una firma legal y no cobramos a los consumidores por nuestros servicios. Lo pre calificamos como un posible cliente de la ley del lim\u00f3n y lo conectamos con un abogado de la ley del lim\u00f3n en Miami cercano que puede ayudarlo a construir y presentar un reclamo bajo las leyes del lim\u00f3n de Florida.<\/p>\n<p>T\u00f3mese unos segundos ahora mismo y complete nuestra evaluaci\u00f3n de precalificaci\u00f3n de 7 preguntas en l\u00ednea. Si re\u00fane los requisitos, se le comunicar\u00e1 de inmediato con un abogado experto en leyes lim\u00f3n de Miami que estar\u00e1 encantado de responder sus preguntas y mostrarle los siguientes pasos para presentar un reclamo. No espere, realice nuestra breve evaluaci\u00f3n ahora.<\/p>\n","protected":false},"excerpt":{"rendered":"<p>Los residentes de Miami tienen la suerte de disfrutar del hermoso sol durante todo el a\u00f1o, a menos que est\u00e9n al lado de un autom\u00f3vil que no funciona. \u00bfSu nuevo autom\u00f3vil, camioneta, motocicleta o SUV ha resultado ser un lim\u00f3n? En Florida y otros estados existen \u201cleyes lim\u00f3n\u201d con el nombre adecuado para proteger a&hellip; <a href=\"https:\/\/lemonlarry.com\/es\/abogado-ley-limon-florida\/abogado-ley-limon-miami\/\" class=\"btn btn-primary position-absolute more-link\">Sigue leyendo<\/a><\/p>\n","protected":false},"author":1,"featured_media":0,"parent":1275,"menu_order":0,"comment_status":"closed","ping_status":"closed","template":"","meta":{"_acf_changed":false,"footnotes":""},"class_list":["post-1289","page","type-page","status-publish"],"acf":[],"yoast_head":"<!-- This site is optimized with the Yoast SEO plugin v27.4 - https:\/\/yoast.com\/product\/yoast-seo-wordpress\/ -->\n<title>Abogado de la ley del lim\u00f3n en Miami | Encuentre un abogado con experiencia en reclamos de la ley del lim\u00f3n<\/title>\n<meta name=\"description\" content=\"\u00a1Lemon Larry est\u00e1 aqu\u00ed para ayudarte cuando compras un lim\u00f3n sin darte cuenta en Miami! Podemos ponerlo en contacto con un abogado de la ley lim\u00f3n de Miami que puede ayudarlo a presentar un reclamo para resolver su dilema. \u00a1Realice nuestra evaluaci\u00f3n de 7 preguntas ahora y vea si califica!\" \/>\n<meta name=\"robots\" content=\"index, follow, max-snippet:-1, max-image-preview:large, max-video-preview:-1\" \/>\n<link rel=\"canonical\" href=\"https:\/\/lemonlarry.com\/es\/abogado-ley-limon-florida\/abogado-ley-limon-miami\/\" \/>\n<meta property=\"og:locale\" content=\"es_ES\" \/>\n<meta property=\"og:type\" content=\"article\" \/>\n<meta property=\"og:title\" content=\"Abogado de la ley del lim\u00f3n en Miami | Encuentre un abogado con experiencia en reclamos de la ley del lim\u00f3n\" \/>\n<meta property=\"og:description\" content=\"\u00a1Lemon Larry est\u00e1 aqu\u00ed para ayudarte cuando compras un lim\u00f3n sin darte cuenta en Miami! Podemos ponerlo en contacto con un abogado de la ley lim\u00f3n de Miami que puede ayudarlo a presentar un reclamo para resolver su dilema. \u00a1Realice nuestra evaluaci\u00f3n de 7 preguntas ahora y vea si califica!\" \/>\n<meta property=\"og:url\" content=\"https:\/\/lemonlarry.com\/es\/abogado-ley-limon-florida\/abogado-ley-limon-miami\/\" \/>\n<meta property=\"og:site_name\" content=\"Lemon Larry - Lemon Law Experts\" \/>\n<meta property=\"article:modified_time\" content=\"2021-08-12T13:17:33+00:00\" \/>\n<meta name=\"twitter:card\" content=\"summary_large_image\" \/>\n<meta name=\"twitter:label1\" content=\"Tiempo de lectura\" \/>\n\t<meta name=\"twitter:data1\" content=\"3 minutos\" \/>\n<!-- \/ Yoast SEO plugin. -->","yoast_head_json":{"title":"Abogado de la ley del lim\u00f3n en Miami | Encuentre un abogado con experiencia en reclamos de la ley del lim\u00f3n","description":"\u00a1Lemon Larry est\u00e1 aqu\u00ed para ayudarte cuando compras un lim\u00f3n sin darte cuenta en Miami! Podemos ponerlo en contacto con un abogado de la ley lim\u00f3n de Miami que puede ayudarlo a presentar un reclamo para resolver su dilema. \u00a1Realice nuestra evaluaci\u00f3n de 7 preguntas ahora y vea si califica!","robots":{"index":"index","follow":"follow","max-snippet":"max-snippet:-1","max-image-preview":"max-image-preview:large","max-video-preview":"max-video-preview:-1"},"canonical":"https:\/\/lemonlarry.com\/es\/abogado-ley-limon-florida\/abogado-ley-limon-miami\/","og_locale":"es_ES","og_type":"article","og_title":"Abogado de la ley del lim\u00f3n en Miami | Encuentre un abogado con experiencia en reclamos de la ley del lim\u00f3n","og_description":"\u00a1Lemon Larry est\u00e1 aqu\u00ed para ayudarte cuando compras un lim\u00f3n sin darte cuenta en Miami! Podemos ponerlo en contacto con un abogado de la ley lim\u00f3n de Miami que puede ayudarlo a presentar un reclamo para resolver su dilema. \u00a1Realice nuestra evaluaci\u00f3n de 7 preguntas ahora y vea si califica!","og_url":"https:\/\/lemonlarry.com\/es\/abogado-ley-limon-florida\/abogado-ley-limon-miami\/","og_site_name":"Lemon Larry - Lemon Law Experts","article_modified_time":"2021-08-12T13:17:33+00:00","twitter_card":"summary_large_image","twitter_misc":{"Tiempo de lectura":"3 minutos"},"schema":{"@context":"https:\/\/schema.org","@graph":[{"@type":"WebPage","@id":"https:\/\/lemonlarry.com\/es\/abogado-ley-limon-florida\/abogado-ley-limon-miami\/","url":"https:\/\/lemonlarry.com\/es\/abogado-ley-limon-florida\/abogado-ley-limon-miami\/","name":"Abogado de la ley del lim\u00f3n en Miami | Encuentre un abogado con experiencia en reclamos de la ley del lim\u00f3n","isPartOf":{"@id":"https:\/\/lemonlarry.com\/es\/#website"},"datePublished":"2021-07-15T09:44:30+00:00","dateModified":"2021-08-12T13:17:33+00:00","description":"\u00a1Lemon Larry est\u00e1 aqu\u00ed para ayudarte cuando compras un lim\u00f3n sin darte cuenta en Miami! Podemos ponerlo en contacto con un abogado de la ley lim\u00f3n de Miami que puede ayudarlo a presentar un reclamo para resolver su dilema. \u00a1Realice nuestra evaluaci\u00f3n de 7 preguntas ahora y vea si califica!","breadcrumb":{"@id":"https:\/\/lemonlarry.com\/es\/abogado-ley-limon-florida\/abogado-ley-limon-miami\/#breadcrumb"},"inLanguage":"es","potentialAction":[{"@type":"ReadAction","target":["https:\/\/lemonlarry.com\/es\/abogado-ley-limon-florida\/abogado-ley-limon-miami\/"]}]},{"@type":"BreadcrumbList","@id":"https:\/\/lemonlarry.com\/es\/abogado-ley-limon-florida\/abogado-ley-limon-miami\/#breadcrumb","itemListElement":[{"@type":"ListItem","position":1,"name":"Home","item":"https:\/\/lemonlarry.com\/es\/"},{"@type":"ListItem","position":2,"name":"Abogado de la ley del lim\u00f3n en Florida","item":"https:\/\/lemonlarry.com\/es\/abogado-ley-limon-florida\/"},{"@type":"ListItem","position":3,"name":"Abogado de la ley del lim\u00f3n en Miami"}]},{"@type":"WebSite","@id":"https:\/\/lemonlarry.com\/es\/#website","url":"https:\/\/lemonlarry.com\/es\/","name":"Lemon Larry - Lemon Law Experts","description":"","potentialAction":[{"@type":"SearchAction","target":{"@type":"EntryPoint","urlTemplate":"https:\/\/lemonlarry.com\/es\/?s={search_term_string}"},"query-input":{"@type":"PropertyValueSpecification","valueRequired":true,"valueName":"search_term_string"}}],"inLanguage":"es"}]}},"_links":{"self":[{"href":"https:\/\/lemonlarry.com\/es\/wp-json\/wp\/v2\/pages\/1289","targetHints":{"allow":["GET"]}}],"collection":[{"href":"https:\/\/lemonlarry.com\/es\/wp-json\/wp\/v2\/pages"}],"about":[{"href":"https:\/\/lemonlarry.com\/es\/wp-json\/wp\/v2\/types\/page"}],"author":[{"embeddable":true,"href":"https:\/\/lemonlarry.com\/es\/wp-json\/wp\/v2\/users\/1"}],"replies":[{"embeddable":true,"href":"https:\/\/lemonlarry.com\/es\/wp-json\/wp\/v2\/comments?post=1289"}],"version-history":[{"count":6,"href":"https:\/\/lemonlarry.com\/es\/wp-json\/wp\/v2\/pages\/1289\/revisions"}],"predecessor-version":[{"id":1552,"href":"https:\/\/lemonlarry.com\/es\/wp-json\/wp\/v2\/pages\/1289\/revisions\/1552"}],"up":[{"embeddable":true,"href":"https:\/\/lemonlarry.com\/es\/wp-json\/wp\/v2\/pages\/1275"}],"wp:attachment":[{"href":"https:\/\/lemonlarry.com\/es\/wp-json\/wp\/v2\/media?parent=1289"}],"curies":[{"name":"wp","href":"https:\/\/api.w.org\/{rel}","templated":true}]}}