{"id":1294,"date":"2021-07-15T09:59:31","date_gmt":"2021-07-15T09:59:31","guid":{"rendered":"https:\/\/lemonlarry.com\/?page_id=1294"},"modified":"2021-08-12T13:17:59","modified_gmt":"2021-08-12T13:17:59","slug":"abogado-de-ley-limon-de-dallas","status":"publish","type":"page","link":"https:\/\/lemonlarry.com\/es\/abogado-de-ley-limon-de-texas\/abogado-de-ley-limon-de-dallas\/","title":{"rendered":"Abogado de la ley del lim\u00f3n en Dallas"},"content":{"rendered":"<p>Los propietarios de autom\u00f3viles que no pueden usar su veh\u00edculo porque pasan demasiado tiempo haciendo reparaciones pueden tener elegibilidad legal para un reemplazo o reembolso seg\u00fan <a href=\"https:\/\/lemonlarry.com\/es\/abogado-de-ley-limon-de-texas\/\">la ley lim\u00f3n de Texas<\/a>.<\/p>\n<p>La ley del lim\u00f3n de Texas requiere que el defecto est\u00e9 cubierto por una garant\u00eda por escrito y que el distribuidor o vendedor haya sido notificado de la falla dentro de los primeros 24 meses de propiedad o dentro de las 24,000 millas.<\/p>\n<p>El tiempo no est\u00e1 de tu lado; solo tiene seis meses despu\u00e9s de cualquiera de estos tres eventos para presentar una reclamaci\u00f3n:<\/p>\n<ol>\n<li>Vencimiento de la garant\u00eda<\/li>\n<li>Agregaste 24,000 millas al od\u00f3metro<\/li>\n<li>Dos a\u00f1os de propiedad<\/li>\n<\/ol>\n<p>No deje pasar la oportunidad de solicitar un reembolso o un reemplazo simplemente porque no est\u00e1 seguro.<\/p>\n<p>Lemon Larry ofrece ayuda gratuita en l\u00ednea a los consumidores de Texas que hayan comprado un autom\u00f3vil lemon. Lemon Larry es su defensor para obtener la ayuda que necesita. Si cree que tiene un lim\u00f3n, tome <a class=\"case-review-link\" href=\"https:\/\/www.videoask.com\/fkuipc1n0\" target=\"_blank\" rel=\"noopener noreferrer\">esta prueba de siete preguntas<\/a> para ver si califica para recibir ayuda de inmediato. Lemon Larry le pondr\u00e1 en contacto con un abogado especializado en leyes lim\u00f3n en Dallas, Texas.<\/p>\n<h2>Encuentre un abogado con experiencia en reclamos de la ley del lim\u00f3n<\/h2>\n<p>Aqu\u00ed es donde resulta \u00fatil utilizar los servicios de Lemon Larry. Los asociados de Lemon Larry encontrar\u00e1n un abogado con experiencia en la ley del lim\u00f3n cerca de usted. Estos abogados de la ley lim\u00f3n tienen una experiencia considerable en el manejo de veh\u00edculos cubiertos por la ley lim\u00f3n de Texas, presentando reclamos y negociando acuerdos para obtener el reembolso de los gastos cubiertos.<\/p>\n<p>Conocen la ley del lim\u00f3n, como los gastos de bolsillo para los coches de alquiler o las reparaciones cubiertas. Todo lo que necesita hacer es proporcionarles todos los documentos de reparaci\u00f3n y notificaciones sobre defectos que le dio al concesionario o vendedor.<\/p>\n<h3>\u00bfC\u00f3mo s\u00e9 si tengo un lim\u00f3n?<\/h3>\n<p>Si tom\u00f3 la prueba de siete preguntas, es muy probable que tenga un lim\u00f3n bajo la ley del lim\u00f3n de Texas. Debe consultar con el abogado experto y experimentado en la ley del lim\u00f3n de Texas con el que Lemon Larry lo pondr\u00e1 en contacto.<\/p>\n<p>No debe preocuparse por si puede pagar un abogado o no; este servicio es completamente gratuito para los consumidores identificados con un lim\u00f3n, de acuerdo con la ley de Texas.<\/p>\n<h4>\u00bfCu\u00e1les son las condiciones requeridas?<\/h4>\n<p>Es vital conservar todos los recibos de reparaciones y notificaciones del concesionario o vendedor. Cuanta m\u00e1s documentaci\u00f3n tenga y m\u00e1s detallada sea, mayores ser\u00e1n las posibilidades de que un abogado demuestre que le entregaron un lim\u00f3n.<\/p>\n<p>Incluso cuando el vendedor era un amigo o un familiar, es posible que no supieran de los defectos del autom\u00f3vil, especialmente con un veh\u00edculo nuevo. En la mayor\u00eda de los casos, no hay forma de saber sobre el defecto de un fabricante antes de comprar. En algunos casos, los fabricantes retiran veh\u00edculos por defectos conocidos o problemas de seguridad, pero estos suelen estar cubiertos por la retirada y reparados.<\/p>\n<p>La ley lim\u00f3n de Texas cubre defectos y problemas de seguridad cubiertos por la garant\u00eda del veh\u00edculo, que despu\u00e9s de un n\u00famero \u00abrazonable\u00bb de intentos no son reparables.<\/p>\n<p>Esto se conoce generalmente como la \u00abPrueba Cuatro Veces\u00bb en Texas. Si su veh\u00edculo fue reparado por el mismo defecto cuatro o m\u00e1s veces dentro de dos a\u00f1os o 24,000 millas, y a\u00fan no se repara, eso cumple con los requisitos de la ley lim\u00f3n.<\/p>\n<p>Sin embargo, algunos problemas potencialmente mortales y defectos de seguridad pueden calificar para reemplazo o reembolso despu\u00e9s de solo uno o dos intentos.<\/p>\n<p>Estas condiciones no deber\u00edan ser tu preocupaci\u00f3n. Comun\u00edquese con Lemon Larry y deje que lo ayuden a obtener justicia legal para su lim\u00f3n.<\/p>\n<h4>\u00bfC\u00f3mo s\u00e9 si tengo un lim\u00f3n?<\/h4>\n<p>Una vez m\u00e1s, responda la prueba de siete preguntas, comun\u00edquese con Lemon Larry y deje que sus asociados lo ayuden a comunicarse con un abogado calificado y con conocimiento de la ley del lim\u00f3n de Texas.<\/p>\n<p>A pesar de que Texas y muchos otros estados no cubren los autos usados \u200b\u200b(aquellos que no est\u00e1n cubiertos por la garant\u00eda del fabricante) bajo la ley del lim\u00f3n, eso no significa que los distribuidores y vendedores est\u00e9n completamente fuera de peligro si le venden un lim\u00f3n.<\/p>\n<p>Las leyes federales de lim\u00f3n, conocidas como la Ley de Garant\u00eda Magnuson-Moss, hacen que sea esencial que un abogado calificado en la ley de lim\u00f3n revise su caso.<\/p>\n","protected":false},"excerpt":{"rendered":"<p>Los propietarios de autom\u00f3viles que no pueden usar su veh\u00edculo porque pasan demasiado tiempo haciendo reparaciones pueden tener elegibilidad legal para un reemplazo o reembolso seg\u00fan la ley lim\u00f3n de Texas. La ley del lim\u00f3n de Texas requiere que el defecto est\u00e9 cubierto por una garant\u00eda por escrito y que el distribuidor o vendedor haya&hellip; <a href=\"https:\/\/lemonlarry.com\/es\/abogado-de-ley-limon-de-texas\/abogado-de-ley-limon-de-dallas\/\" class=\"btn btn-primary position-absolute more-link\">Sigue leyendo<\/a><\/p>\n","protected":false},"author":1,"featured_media":0,"parent":1272,"menu_order":0,"comment_status":"closed","ping_status":"closed","template":"","meta":{"_acf_changed":false,"footnotes":""},"class_list":["post-1294","page","type-page","status-publish"],"acf":[],"yoast_head":"<!-- This site is optimized with the Yoast SEO plugin v27.5 - https:\/\/yoast.com\/product\/yoast-seo-wordpress\/ -->\n<title>Abogado de la ley del lim\u00f3n en Dallas | Encuentre un abogado con experiencia en reclamos de la ley del lim\u00f3n<\/title>\n<meta name=\"description\" content=\"Si compr\u00f3 un lim\u00f3n y tiene defectos calificados que no son reparables, puede calificar para el reemplazo o reembolso de los gastos incurridos debido a esa compra. El tiempo es cr\u00edtico; deja que Lemon Larry te ayude hoy.\" \/>\n<meta name=\"robots\" content=\"index, follow, max-snippet:-1, max-image-preview:large, max-video-preview:-1\" \/>\n<link rel=\"canonical\" href=\"https:\/\/lemonlarry.com\/es\/abogado-de-ley-limon-de-texas\/abogado-de-ley-limon-de-dallas\/\" \/>\n<meta property=\"og:locale\" content=\"es_ES\" \/>\n<meta property=\"og:type\" content=\"article\" \/>\n<meta property=\"og:title\" content=\"Abogado de la ley del lim\u00f3n en Dallas | Encuentre un abogado con experiencia en reclamos de la ley del lim\u00f3n\" \/>\n<meta property=\"og:description\" content=\"Si compr\u00f3 un lim\u00f3n y tiene defectos calificados que no son reparables, puede calificar para el reemplazo o reembolso de los gastos incurridos debido a esa compra. El tiempo es cr\u00edtico; deja que Lemon Larry te ayude hoy.\" \/>\n<meta property=\"og:url\" content=\"https:\/\/lemonlarry.com\/es\/abogado-de-ley-limon-de-texas\/abogado-de-ley-limon-de-dallas\/\" \/>\n<meta property=\"og:site_name\" content=\"Lemon Larry - Lemon Law Experts\" \/>\n<meta property=\"article:modified_time\" content=\"2021-08-12T13:17:59+00:00\" \/>\n<meta name=\"twitter:card\" content=\"summary_large_image\" \/>\n<meta name=\"twitter:label1\" content=\"Tiempo de lectura\" \/>\n\t<meta name=\"twitter:data1\" content=\"4 minutos\" \/>\n<!-- \/ Yoast SEO plugin. -->","yoast_head_json":{"title":"Abogado de la ley del lim\u00f3n en Dallas | Encuentre un abogado con experiencia en reclamos de la ley del lim\u00f3n","description":"Si compr\u00f3 un lim\u00f3n y tiene defectos calificados que no son reparables, puede calificar para el reemplazo o reembolso de los gastos incurridos debido a esa compra. El tiempo es cr\u00edtico; deja que Lemon Larry te ayude hoy.","robots":{"index":"index","follow":"follow","max-snippet":"max-snippet:-1","max-image-preview":"max-image-preview:large","max-video-preview":"max-video-preview:-1"},"canonical":"https:\/\/lemonlarry.com\/es\/abogado-de-ley-limon-de-texas\/abogado-de-ley-limon-de-dallas\/","og_locale":"es_ES","og_type":"article","og_title":"Abogado de la ley del lim\u00f3n en Dallas | Encuentre un abogado con experiencia en reclamos de la ley del lim\u00f3n","og_description":"Si compr\u00f3 un lim\u00f3n y tiene defectos calificados que no son reparables, puede calificar para el reemplazo o reembolso de los gastos incurridos debido a esa compra. El tiempo es cr\u00edtico; deja que Lemon Larry te ayude hoy.","og_url":"https:\/\/lemonlarry.com\/es\/abogado-de-ley-limon-de-texas\/abogado-de-ley-limon-de-dallas\/","og_site_name":"Lemon Larry - Lemon Law Experts","article_modified_time":"2021-08-12T13:17:59+00:00","twitter_card":"summary_large_image","twitter_misc":{"Tiempo de lectura":"4 minutos"},"schema":{"@context":"https:\/\/schema.org","@graph":[{"@type":"WebPage","@id":"https:\/\/lemonlarry.com\/es\/abogado-de-ley-limon-de-texas\/abogado-de-ley-limon-de-dallas\/","url":"https:\/\/lemonlarry.com\/es\/abogado-de-ley-limon-de-texas\/abogado-de-ley-limon-de-dallas\/","name":"Abogado de la ley del lim\u00f3n en Dallas | Encuentre un abogado con experiencia en reclamos de la ley del lim\u00f3n","isPartOf":{"@id":"https:\/\/lemonlarry.com\/es\/#website"},"datePublished":"2021-07-15T09:59:31+00:00","dateModified":"2021-08-12T13:17:59+00:00","description":"Si compr\u00f3 un lim\u00f3n y tiene defectos calificados que no son reparables, puede calificar para el reemplazo o reembolso de los gastos incurridos debido a esa compra. El tiempo es cr\u00edtico; deja que Lemon Larry te ayude hoy.","breadcrumb":{"@id":"https:\/\/lemonlarry.com\/es\/abogado-de-ley-limon-de-texas\/abogado-de-ley-limon-de-dallas\/#breadcrumb"},"inLanguage":"es","potentialAction":[{"@type":"ReadAction","target":["https:\/\/lemonlarry.com\/es\/abogado-de-ley-limon-de-texas\/abogado-de-ley-limon-de-dallas\/"]}]},{"@type":"BreadcrumbList","@id":"https:\/\/lemonlarry.com\/es\/abogado-de-ley-limon-de-texas\/abogado-de-ley-limon-de-dallas\/#breadcrumb","itemListElement":[{"@type":"ListItem","position":1,"name":"Home","item":"https:\/\/lemonlarry.com\/es\/"},{"@type":"ListItem","position":2,"name":"Abogado de la ley del lim\u00f3n en Texas","item":"https:\/\/lemonlarry.com\/es\/abogado-de-ley-limon-de-texas\/"},{"@type":"ListItem","position":3,"name":"Abogado de la ley del lim\u00f3n en Dallas"}]},{"@type":"WebSite","@id":"https:\/\/lemonlarry.com\/es\/#website","url":"https:\/\/lemonlarry.com\/es\/","name":"Lemon Larry - Lemon Law Experts","description":"","potentialAction":[{"@type":"SearchAction","target":{"@type":"EntryPoint","urlTemplate":"https:\/\/lemonlarry.com\/es\/?s={search_term_string}"},"query-input":{"@type":"PropertyValueSpecification","valueRequired":true,"valueName":"search_term_string"}}],"inLanguage":"es"}]}},"_links":{"self":[{"href":"https:\/\/lemonlarry.com\/es\/wp-json\/wp\/v2\/pages\/1294","targetHints":{"allow":["GET"]}}],"collection":[{"href":"https:\/\/lemonlarry.com\/es\/wp-json\/wp\/v2\/pages"}],"about":[{"href":"https:\/\/lemonlarry.com\/es\/wp-json\/wp\/v2\/types\/page"}],"author":[{"embeddable":true,"href":"https:\/\/lemonlarry.com\/es\/wp-json\/wp\/v2\/users\/1"}],"replies":[{"embeddable":true,"href":"https:\/\/lemonlarry.com\/es\/wp-json\/wp\/v2\/comments?post=1294"}],"version-history":[{"count":5,"href":"https:\/\/lemonlarry.com\/es\/wp-json\/wp\/v2\/pages\/1294\/revisions"}],"predecessor-version":[{"id":1554,"href":"https:\/\/lemonlarry.com\/es\/wp-json\/wp\/v2\/pages\/1294\/revisions\/1554"}],"up":[{"embeddable":true,"href":"https:\/\/lemonlarry.com\/es\/wp-json\/wp\/v2\/pages\/1272"}],"wp:attachment":[{"href":"https:\/\/lemonlarry.com\/es\/wp-json\/wp\/v2\/media?parent=1294"}],"curies":[{"name":"wp","href":"https:\/\/api.w.org\/{rel}","templated":true}]}}