{"id":1298,"date":"2021-07-15T10:20:55","date_gmt":"2021-07-15T10:20:55","guid":{"rendered":"https:\/\/lemonlarry.com\/?page_id=1298"},"modified":"2021-08-12T13:18:19","modified_gmt":"2021-08-12T13:18:19","slug":"abogado-de-houston-lemon-law","status":"publish","type":"page","link":"https:\/\/lemonlarry.com\/es\/abogado-de-ley-limon-de-texas\/abogado-de-ley-limon-de-houston\/","title":{"rendered":"Abogado de la ley del lim\u00f3n en Houston"},"content":{"rendered":"<p>Dado que Houston, TX, es el hogar del Centro Espacial Johnson de la NASA, es l\u00f3gico que la primera palabra pronunciada desde la luna sea \u00abHouston\u00bb. Adem\u00e1s de ser conocida como la capital de la exploraci\u00f3n espacial, Houston es tambi\u00e9n la cuarta ciudad m\u00e1s grande de los Estados Unidos. Con tantos residentes, muchos de los cuales poseen varios veh\u00edculos de \u00faltimo modelo, es razonable que algunos de ellos terminen comprando un lim\u00f3n. Lemon Larry puede ponerlo en contacto con un abogado con experiencia en la ley del lim\u00f3n de Houston cuando compre un veh\u00edculo defectuoso.<\/p>\n<p>Texto del bot\u00f3n: <a class=\"case-review-link\" href=\"https:\/\/www.videoask.com\/fkuipc1n0\" target=\"_blank\" rel=\"noopener noreferrer\">vea si tiene un lim\u00f3n<\/a> (responda estas 7 preguntas sobre su veh\u00edculo defectuoso)<\/p>\n<ul>\n<li style=\"list-style-type: none;\">\n<ul>\n<li>\u00a1Obtenga ayuda GRATUITA de un abogado de la ley del lim\u00f3n de Houston!<\/li>\n<li>\u00a1Solo toma unos segundos responder algunas preguntas y ver si califica!<\/li>\n<li>\u00a1Puede obtener un reembolso o un veh\u00edculo de reemplazo del fabricante!<\/li>\n<\/ul>\n<\/li>\n<\/ul>\n<h2>\u00bfC\u00f3mo s\u00e9 si tengo un lim\u00f3n?<\/h2>\n<p>Las leyes del lim\u00f3n de Texas detallan ciertas condiciones que su veh\u00edculo debe cumplir para calificar como un lim\u00f3n. Estas condiciones incluyen:<\/p>\n<ul>\n<li>El veh\u00edculo debe tener un defecto sustancial de fabricaci\u00f3n.<\/li>\n<li>El defecto debe estar cubierto por la garant\u00eda del fabricante del veh\u00edculo.<\/li>\n<li>El defecto debe ser informado al fabricante del veh\u00edculo durante el per\u00edodo de garant\u00eda.<\/li>\n<li>El distribuidor debe contar con un n\u00famero razonable de oportunidades para corregir el defecto.<\/li>\n<li>El defecto debe persistir y perjudicar sustancialmente el valor o la facilidad de uso del veh\u00edculo, o crear un peligro grave para la seguridad.<\/li>\n<\/ul>\n<p><a href=\"https:\/\/lemonlarry.com\/es\/abogado-de-ley-limon-de-texas\/\">Las leyes lim\u00f3n de Texas<\/a> tambi\u00e9n dan tres pruebas que definen un \u00abn\u00famero razonable\u00bb de intentos para reparar el problema o defecto del veh\u00edculo. Un abogado de la ley del lim\u00f3n de Houston puede explicar m\u00e1s sobre las leyes del lim\u00f3n de Texas y c\u00f3mo se aplican en su caso particular.<\/p>\n<p>Lemon Larry puede ponerlo en contacto con un abogado experimentado y experto en reclamos de la ley del lim\u00f3n de Houston que puede ayudarlo a presentar un reclamo con el fabricante. Seg\u00fan las leyes del lim\u00f3n de Texas, el fabricante del veh\u00edculo es responsable de pagar los honorarios de su abogado si gana su reclamo. \u00a1Puede obtener un reembolso por el precio de compra de su veh\u00edculo defectuoso o recibir un veh\u00edculo de reemplazo SIN costo!<\/p>\n<h3>Encuentre un abogado con experiencia en reclamos de la ley del lim\u00f3n<\/h3>\n<p>Lemon Larry no es un bufete de abogados. Somos socios de abogados experimentados en la ley del lim\u00f3n en los Estados Unidos que pueden ayudarlo con los reclamos de la ley del lim\u00f3n relacionados con los veh\u00edculos. Las leyes del lim\u00f3n de todos los estados son similares, pero var\u00edan un poco. Es por eso que lo dirigimos a un abogado con experiencia en la ley del lim\u00f3n en su propia ciudad que conozca las leyes de su estado. Un abogado de reclamos de la ley del lim\u00f3n de Houston puede explicar las diversas leyes en Texas y c\u00f3mo se aplican a su caso.<\/p>\n<h4>\u00bfQu\u00e9 necesito para presentar un reclamo de la Ley del Lim\u00f3n de Texas en Houston?<\/h4>\n<p>Puede prepararse ahora antes de que Lemon Larry lo conecte con un abogado de la ley del lim\u00f3n de Houston. La evidencia principal que necesitar\u00e1 su abogado son los informes de servicio de un distribuidor autorizado sobre su veh\u00edculo. Cada vez que lleva el veh\u00edculo al concesionario por su problema persistente, ellos hacen un registro completo de los servicios que brindan. Incluso si no descubren el problema o una soluci\u00f3n, se hace un registro de servicio. Es probable que reciba copias de estos informes en cada visita. De lo contrario, puede solicitar al concesionario un registro de servicio completo para el veh\u00edculo.<\/p>\n<p>Estos informes son vitales para su caso. Proporcionan evidencia cre\u00edble de los intentos del concesionario de reparar el defecto o problema con su veh\u00edculo. Estos informes ayudan a cumplir con el \u00abn\u00famero razonable\u00bb de intentos para reparar el veh\u00edculo que exigen las leyes. Su abogado de la ley del lim\u00f3n de Houston puede compartir m\u00e1s sobre lo que se necesitar\u00e1 y los pr\u00f3ximos pasos.<\/p>\n<p>Complete ahora nuestra breve evaluaci\u00f3n en l\u00ednea de 7 preguntas y deje que Lemon Larry lo conecte con un abogado experimentado en reclamos de leyes del lim\u00f3n en Houston cerca de usted.<\/p>\n","protected":false},"excerpt":{"rendered":"<p>Dado que Houston, TX, es el hogar del Centro Espacial Johnson de la NASA, es l\u00f3gico que la primera palabra pronunciada desde la luna sea \u00abHouston\u00bb. Adem\u00e1s de ser conocida como la capital de la exploraci\u00f3n espacial, Houston es tambi\u00e9n la cuarta ciudad m\u00e1s grande de los Estados Unidos. Con tantos residentes, muchos de los&hellip; <a href=\"https:\/\/lemonlarry.com\/es\/abogado-de-ley-limon-de-texas\/abogado-de-ley-limon-de-houston\/\" class=\"btn btn-primary position-absolute more-link\">Sigue leyendo<\/a><\/p>\n","protected":false},"author":1,"featured_media":0,"parent":1272,"menu_order":0,"comment_status":"closed","ping_status":"closed","template":"","meta":{"_acf_changed":false,"footnotes":""},"class_list":["post-1298","page","type-page","status-publish"],"acf":[],"yoast_head":"<!-- This site is optimized with the Yoast SEO plugin v27.5 - https:\/\/yoast.com\/product\/yoast-seo-wordpress\/ -->\n<title>Abogado de la ley del lim\u00f3n en Houston | Encuentre un abogado con experiencia en reclamos de la ley del lim\u00f3n<\/title>\n<meta name=\"description\" content=\"Lemon Larry es su fuente en Houston para un abogado experimentado en reclamos de leyes de lim\u00f3n de Texas cuando compra un veh\u00edculo de lim\u00f3n que parece que no se puede reparar. Complete nuestra breve evaluaci\u00f3n de 7 preguntas para ver si califica y con\u00e9ctese con un abogado de la ley lim\u00f3n de Houston hoy mismo.\" \/>\n<meta name=\"robots\" content=\"index, follow, max-snippet:-1, max-image-preview:large, max-video-preview:-1\" \/>\n<link rel=\"canonical\" href=\"https:\/\/lemonlarry.com\/es\/abogado-de-ley-limon-de-texas\/abogado-de-ley-limon-de-houston\/\" \/>\n<meta property=\"og:locale\" content=\"es_ES\" \/>\n<meta property=\"og:type\" content=\"article\" \/>\n<meta property=\"og:title\" content=\"Abogado de la ley del lim\u00f3n en Houston | Encuentre un abogado con experiencia en reclamos de la ley del lim\u00f3n\" \/>\n<meta property=\"og:description\" content=\"Lemon Larry es su fuente en Houston para un abogado experimentado en reclamos de leyes de lim\u00f3n de Texas cuando compra un veh\u00edculo de lim\u00f3n que parece que no se puede reparar. Complete nuestra breve evaluaci\u00f3n de 7 preguntas para ver si califica y con\u00e9ctese con un abogado de la ley lim\u00f3n de Houston hoy mismo.\" \/>\n<meta property=\"og:url\" content=\"https:\/\/lemonlarry.com\/es\/abogado-de-ley-limon-de-texas\/abogado-de-ley-limon-de-houston\/\" \/>\n<meta property=\"og:site_name\" content=\"Lemon Larry - Lemon Law Experts\" \/>\n<meta property=\"article:modified_time\" content=\"2021-08-12T13:18:19+00:00\" \/>\n<meta name=\"twitter:card\" content=\"summary_large_image\" \/>\n<meta name=\"twitter:label1\" content=\"Tiempo de lectura\" \/>\n\t<meta name=\"twitter:data1\" content=\"4 minutos\" \/>\n<!-- \/ Yoast SEO plugin. -->","yoast_head_json":{"title":"Abogado de la ley del lim\u00f3n en Houston | Encuentre un abogado con experiencia en reclamos de la ley del lim\u00f3n","description":"Lemon Larry es su fuente en Houston para un abogado experimentado en reclamos de leyes de lim\u00f3n de Texas cuando compra un veh\u00edculo de lim\u00f3n que parece que no se puede reparar. Complete nuestra breve evaluaci\u00f3n de 7 preguntas para ver si califica y con\u00e9ctese con un abogado de la ley lim\u00f3n de Houston hoy mismo.","robots":{"index":"index","follow":"follow","max-snippet":"max-snippet:-1","max-image-preview":"max-image-preview:large","max-video-preview":"max-video-preview:-1"},"canonical":"https:\/\/lemonlarry.com\/es\/abogado-de-ley-limon-de-texas\/abogado-de-ley-limon-de-houston\/","og_locale":"es_ES","og_type":"article","og_title":"Abogado de la ley del lim\u00f3n en Houston | Encuentre un abogado con experiencia en reclamos de la ley del lim\u00f3n","og_description":"Lemon Larry es su fuente en Houston para un abogado experimentado en reclamos de leyes de lim\u00f3n de Texas cuando compra un veh\u00edculo de lim\u00f3n que parece que no se puede reparar. Complete nuestra breve evaluaci\u00f3n de 7 preguntas para ver si califica y con\u00e9ctese con un abogado de la ley lim\u00f3n de Houston hoy mismo.","og_url":"https:\/\/lemonlarry.com\/es\/abogado-de-ley-limon-de-texas\/abogado-de-ley-limon-de-houston\/","og_site_name":"Lemon Larry - Lemon Law Experts","article_modified_time":"2021-08-12T13:18:19+00:00","twitter_card":"summary_large_image","twitter_misc":{"Tiempo de lectura":"4 minutos"},"schema":{"@context":"https:\/\/schema.org","@graph":[{"@type":"WebPage","@id":"https:\/\/lemonlarry.com\/es\/abogado-de-ley-limon-de-texas\/abogado-de-ley-limon-de-houston\/","url":"https:\/\/lemonlarry.com\/es\/abogado-de-ley-limon-de-texas\/abogado-de-ley-limon-de-houston\/","name":"Abogado de la ley del lim\u00f3n en Houston | Encuentre un abogado con experiencia en reclamos de la ley del lim\u00f3n","isPartOf":{"@id":"https:\/\/lemonlarry.com\/es\/#website"},"datePublished":"2021-07-15T10:20:55+00:00","dateModified":"2021-08-12T13:18:19+00:00","description":"Lemon Larry es su fuente en Houston para un abogado experimentado en reclamos de leyes de lim\u00f3n de Texas cuando compra un veh\u00edculo de lim\u00f3n que parece que no se puede reparar. Complete nuestra breve evaluaci\u00f3n de 7 preguntas para ver si califica y con\u00e9ctese con un abogado de la ley lim\u00f3n de Houston hoy mismo.","breadcrumb":{"@id":"https:\/\/lemonlarry.com\/es\/abogado-de-ley-limon-de-texas\/abogado-de-ley-limon-de-houston\/#breadcrumb"},"inLanguage":"es","potentialAction":[{"@type":"ReadAction","target":["https:\/\/lemonlarry.com\/es\/abogado-de-ley-limon-de-texas\/abogado-de-ley-limon-de-houston\/"]}]},{"@type":"BreadcrumbList","@id":"https:\/\/lemonlarry.com\/es\/abogado-de-ley-limon-de-texas\/abogado-de-ley-limon-de-houston\/#breadcrumb","itemListElement":[{"@type":"ListItem","position":1,"name":"Home","item":"https:\/\/lemonlarry.com\/es\/"},{"@type":"ListItem","position":2,"name":"Abogado de la ley del lim\u00f3n en Texas","item":"https:\/\/lemonlarry.com\/es\/abogado-de-ley-limon-de-texas\/"},{"@type":"ListItem","position":3,"name":"Abogado de la ley del lim\u00f3n en Houston"}]},{"@type":"WebSite","@id":"https:\/\/lemonlarry.com\/es\/#website","url":"https:\/\/lemonlarry.com\/es\/","name":"Lemon Larry - Lemon Law Experts","description":"","potentialAction":[{"@type":"SearchAction","target":{"@type":"EntryPoint","urlTemplate":"https:\/\/lemonlarry.com\/es\/?s={search_term_string}"},"query-input":{"@type":"PropertyValueSpecification","valueRequired":true,"valueName":"search_term_string"}}],"inLanguage":"es"}]}},"_links":{"self":[{"href":"https:\/\/lemonlarry.com\/es\/wp-json\/wp\/v2\/pages\/1298","targetHints":{"allow":["GET"]}}],"collection":[{"href":"https:\/\/lemonlarry.com\/es\/wp-json\/wp\/v2\/pages"}],"about":[{"href":"https:\/\/lemonlarry.com\/es\/wp-json\/wp\/v2\/types\/page"}],"author":[{"embeddable":true,"href":"https:\/\/lemonlarry.com\/es\/wp-json\/wp\/v2\/users\/1"}],"replies":[{"embeddable":true,"href":"https:\/\/lemonlarry.com\/es\/wp-json\/wp\/v2\/comments?post=1298"}],"version-history":[{"count":5,"href":"https:\/\/lemonlarry.com\/es\/wp-json\/wp\/v2\/pages\/1298\/revisions"}],"predecessor-version":[{"id":1555,"href":"https:\/\/lemonlarry.com\/es\/wp-json\/wp\/v2\/pages\/1298\/revisions\/1555"}],"up":[{"embeddable":true,"href":"https:\/\/lemonlarry.com\/es\/wp-json\/wp\/v2\/pages\/1272"}],"wp:attachment":[{"href":"https:\/\/lemonlarry.com\/es\/wp-json\/wp\/v2\/media?parent=1298"}],"curies":[{"name":"wp","href":"https:\/\/api.w.org\/{rel}","templated":true}]}}