{"id":1359,"date":"2021-07-21T11:59:00","date_gmt":"2021-07-21T11:59:00","guid":{"rendered":"https:\/\/lemonlarry.com\/?page_id=1359"},"modified":"2021-07-30T14:20:31","modified_gmt":"2021-07-30T14:20:31","slug":"acerca-de-lemon-larry","status":"publish","type":"page","link":"https:\/\/lemonlarry.com\/es\/acerca-de-lemon-larry\/","title":{"rendered":"Acerca de Lemon Larry"},"content":{"rendered":"<p>Lemon Larry es una agencia de referencia con sede en Los \u00c1ngeles que proporciona informaci\u00f3n educativa sobre la ley lim\u00f3n para problemas de autom\u00f3viles y camiones, de esta manera usted podr\u00e1 resolver los problemas de su veh\u00edculo y estar conectado con un abogado experimentado en las leyes lim\u00f3n.<\/p>\n<p>Nuestro proceso de precalificaci\u00f3n en l\u00ednea le permite responder r\u00e1pida y f\u00e1cilmente preguntas sobre su veh\u00edculo problem\u00e1tico. Si sus respuestas coinciden con los requisitos de nuestros abogados de la ley del lim\u00f3n, se les enviar\u00e1 su informaci\u00f3n y ellos se comunicar\u00e1n con usted para discutir su caso potencial con m\u00e1s detalle.<\/p>\n<p>En Lemon Larry, sabemos que es posible que sepa poco sobre c\u00f3mo funciona la ley del lim\u00f3n, y eso est\u00e1 bien. Tambi\u00e9n entendemos que contratar a un abogado puede ser un poco abrumador, por lo que estamos aqu\u00ed para ayudarlo y de esta forma se sienta m\u00e1s c\u00f3modo con el proceso.<\/p>\n<p>Una de las mejores cosas de la ley lim\u00f3n es que no paga nada de su bolsillo por los servicios legales relacionados con su caso. Los abogados con los que trabajamos se basan 100% en contingencias. Solo se les paga cuando obtienen resultados. M\u00e1s del 90% de las veces tienen \u00e9xito porque son muy selectivos con respecto a los casos que aceptan.<\/p>\n<h2>C\u00f3mo Lemon Larry ayuda a los consumidores con los reclamos de la Ley Lemon<\/h2>\n<p>La mayor\u00eda de los adultos que conducen un autom\u00f3vil, cami\u00f3n o motocicleta han o\u00eddo hablar de la ley lim\u00f3n. Entienden que un veh\u00edculo se considera un lim\u00f3n si tiene problemas que los propietarios de veh\u00edculos no deber\u00edan esperar de un veh\u00edculo nuevo.<\/p>\n<p>Pero lo que la mayor\u00eda de la gente no comprende es c\u00f3mo funciona la ley y c\u00f3mo obtener la ayuda que necesitan cuando creen que pueden haber comprado o alquilado un lim\u00f3n.<\/p>\n<p>Algunas preguntas comunes que hacen los consumidores sobre la ley del lim\u00f3n son:<\/p>\n<ul>\n<li>\u00bfC\u00f3mo s\u00e9 si mi coche es un lim\u00f3n?<\/li>\n<li>\u00bfPueden los coches o camiones arrendados estar protegidos por la ley lim\u00f3n?<\/li>\n<li>\u00bfMi veh\u00edculo tiene que estar en garant\u00eda para calificar?<\/li>\n<li>\u00bfQu\u00e9 sucede si el concesionario no puede duplicar el problema?<\/li>\n<li>\u00bfLos autos y camiones usados \u200b\u200best\u00e1n cubiertos por la ley lim\u00f3n si todav\u00eda est\u00e1n en garant\u00eda?<\/li>\n<\/ul>\n<p>Ah\u00ed es donde entra Lemon Larry para ayudarle. Le ayudamos a obtener respuestas a sus preguntas utilizando nuestro sencillo sistema de precalificaci\u00f3n en l\u00ednea. Una vez que pase el proceso de precalificaci\u00f3n, lo referiremos a uno de nuestros abogados con experiencia en la ley del lim\u00f3n para que revise su caso con m\u00e1s detalle.<\/p>\n<p>Estos abogados de la ley del lim\u00f3n no le pedir\u00e1n que pague nada de su bolsillo. Sus tarifas las paga el fabricante, no usted.<\/p>\n<blockquote><p>\u00a1Lemon Larry es genial! Us\u00e9 su formulario de precalificaci\u00f3n en l\u00ednea e inmediatamente me asignaron un excelente abogado de lim\u00f3n que me consigui\u00f3 un reemplazo de autom\u00f3vil nuevo. Me sorprendi\u00f3 lo f\u00e1cil que fue y me emocion\u00e9 con mi nuevo auto.<\/p>\n<footer>\u2014 <cite>J. Scott, Miami Florida<\/cite><\/footer>\n<\/blockquote>\n","protected":false},"excerpt":{"rendered":"<p>Lemon Larry es una agencia de referencia con sede en Los \u00c1ngeles que proporciona informaci\u00f3n educativa sobre la ley lim\u00f3n para problemas de autom\u00f3viles y camiones, de esta manera usted podr\u00e1 resolver los problemas de su veh\u00edculo y estar conectado con un abogado experimentado en las leyes lim\u00f3n. Nuestro proceso de precalificaci\u00f3n en l\u00ednea le&hellip; <a href=\"https:\/\/lemonlarry.com\/es\/acerca-de-lemon-larry\/\" class=\"btn btn-primary position-absolute more-link\">Sigue leyendo<\/a><\/p>\n","protected":false},"author":1,"featured_media":0,"parent":0,"menu_order":0,"comment_status":"closed","ping_status":"closed","template":"","meta":{"_acf_changed":false,"footnotes":""},"class_list":["post-1359","page","type-page","status-publish"],"acf":[],"yoast_head":"<!-- This site is optimized with the Yoast SEO plugin v27.4 - https:\/\/yoast.com\/product\/yoast-seo-wordpress\/ -->\n<title>Acerca de Lemon Larry | Con\u00e9ctese con un abogado con experiencia en Lemon Law<\/title>\n<meta name=\"description\" content=\"Lemon Larry es una agencia de referencia con sede en Los \u00c1ngeles que proporciona informaci\u00f3n educativa sobre las reclamaciones de la ley del lim\u00f3n y conecta a los consumidores con abogados experimentados en la ley del lim\u00f3n.\" \/>\n<meta name=\"robots\" content=\"index, follow, max-snippet:-1, max-image-preview:large, max-video-preview:-1\" \/>\n<link rel=\"canonical\" href=\"https:\/\/lemonlarry.com\/es\/acerca-de-lemon-larry\/\" \/>\n<meta property=\"og:locale\" content=\"es_ES\" \/>\n<meta property=\"og:type\" content=\"article\" \/>\n<meta property=\"og:title\" content=\"Acerca de Lemon Larry | Con\u00e9ctese con un abogado con experiencia en Lemon Law\" \/>\n<meta property=\"og:description\" content=\"Lemon Larry es una agencia de referencia con sede en Los \u00c1ngeles que proporciona informaci\u00f3n educativa sobre las reclamaciones de la ley del lim\u00f3n y conecta a los consumidores con abogados experimentados en la ley del lim\u00f3n.\" \/>\n<meta property=\"og:url\" content=\"https:\/\/lemonlarry.com\/es\/acerca-de-lemon-larry\/\" \/>\n<meta property=\"og:site_name\" content=\"Lemon Larry - Lemon Law Experts\" \/>\n<meta property=\"article:modified_time\" content=\"2021-07-30T14:20:31+00:00\" \/>\n<meta name=\"twitter:card\" content=\"summary_large_image\" \/>\n<meta name=\"twitter:label1\" content=\"Tiempo de lectura\" \/>\n\t<meta name=\"twitter:data1\" content=\"3 minutos\" \/>\n<!-- \/ Yoast SEO plugin. -->","yoast_head_json":{"title":"Acerca de Lemon Larry | Con\u00e9ctese con un abogado con experiencia en Lemon Law","description":"Lemon Larry es una agencia de referencia con sede en Los \u00c1ngeles que proporciona informaci\u00f3n educativa sobre las reclamaciones de la ley del lim\u00f3n y conecta a los consumidores con abogados experimentados en la ley del lim\u00f3n.","robots":{"index":"index","follow":"follow","max-snippet":"max-snippet:-1","max-image-preview":"max-image-preview:large","max-video-preview":"max-video-preview:-1"},"canonical":"https:\/\/lemonlarry.com\/es\/acerca-de-lemon-larry\/","og_locale":"es_ES","og_type":"article","og_title":"Acerca de Lemon Larry | Con\u00e9ctese con un abogado con experiencia en Lemon Law","og_description":"Lemon Larry es una agencia de referencia con sede en Los \u00c1ngeles que proporciona informaci\u00f3n educativa sobre las reclamaciones de la ley del lim\u00f3n y conecta a los consumidores con abogados experimentados en la ley del lim\u00f3n.","og_url":"https:\/\/lemonlarry.com\/es\/acerca-de-lemon-larry\/","og_site_name":"Lemon Larry - Lemon Law Experts","article_modified_time":"2021-07-30T14:20:31+00:00","twitter_card":"summary_large_image","twitter_misc":{"Tiempo de lectura":"3 minutos"},"schema":{"@context":"https:\/\/schema.org","@graph":[{"@type":"WebPage","@id":"https:\/\/lemonlarry.com\/es\/acerca-de-lemon-larry\/","url":"https:\/\/lemonlarry.com\/es\/acerca-de-lemon-larry\/","name":"Acerca de Lemon Larry | Con\u00e9ctese con un abogado con experiencia en Lemon Law","isPartOf":{"@id":"https:\/\/lemonlarry.com\/es\/#website"},"datePublished":"2021-07-21T11:59:00+00:00","dateModified":"2021-07-30T14:20:31+00:00","description":"Lemon Larry es una agencia de referencia con sede en Los \u00c1ngeles que proporciona informaci\u00f3n educativa sobre las reclamaciones de la ley del lim\u00f3n y conecta a los consumidores con abogados experimentados en la ley del lim\u00f3n.","breadcrumb":{"@id":"https:\/\/lemonlarry.com\/es\/acerca-de-lemon-larry\/#breadcrumb"},"inLanguage":"es","potentialAction":[{"@type":"ReadAction","target":["https:\/\/lemonlarry.com\/es\/acerca-de-lemon-larry\/"]}]},{"@type":"BreadcrumbList","@id":"https:\/\/lemonlarry.com\/es\/acerca-de-lemon-larry\/#breadcrumb","itemListElement":[{"@type":"ListItem","position":1,"name":"Home","item":"https:\/\/lemonlarry.com\/es\/"},{"@type":"ListItem","position":2,"name":"Acerca de Lemon Larry"}]},{"@type":"WebSite","@id":"https:\/\/lemonlarry.com\/es\/#website","url":"https:\/\/lemonlarry.com\/es\/","name":"Lemon Larry - Lemon Law Experts","description":"","potentialAction":[{"@type":"SearchAction","target":{"@type":"EntryPoint","urlTemplate":"https:\/\/lemonlarry.com\/es\/?s={search_term_string}"},"query-input":{"@type":"PropertyValueSpecification","valueRequired":true,"valueName":"search_term_string"}}],"inLanguage":"es"}]}},"_links":{"self":[{"href":"https:\/\/lemonlarry.com\/es\/wp-json\/wp\/v2\/pages\/1359","targetHints":{"allow":["GET"]}}],"collection":[{"href":"https:\/\/lemonlarry.com\/es\/wp-json\/wp\/v2\/pages"}],"about":[{"href":"https:\/\/lemonlarry.com\/es\/wp-json\/wp\/v2\/types\/page"}],"author":[{"embeddable":true,"href":"https:\/\/lemonlarry.com\/es\/wp-json\/wp\/v2\/users\/1"}],"replies":[{"embeddable":true,"href":"https:\/\/lemonlarry.com\/es\/wp-json\/wp\/v2\/comments?post=1359"}],"version-history":[{"count":2,"href":"https:\/\/lemonlarry.com\/es\/wp-json\/wp\/v2\/pages\/1359\/revisions"}],"predecessor-version":[{"id":1509,"href":"https:\/\/lemonlarry.com\/es\/wp-json\/wp\/v2\/pages\/1359\/revisions\/1509"}],"wp:attachment":[{"href":"https:\/\/lemonlarry.com\/es\/wp-json\/wp\/v2\/media?parent=1359"}],"curies":[{"name":"wp","href":"https:\/\/api.w.org\/{rel}","templated":true}]}}