{"id":1361,"date":"2021-07-21T12:03:47","date_gmt":"2021-07-21T12:03:47","guid":{"rendered":"https:\/\/lemonlarry.com\/?page_id=1361"},"modified":"2021-07-21T12:03:47","modified_gmt":"2021-07-21T12:03:47","slug":"politica-de-accesibilidad","status":"publish","type":"page","link":"https:\/\/lemonlarry.com\/es\/politica-de-accesibilidad\/","title":{"rendered":"Pol\u00edtica de accesibilidad"},"content":{"rendered":"<p>Lemon Larry se compromete a garantizar que nuestro sitio web sea accesible para personas con discapacidades. Buscamos asegurarnos de que nuestro sitio web cumpla con los criterios de \u00e9xito de Nivel AA de las Pautas de accesibilidad al contenido web 2.0 (WCAG 2.0) de las Iniciativas de accesibilidad web (WAI) del Consorcio World Wide Web (W3C). Estas pautas son el punto de referencia reconocido internacionalmente para la creaci\u00f3n de sitios web accesibles. El sitio web de Lemon Larry se ha desarrollado utilizando un c\u00f3digo compatible con los est\u00e1ndares W3C para que se muestre adecuadamente en los navegadores m\u00e1s utilizados y sea compatible con los lectores de pantalla m\u00e1s utilizados.<\/p>\n<p>Las p\u00e1ginas de nuestro sitio web est\u00e1n siendo revisadas peri\u00f3dicamente por nuestro personal capacitado y autom\u00e1ticamente con la ayuda de ax: el software Accessibility Engine, para evaluar el cumplimiento de las pautas de accesibilidad. Este es un proceso continuo para mejorar la accesibilidad del contenido de nuestro sitio web y se est\u00e1n solucionando los problemas que puedan surgir.<\/p>\n<h2>Cont\u00e1ctenos<\/h2>\n<p>Si tiene alguna dificultad para acceder al contenido de este sitio o tiene inquietudes de accesibilidad, comun\u00edquese mediante este formulario o si prefiere no usar el formulario, puede enviarnos un correo electr\u00f3nico a help@lemonlarry.com.<\/p>\n<h2>Funciones de accesibilidad de este sitio web<\/h2>\n<h3>Selector de estilo<\/h3>\n<p>Si encuentra que el texto es demasiado dif\u00edcil de leer debido a su color, utilice el bot\u00f3n de cambio de estilo disponible en la parte superior izquierda de cada p\u00e1gina. Cambiar\u00e1 los textos de nuestro sitio web y su fondo para que pueda ser le\u00eddo por personas con visi\u00f3n moderadamente baja.<\/p>\n<h3>Tamano del texto<\/h3>\n<p>Si encuentra que el texto de este sitio es demasiado peque\u00f1o, puede cambiarlo f\u00e1cilmente con una funci\u00f3n de zoom incorporada disponible en todos los navegadores modernos. Para hacer esto, seleccione la opci\u00f3n apropiada del men\u00fa del navegador web o use la siguiente combinaci\u00f3n de teclado<\/p>\n<ul>\n<li>Acercar: Ctrl +<\/li>\n<li>Alejar: Ctrl &#8211;<\/li>\n<\/ul>\n<h3>Controles de movimiento<\/h3>\n<p>Todos los elementos que se mueven, parpadean, se desplazan y se actualizan autom\u00e1ticamente en nuestro sitio web tienen la opci\u00f3n de detenerlos justo al lado.<\/p>\n<h3>Control del volumen<\/h3>\n<p>Cada archivo de video y audio en nuestro sitio web tiene su propio control de volumen disponible en la parte inferior derecha del reproductor multimedia.<\/p>\n","protected":false},"excerpt":{"rendered":"<p>Lemon Larry se compromete a garantizar que nuestro sitio web sea accesible para personas con discapacidades. Buscamos asegurarnos de que nuestro sitio web cumpla con los criterios de \u00e9xito de Nivel AA de las Pautas de accesibilidad al contenido web 2.0 (WCAG 2.0) de las Iniciativas de accesibilidad web (WAI) del Consorcio World Wide Web&hellip; <a href=\"https:\/\/lemonlarry.com\/es\/politica-de-accesibilidad\/\" class=\"btn btn-primary position-absolute more-link\">Sigue leyendo<\/a><\/p>\n","protected":false},"author":1,"featured_media":0,"parent":0,"menu_order":0,"comment_status":"closed","ping_status":"closed","template":"","meta":{"_acf_changed":false,"footnotes":""},"class_list":["post-1361","page","type-page","status-publish"],"acf":[],"yoast_head":"<!-- This site is optimized with the Yoast SEO plugin v27.4 - https:\/\/yoast.com\/product\/yoast-seo-wordpress\/ -->\n<title>Pol\u00edtica de accesibilidad | Lemon Larry - Lemon Law Experts<\/title>\n<meta name=\"robots\" content=\"index, follow, max-snippet:-1, max-image-preview:large, max-video-preview:-1\" \/>\n<link rel=\"canonical\" href=\"https:\/\/lemonlarry.com\/es\/politica-de-accesibilidad\/\" \/>\n<meta property=\"og:locale\" content=\"es_ES\" \/>\n<meta property=\"og:type\" content=\"article\" \/>\n<meta property=\"og:title\" content=\"Pol\u00edtica de accesibilidad | Lemon Larry - Lemon Law Experts\" \/>\n<meta property=\"og:description\" content=\"Lemon Larry se compromete a garantizar que nuestro sitio web sea accesible para personas con discapacidades. Buscamos asegurarnos de que nuestro sitio web cumpla con los criterios de \u00e9xito de Nivel AA de las Pautas de accesibilidad al contenido web 2.0 (WCAG 2.0) de las Iniciativas de accesibilidad web (WAI) del Consorcio World Wide Web&hellip; Sigue leyendo\" \/>\n<meta property=\"og:url\" content=\"https:\/\/lemonlarry.com\/es\/politica-de-accesibilidad\/\" \/>\n<meta property=\"og:site_name\" content=\"Lemon Larry - Lemon Law Experts\" \/>\n<meta name=\"twitter:card\" content=\"summary_large_image\" \/>\n<meta name=\"twitter:label1\" content=\"Tiempo de lectura\" \/>\n\t<meta name=\"twitter:data1\" content=\"2 minutos\" \/>\n<!-- \/ Yoast SEO plugin. -->","yoast_head_json":{"title":"Pol\u00edtica de accesibilidad | Lemon Larry - Lemon Law Experts","robots":{"index":"index","follow":"follow","max-snippet":"max-snippet:-1","max-image-preview":"max-image-preview:large","max-video-preview":"max-video-preview:-1"},"canonical":"https:\/\/lemonlarry.com\/es\/politica-de-accesibilidad\/","og_locale":"es_ES","og_type":"article","og_title":"Pol\u00edtica de accesibilidad | Lemon Larry - Lemon Law Experts","og_description":"Lemon Larry se compromete a garantizar que nuestro sitio web sea accesible para personas con discapacidades. Buscamos asegurarnos de que nuestro sitio web cumpla con los criterios de \u00e9xito de Nivel AA de las Pautas de accesibilidad al contenido web 2.0 (WCAG 2.0) de las Iniciativas de accesibilidad web (WAI) del Consorcio World Wide Web&hellip; Sigue leyendo","og_url":"https:\/\/lemonlarry.com\/es\/politica-de-accesibilidad\/","og_site_name":"Lemon Larry - Lemon Law Experts","twitter_card":"summary_large_image","twitter_misc":{"Tiempo de lectura":"2 minutos"},"schema":{"@context":"https:\/\/schema.org","@graph":[{"@type":"WebPage","@id":"https:\/\/lemonlarry.com\/es\/politica-de-accesibilidad\/","url":"https:\/\/lemonlarry.com\/es\/politica-de-accesibilidad\/","name":"Pol\u00edtica de accesibilidad | Lemon Larry - Lemon Law Experts","isPartOf":{"@id":"https:\/\/lemonlarry.com\/es\/#website"},"datePublished":"2021-07-21T12:03:47+00:00","breadcrumb":{"@id":"https:\/\/lemonlarry.com\/es\/politica-de-accesibilidad\/#breadcrumb"},"inLanguage":"es","potentialAction":[{"@type":"ReadAction","target":["https:\/\/lemonlarry.com\/es\/politica-de-accesibilidad\/"]}]},{"@type":"BreadcrumbList","@id":"https:\/\/lemonlarry.com\/es\/politica-de-accesibilidad\/#breadcrumb","itemListElement":[{"@type":"ListItem","position":1,"name":"Home","item":"https:\/\/lemonlarry.com\/es\/"},{"@type":"ListItem","position":2,"name":"Pol\u00edtica de accesibilidad"}]},{"@type":"WebSite","@id":"https:\/\/lemonlarry.com\/es\/#website","url":"https:\/\/lemonlarry.com\/es\/","name":"Lemon Larry - Lemon Law Experts","description":"","potentialAction":[{"@type":"SearchAction","target":{"@type":"EntryPoint","urlTemplate":"https:\/\/lemonlarry.com\/es\/?s={search_term_string}"},"query-input":{"@type":"PropertyValueSpecification","valueRequired":true,"valueName":"search_term_string"}}],"inLanguage":"es"}]}},"_links":{"self":[{"href":"https:\/\/lemonlarry.com\/es\/wp-json\/wp\/v2\/pages\/1361","targetHints":{"allow":["GET"]}}],"collection":[{"href":"https:\/\/lemonlarry.com\/es\/wp-json\/wp\/v2\/pages"}],"about":[{"href":"https:\/\/lemonlarry.com\/es\/wp-json\/wp\/v2\/types\/page"}],"author":[{"embeddable":true,"href":"https:\/\/lemonlarry.com\/es\/wp-json\/wp\/v2\/users\/1"}],"replies":[{"embeddable":true,"href":"https:\/\/lemonlarry.com\/es\/wp-json\/wp\/v2\/comments?post=1361"}],"version-history":[{"count":1,"href":"https:\/\/lemonlarry.com\/es\/wp-json\/wp\/v2\/pages\/1361\/revisions"}],"predecessor-version":[{"id":1362,"href":"https:\/\/lemonlarry.com\/es\/wp-json\/wp\/v2\/pages\/1361\/revisions\/1362"}],"wp:attachment":[{"href":"https:\/\/lemonlarry.com\/es\/wp-json\/wp\/v2\/media?parent=1361"}],"curies":[{"name":"wp","href":"https:\/\/api.w.org\/{rel}","templated":true}]}}