{"id":1363,"date":"2021-07-21T12:36:22","date_gmt":"2021-07-21T12:36:22","guid":{"rendered":"https:\/\/lemonlarry.com\/?page_id=1363"},"modified":"2021-07-30T14:16:25","modified_gmt":"2021-07-30T14:16:25","slug":"preguntas-frecuentes-sobre-la-ley-limon-de-california","status":"publish","type":"page","link":"https:\/\/lemonlarry.com\/es\/ley-del-limon-de-california-preguntas-frecuentes\/","title":{"rendered":"Preguntas frecuentes sobre la Ley Lim\u00f3n de California"},"content":{"rendered":"<dl id=\"faq-1\" class=\"flc-faq\"><dt id=\"l11\"><button class=\"card-header collapsed d-block btn w-100 text-left\" data-toggle=\"collapse\" data-target=\"#t11\" aria-expanded=\"false\" aria-controls=\"t11\"><i class=\"ml-1 fas fa-chevron-down\"><\/i> \u00bfQu\u00e9 es una garant\u00eda y qu\u00e9 cubre la garant\u00eda de un autom\u00f3vil o cami\u00f3n?<\/button><\/dt><dd id=\"t11\" class=\"m-0 collapse\" aria-labelledby=\"l11\" aria-expanded=\"false\" data-parent=\"#faq-1\"><div class=\"card-body\"><p>Primero, hay dos tipos diferentes de garant\u00edas para autos y camionetas nuevos.<\/p>\n<p>La garant\u00eda de un autom\u00f3vil nuevo generalmente la proporciona el fabricante del veh\u00edculo, y una garant\u00eda para un autom\u00f3vil usado (o garant\u00eda extendida) es una garant\u00eda que a menudo puede comprar al fabricante del veh\u00edculo o a un tercero.<\/p>\n<p>A veces denominada garant\u00eda de f\u00e1brica, la garant\u00eda de un autom\u00f3vil nuevo es como una promesa que hace el fabricante en caso de que haya un problema con el veh\u00edculo, y cubre las piezas de repuesto y las reparaciones durante el per\u00edodo de garant\u00eda. Est\u00e1 incluido como parte del costo del veh\u00edculo.<\/p>\n<p>Por lo general, las garant\u00edas de autom\u00f3viles nuevos son de 36,000 millas para problemas no relacionados con el tren motriz y de 60,000 a 100,000 millas, pero var\u00eda.<\/p>\n<p>Si se utiliza el veh\u00edculo, existen algunas garant\u00edas de f\u00e1brica que pueden aplicarse a los veh\u00edculos con la designaci\u00f3n de \"usados \u200b\u200bcertificados\". Las garant\u00edas de la empresa a menudo var\u00edan, as\u00ed que aseg\u00farese de leer y comprender sus documentos con mucho cuidado.<\/p>\n<p>Las garant\u00edas de veh\u00edculos nuevos constan de dos partes:<\/p>\n<p>Cobertura de parachoques a parachoques: esto normalmente incluye cosas como aire acondicionado y componentes electr\u00f3nicos, no cosas que se desgastan debido al uso, cosas como pastillas de freno, limpiaparabrisas y neum\u00e1ticos.<\/p>\n<p>Cobertura del tren de fuerza: se refiere a la transmisi\u00f3n y el motor del autom\u00f3vil.<\/p>\n<p>Cobertura del \"tren de fuerza\": generalmente cubre el motor, la transmisi\u00f3n y el eje de transmisi\u00f3n del autom\u00f3vil. Cualquier parte interna del motor.<\/p>\n<p>Si el tren motriz tuviera alg\u00fan problema, la garant\u00eda es una promesa de arreglarlo o repararlo. En pocas palabras, el tren motriz proporciona potencia al autom\u00f3vil.<\/p>\n<\/div><\/dd><dt id=\"l12\"><button class=\"card-header collapsed d-block btn w-100 text-left\" data-toggle=\"collapse\" data-target=\"#t12\" aria-expanded=\"false\" aria-controls=\"t12\"><i class=\"ml-1 fas fa-chevron-down\"><\/i> \u00bfQu\u00e9 son las leyes del lim\u00f3n?<\/button><\/dt><dd id=\"t12\" class=\"m-0 collapse\" aria-labelledby=\"l12\" aria-expanded=\"false\" data-parent=\"#faq-1\"><div class=\"card-body\"><p>Se crearon protecciones estatales y federales para el consumidor, de esta forma puede ayudar a los compradores de autom\u00f3viles y camiones (y otros productos) asegur\u00e1ndose de que se les compense cuando el veh\u00edculo no cumple repetidamente los est\u00e1ndares de rendimiento y calidad.<\/p>\n<p>Si esto sucede, entonces estas leyes lim\u00f3n pueden requerir que el fabricante recompre o reemplace el veh\u00edculo. Cuando el fabricante no puede reparar el cami\u00f3n o autom\u00f3vil, ha tenido una amplia oportunidad y lo que se considera un n\u00famero razonable de intentos de reparaci\u00f3n, con un defecto sustancial, entonces debe realizarse el reemplazo del veh\u00edculo, recompra o reembolso.<\/p>\n<\/div><\/dd><dt id=\"l13\"><button class=\"card-header collapsed d-block btn w-100 text-left\" data-toggle=\"collapse\" data-target=\"#t13\" aria-expanded=\"false\" aria-controls=\"t13\"><i class=\"ml-1 fas fa-chevron-down\"><\/i> \u00bfQu\u00e9 pasa si mi veh\u00edculo est\u00e1 fuera de garant\u00eda?<\/button><\/dt><dd id=\"t13\" class=\"m-0 collapse\" aria-labelledby=\"l13\" aria-expanded=\"false\" data-parent=\"#faq-1\"><div class=\"card-body\"><p>Si su veh\u00edculo ya no estaba en garant\u00eda cuando se realizaron las reparaciones, es posible que a\u00fan tenga derecho a una compensaci\u00f3n seg\u00fan la ley lim\u00f3n. Es \u00fatil si el primer intento de reparaci\u00f3n ocurri\u00f3 durante el per\u00edodo de garant\u00eda y si notific\u00f3 al fabricante dentro de los sesenta d\u00edas posteriores al \u00faltimo intento de reparaci\u00f3n y no se solucion\u00f3.<\/p>\n<\/div><\/dd><dt id=\"l14\"><button class=\"card-header collapsed d-block btn w-100 text-left\" data-toggle=\"collapse\" data-target=\"#t14\" aria-expanded=\"false\" aria-controls=\"t14\"><i class=\"ml-1 fas fa-chevron-down\"><\/i> \u00bfCu\u00e1nto tiempo puede el concesionario conservar mi autom\u00f3vil o cami\u00f3n para reparaciones?<\/button><\/dt><dd id=\"t14\" class=\"m-0 collapse\" aria-labelledby=\"l14\" aria-expanded=\"false\" data-parent=\"#faq-1\"><div class=\"card-body\"><p>Desde que el veh\u00edculo fue llevado por primera vez al concesionario o un centro de reparaci\u00f3n autorizado, 30 d\u00edas, a menos que surjan problemas que est\u00e9n fuera de su control. Se puede considerar una violaci\u00f3n de la ley de California si excede los 30 d\u00edas.<\/p>\n<\/div><\/dd><dt id=\"l15\"><button class=\"card-header collapsed d-block btn w-100 text-left\" data-toggle=\"collapse\" data-target=\"#t15\" aria-expanded=\"false\" aria-controls=\"t15\"><i class=\"ml-1 fas fa-chevron-down\"><\/i> La excepci\u00f3n militar en servicio activo para la ley lim\u00f3n.<\/button><\/dt><dd id=\"t15\" class=\"m-0 collapse\" aria-labelledby=\"l15\" aria-expanded=\"false\" data-parent=\"#faq-1\"><div class=\"card-body\"><p>Si est\u00e1 en servicio activo y compr\u00f3 el veh\u00edculo en los EE. UU. A un fabricante que tambi\u00e9n vende autom\u00f3viles y camiones en California, y es residente de California o est\u00e1 estacionado en California cuando compr\u00f3 el autom\u00f3vil o cami\u00f3n o en el momento en que comenz\u00f3 su queja.<\/p>\n<\/div><\/dd><dt id=\"l16\"><button class=\"card-header collapsed d-block btn w-100 text-left\" data-toggle=\"collapse\" data-target=\"#t16\" aria-expanded=\"false\" aria-controls=\"t16\"><i class=\"ml-1 fas fa-chevron-down\"><\/i> \u00bfCu\u00e1nto tiempo lleva un caso de la ley del lim\u00f3n?<\/button><\/dt><dd id=\"t16\" class=\"m-0 collapse\" aria-labelledby=\"l16\" aria-expanded=\"false\" data-parent=\"#faq-1\"><div class=\"card-body\"><p>Casi el 100% de los casos se resuelven, y esto normalmente ocurre durante un periodo de 30 a 90 d\u00edas.<\/p>\n<\/div><\/dd><dt id=\"l17\"><button class=\"card-header collapsed d-block btn w-100 text-left\" data-toggle=\"collapse\" data-target=\"#t17\" aria-expanded=\"false\" aria-controls=\"t17\"><i class=\"ml-1 fas fa-chevron-down\"><\/i> <\/button><\/dt><dd id=\"t17\" class=\"m-0 collapse\" aria-labelledby=\"l17\" aria-expanded=\"false\" data-parent=\"#faq-1\"><div class=\"card-body\"><\/div><\/dd><\/dl>\n","protected":false},"excerpt":{"rendered":"","protected":false},"author":1,"featured_media":0,"parent":0,"menu_order":0,"comment_status":"closed","ping_status":"closed","template":"","meta":{"_acf_changed":false,"footnotes":""},"class_list":["post-1363","page","type-page","status-publish"],"acf":[],"yoast_head":"<!-- This site is optimized with the Yoast SEO plugin v27.5 - https:\/\/yoast.com\/product\/yoast-seo-wordpress\/ -->\n<title>Preguntas frecuentes la ley del lim\u00f3n de California | Reclamaciones de la Ley del Lim\u00f3n de California<\/title>\n<meta name=\"description\" content=\"Lemon Larry responde sus preguntas frecuentes sobre la ley del lim\u00f3n de California, el proceso de reclamaci\u00f3n de la ley del lim\u00f3n de California y si es probable que su autom\u00f3vil o cami\u00f3n califique como un lim\u00f3n.\" \/>\n<meta name=\"robots\" content=\"index, follow, max-snippet:-1, max-image-preview:large, max-video-preview:-1\" \/>\n<link rel=\"canonical\" href=\"https:\/\/lemonlarry.com\/es\/ley-del-limon-de-california-preguntas-frecuentes\/\" \/>\n<meta property=\"og:locale\" content=\"es_ES\" \/>\n<meta property=\"og:type\" content=\"article\" \/>\n<meta property=\"og:title\" content=\"Preguntas frecuentes la ley del lim\u00f3n de California | Reclamaciones de la Ley del Lim\u00f3n de California\" \/>\n<meta property=\"og:description\" content=\"Lemon Larry responde sus preguntas frecuentes sobre la ley del lim\u00f3n de California, el proceso de reclamaci\u00f3n de la ley del lim\u00f3n de California y si es probable que su autom\u00f3vil o cami\u00f3n califique como un lim\u00f3n.\" \/>\n<meta property=\"og:url\" content=\"https:\/\/lemonlarry.com\/es\/ley-del-limon-de-california-preguntas-frecuentes\/\" \/>\n<meta property=\"og:site_name\" content=\"Lemon Larry - Lemon Law Experts\" \/>\n<meta property=\"article:modified_time\" content=\"2021-07-30T14:16:25+00:00\" \/>\n<meta name=\"twitter:card\" content=\"summary_large_image\" \/>\n<!-- \/ Yoast SEO plugin. -->","yoast_head_json":{"title":"Preguntas frecuentes la ley del lim\u00f3n de California | Reclamaciones de la Ley del Lim\u00f3n de California","description":"Lemon Larry responde sus preguntas frecuentes sobre la ley del lim\u00f3n de California, el proceso de reclamaci\u00f3n de la ley del lim\u00f3n de California y si es probable que su autom\u00f3vil o cami\u00f3n califique como un lim\u00f3n.","robots":{"index":"index","follow":"follow","max-snippet":"max-snippet:-1","max-image-preview":"max-image-preview:large","max-video-preview":"max-video-preview:-1"},"canonical":"https:\/\/lemonlarry.com\/es\/ley-del-limon-de-california-preguntas-frecuentes\/","og_locale":"es_ES","og_type":"article","og_title":"Preguntas frecuentes la ley del lim\u00f3n de California | Reclamaciones de la Ley del Lim\u00f3n de California","og_description":"Lemon Larry responde sus preguntas frecuentes sobre la ley del lim\u00f3n de California, el proceso de reclamaci\u00f3n de la ley del lim\u00f3n de California y si es probable que su autom\u00f3vil o cami\u00f3n califique como un lim\u00f3n.","og_url":"https:\/\/lemonlarry.com\/es\/ley-del-limon-de-california-preguntas-frecuentes\/","og_site_name":"Lemon Larry - Lemon Law Experts","article_modified_time":"2021-07-30T14:16:25+00:00","twitter_card":"summary_large_image","schema":{"@context":"https:\/\/schema.org","@graph":[{"@type":"WebPage","@id":"https:\/\/lemonlarry.com\/es\/ley-del-limon-de-california-preguntas-frecuentes\/","url":"https:\/\/lemonlarry.com\/es\/ley-del-limon-de-california-preguntas-frecuentes\/","name":"Preguntas frecuentes la ley del lim\u00f3n de California | Reclamaciones de la Ley del Lim\u00f3n de California","isPartOf":{"@id":"https:\/\/lemonlarry.com\/es\/#website"},"datePublished":"2021-07-21T12:36:22+00:00","dateModified":"2021-07-30T14:16:25+00:00","description":"Lemon Larry responde sus preguntas frecuentes sobre la ley del lim\u00f3n de California, el proceso de reclamaci\u00f3n de la ley del lim\u00f3n de California y si es probable que su autom\u00f3vil o cami\u00f3n califique como un lim\u00f3n.","breadcrumb":{"@id":"https:\/\/lemonlarry.com\/es\/ley-del-limon-de-california-preguntas-frecuentes\/#breadcrumb"},"inLanguage":"es","potentialAction":[{"@type":"ReadAction","target":["https:\/\/lemonlarry.com\/es\/ley-del-limon-de-california-preguntas-frecuentes\/"]}]},{"@type":"BreadcrumbList","@id":"https:\/\/lemonlarry.com\/es\/ley-del-limon-de-california-preguntas-frecuentes\/#breadcrumb","itemListElement":[{"@type":"ListItem","position":1,"name":"Home","item":"https:\/\/lemonlarry.com\/es\/"},{"@type":"ListItem","position":2,"name":"Preguntas frecuentes sobre la Ley Lim\u00f3n de California"}]},{"@type":"WebSite","@id":"https:\/\/lemonlarry.com\/es\/#website","url":"https:\/\/lemonlarry.com\/es\/","name":"Lemon Larry - Lemon Law Experts","description":"","potentialAction":[{"@type":"SearchAction","target":{"@type":"EntryPoint","urlTemplate":"https:\/\/lemonlarry.com\/es\/?s={search_term_string}"},"query-input":{"@type":"PropertyValueSpecification","valueRequired":true,"valueName":"search_term_string"}}],"inLanguage":"es"}]}},"_links":{"self":[{"href":"https:\/\/lemonlarry.com\/es\/wp-json\/wp\/v2\/pages\/1363","targetHints":{"allow":["GET"]}}],"collection":[{"href":"https:\/\/lemonlarry.com\/es\/wp-json\/wp\/v2\/pages"}],"about":[{"href":"https:\/\/lemonlarry.com\/es\/wp-json\/wp\/v2\/types\/page"}],"author":[{"embeddable":true,"href":"https:\/\/lemonlarry.com\/es\/wp-json\/wp\/v2\/users\/1"}],"replies":[{"embeddable":true,"href":"https:\/\/lemonlarry.com\/es\/wp-json\/wp\/v2\/comments?post=1363"}],"version-history":[{"count":3,"href":"https:\/\/lemonlarry.com\/es\/wp-json\/wp\/v2\/pages\/1363\/revisions"}],"predecessor-version":[{"id":1506,"href":"https:\/\/lemonlarry.com\/es\/wp-json\/wp\/v2\/pages\/1363\/revisions\/1506"}],"wp:attachment":[{"href":"https:\/\/lemonlarry.com\/es\/wp-json\/wp\/v2\/media?parent=1363"}],"curies":[{"name":"wp","href":"https:\/\/api.w.org\/{rel}","templated":true}]}}