{"id":1366,"date":"2021-07-21T12:59:37","date_gmt":"2021-07-21T12:59:37","guid":{"rendered":"https:\/\/lemonlarry.com\/?page_id=1366"},"modified":"2021-07-21T12:59:37","modified_gmt":"2021-07-21T12:59:37","slug":"politica-de-privacidad","status":"publish","type":"page","link":"https:\/\/lemonlarry.com\/es\/politica-de-privacidad\/","title":{"rendered":"Pol\u00edtica de privacidad"},"content":{"rendered":"<h2>Pol\u00edtica de privacidad<\/h2>\n<p>[\u00faltima actualizaci\u00f3n en abril de 2021]<\/p>\n<p>El negocio de https:\/\/lemonlarry.com es marketing e implica la recopilaci\u00f3n de informaci\u00f3n personal de personas que pueden estar interesadas en un tipo espec\u00edfico de servicio, y la venta de esta informaci\u00f3n personal a nuestros clientes, que son empresas que brindan servicios en el \u00e1rea para la cual se recopil\u00f3 la informaci\u00f3n personal.<\/p>\n<p>Usamos publicidad, por ejemplo, en sitios de redes sociales, para atraer a personas que pueden ser adecuadas para los productos o servicios comerciales de nuestros clientes. Somos honestos y abiertos sobre lo que hacemos, y esta Pol\u00edtica de privacidad establece c\u00f3mo recopilamos sus datos personales, qu\u00e9 hacemos con ellos, a qui\u00e9n se los damos, c\u00f3mo los mantenemos seguros y cu\u00e1nto tiempo los almacenamos. Aunque vendemos datos personales, creemos que la transparencia es importante y nos esforzamos por hacer todo lo posible para proteger su informaci\u00f3n personal de acuerdo con esta Pol\u00edtica de privacidad.<\/p>\n<h3>DEFINICIONES<\/h3>\n<ol>\n<li>Cuando hablamos de \u00abnosotros\u00bb, nos referimos a LemonLarry.com y la entidad que se detalla en el Programa. Somos el operador de este sitio web. Cuando hablamos de \u00abusted\u00bb, nos referimos a la persona que utiliza este sitio web o los servicios de este sitio web o que participa en cualquier encuesta, cuestionario o cuestionario producido por este sitio web. Cuando hablamos de \u00abcliente\u00bb, nos referimos a la empresa o empresas que se comprometen o tratan con nosotros para comprar la informaci\u00f3n que recopilamos. Los detalles de nuestros clientes se enumeran en el programa.<\/li>\n<li>\u00abDatos personales\u00bb o \u00abinformaci\u00f3n personal\u00bb es informaci\u00f3n que lo identifica directamente, como su nombre y direcci\u00f3n de correo electr\u00f3nico, o datos que podr\u00edan usarse, por s\u00ed solos o en combinaci\u00f3n con otros datos, para identificarlo.<\/li>\n<li>Es muy importante para nosotros proteger sus datos personales y utilizarlos estrictamente de acuerdo con las leyes de privacidad y protecci\u00f3n de datos aplicables.<\/li>\n<\/ol>\n<h3>MANTENERSE AN\u00d3NIMO<\/h3>\n<p>Puede navegar por nuestro sitio web de forma an\u00f3nima, aunque se pueden recopilar cookies. No podr\u00e1 acceder a encuestas o cuestionarios de forma an\u00f3nima.<\/p>\n<h3>CONJUNTO DE DATOS<\/h3>\n<ol>\n<li>Recopilamos datos personales sobre usted cuando nos los proporciona o da su consentimiento expl\u00edcito para que nos los proporcione. Esto generalmente ocurre cuando completa un formulario, encuesta, cuestionario o cuestionario en l\u00ednea, en cuyo caso ha optado por dar su consentimiento para la recopilaci\u00f3n y posterior venta de sus datos personales.<\/li>\n<li>Recopilamos y procesamos la cantidad m\u00ednima de informaci\u00f3n que necesitamos para poder vender sus datos a nuestro cliente, de modo que nuestro cliente pueda comunicarse con usted sobre sus servicios y brindarle de manera efectiva el servicio en el que ha expresado inter\u00e9s, o para cumplir. un contrato de servicio, o para cumplir con una obligaci\u00f3n legal. La cantidad de datos que recopilamos depende del tipo de servicio en el que ha expresado inter\u00e9s. Esta informaci\u00f3n puede incluir:\n<ul>\n<li>tu nombre y apellido<\/li>\n<li>Su direcci\u00f3n de correo electr\u00f3nico<\/li>\n<li>su n\u00famero de tel\u00e9fono<\/li>\n<li>tu direcci\u00f3n postal<\/li>\n<li>la informaci\u00f3n de su veh\u00edculo<\/li>\n<li>el kilometraje de su veh\u00edculo<\/li>\n<li>cuanto debes si pides prestado<\/li>\n<li>cu\u00e1ntas veces ha llevado su autom\u00f3vil al concesionario<\/li>\n<\/ul>\n<\/li>\n<li>No le solicitaremos datos personales confidenciales, como datos de salud o informaci\u00f3n que revele sus creencias religiosas u origen \u00e9tnico.<\/li>\n<li>Aparte de la lista anterior, no recopilamos informaci\u00f3n financiera relacionada con usted, como los detalles de la tarjeta bancaria.<\/li>\n<li>Si completa parcialmente una consulta, es posible que nos comuniquemos con usted para asegurarnos de que no se olvid\u00f3 de completarla.<\/li>\n<\/ol>\n<h3>GALLETAS<\/h3>\n<ol>\n<li>Tambi\u00e9n podemos utilizar \u00abcookies\u00bb en nuestro sitio web para proporcionar una forma de que el sitio web lo reconozca y realice un seguimiento de sus preferencias, y para permitirle comunicarse con nosotros directamente desde el sitio web. Las cookies tambi\u00e9n se pueden utilizar para optimizar la velocidad del sitio web para su conveniencia, para permitirle personalizar nuestras p\u00e1ginas web y para que no tenga que seguir completando sus datos repetidamente. Podemos recopilar informaci\u00f3n sobre su direcci\u00f3n IP y c\u00f3mo utiliz\u00f3 nuestro sitio.<\/li>\n<li>Los datos recopilados por las cookies generalmente no lo identifican, pero pueden combinarse con otra informaci\u00f3n para identificarlo. Si lo identificamos usando informaci\u00f3n de cookies, podemos usar esa informaci\u00f3n para rastrear c\u00f3mo usa nuestro sitio web y enviarle informaci\u00f3n m\u00e1s espec\u00edfica para sus necesidades o para invitarlo a comprar uno de nuestros servicios. Puede leer m\u00e1s sobre c\u00f3mo usamos las cookies en nuestra p\u00e1gina de Cookies.<\/li>\n<\/ol>\n<h3>USO DE DATOS<\/h3>\n<ol>\n<li>Vendemos sus datos personales a nuestros clientes que pueden usar sus datos personales para contactarlo sobre productos o servicios que entregan o venden. Nos permite alinear los productos y servicios de nuestros Clientes lo m\u00e1s cerca posible a sus necesidades y situaci\u00f3n.<\/li>\n<li>Nuestros clientes pueden entonces contactarlo para ofrecerle o comercializarle sus servicios. Procesamos datos vendi\u00e9ndolos y transfiri\u00e9ndolos a nuestros clientes para que nuestros clientes puedan entregarle productos, servicios e informaci\u00f3n en los que haya expresado inter\u00e9s o que sean compatibles con la raz\u00f3n por la que proporcion\u00f3 sus datos personales. Podemos hacer esto porque usted dio su consentimiento. Una vez que hayamos entregado sus datos personales a nuestro cliente, ese cliente se convierte en el controlador de sus datos personales y tratar\u00e1 sus datos personales de acuerdo con su pol\u00edtica de privacidad. Una vez que sus datos personales han sido entregados a nuestro cliente, ya no somos responsables de sus datos personales. Nuestros clientes tienen sus propias pol\u00edticas de privacidad en relaci\u00f3n con los datos que poseen o procesan. Puede preguntarles sobre su pol\u00edtica de privacidad cuando se comuniquen con usted.<\/li>\n<li>Tambi\u00e9n podemos procesar sus datos de uso (su direcci\u00f3n IP, ubicaci\u00f3n geogr\u00e1fica, la forma en que utiliz\u00f3 nuestro sitio, etc.) para nuestro prop\u00f3sito comercial leg\u00edtimo de monitorear y mejorar nuestro sitio web.<\/li>\n<li>Tambi\u00e9n divulgaremos sus datos personales cuando est\u00e9 legalmente obligado a hacerlo.<\/li>\n<\/ol>\n<h3>ALMACENAMIENTO Y DIVULGACI\u00d3N DE DATOS<\/h3>\n<ol>\n<li>Los datos personales que nos proporciona se almacenan en https:\/\/www.videoask.com\/, que tiene una seguridad estricta para garantizar la protecci\u00f3n, integridad y confidencialidad de los datos. Si bien hacemos todo lo posible para garantizar la seguridad de sus datos, ning\u00fan almacenamiento es 100% seguro y no podemos garantizar la seguridad de sus datos. Desde getcake.com, sus datos se transfieren a nuestro Cliente. Dicha transferencia puede incluir la transferencia de informaci\u00f3n a trav\u00e9s de fronteras dependiendo de d\u00f3nde se encuentre el Cliente. Esto significa que sus datos pueden ser transferidos y almacenados en computadoras fuera de su estado o pa\u00eds y las leyes de protecci\u00f3n de datos pueden ser diferentes de aquellas donde vive. Al aceptar esta pol\u00edtica, acepta dicha transferencia.<\/li>\n<li>Los datos se eliminan de nuestro almacenamiento en https:\/\/www.videoask.com\/ cada 90 d\u00edas. Esto significa que, si hemos recopilado sus datos personales, los eliminaremos en un plazo de 91 d\u00edas.<\/li>\n<li>https:\/\/www.videoask.com\/\/ tienen su propia pol\u00edtica de privacidad en relaci\u00f3n con la forma en que administran y almacenan su informaci\u00f3n personal.<\/li>\n<\/ol>\n<h3>RECOGIDA DE DATOS DE MENORES<\/h3>\n<p>No tenemos la intenci\u00f3n de recopilar los datos personales de personas menores de 13 a\u00f1os. Si usted es el tutor de un menor y sospecha que pueden habernos proporcionado su informaci\u00f3n personal, comun\u00edquese con nosotros y solicite que se destruya la informaci\u00f3n personal del menor ( use la informaci\u00f3n de contacto en el programa a continuaci\u00f3n).<\/p>\n<h3>DERECHOS DE DATOS<\/h3>\n<ol>\n<li>Si lo solicita, le diremos qu\u00e9 datos personales sobre usted se est\u00e1n procesando, sobre qu\u00e9 base y por qui\u00e9n. Si decide que sus datos no deben procesarse para uno o m\u00e1s prop\u00f3sitos, puede retirar su consentimiento para usar sus datos de esa manera. Tenga en cuenta que procesaremos su solicitud lo antes posible, sin embargo, dicha solicitud no entrar\u00e1 en vigencia de inmediato y, mientras tanto, nuestro cliente puede comunicarse con usted.<\/li>\n<li>Puede enmendar datos personales inexactos, incompletos o desactualizados en cualquier momento solicit\u00e1ndonosla directamente utilizando la informaci\u00f3n de contacto en el programa a continuaci\u00f3n.<\/li>\n<li>Tambi\u00e9n puede solicitar que todos los datos personales que hemos recopilado sobre usted se eliminen de nuestros registros y se borren de la informaci\u00f3n almacenada por cualquier organizaci\u00f3n de terceros que procese datos en nuestro nombre. Hemos implementado un proceso de destrucci\u00f3n continuo para que los datos recopilados se destruyan de forma segura dentro de los 31 d\u00edas posteriores a la recopilaci\u00f3n.<\/li>\n<li>Si los datos que hemos recopilado sobre usted se procesan mediante medios automatizados, tiene derecho a recibir esos datos en un formato estructurado y legible por m\u00e1quina y a transmitirlos a otro controlador de datos sin obst\u00e1culos.<\/li>\n<\/ol>\n<h3>CONT\u00c1CTENOS<\/h3>\n<ol>\n<li>H\u00e1ganos saber si tiene alguna solicitud, comentario o inquietud con respecto a la forma en que administramos sus datos personales. Utilice los datos de contacto que se enumeran en el siguiente programa. Le responderemos en un plazo de 30 d\u00edas y tomaremos medidas, dentro de lo razonable, lo antes posible. Cambios a este Aviso de privacidad Es importante para nosotros que nuestro aviso de privacidad se revise con regularidad y lo haremos para mantenerlo relevante y actualizado con las leyes cambiantes.<\/li>\n<li>Le notificaremos de cualquier cambio publicando la nueva pol\u00edtica en esta p\u00e1gina. Esta pol\u00edtica de privacidad se actualiz\u00f3 por \u00faltima vez en abril de 2021. Cuando se usa en esta pol\u00edtica de privacidad, nosotros y nosotros significa que este sitio web es propiedad y est\u00e1 operado por BreadnButter Marketing. Nuestro lugar principal de negocios es 1732 Aviation # 228 Blvd Redondo Beach, CA.<\/li>\n<\/ol>\n<p>Nuestros clientes se componen de categor\u00edas de tipos de negocios. Cuando hablamos de nuestros clientes en esta pol\u00edtica de privacidad, nos referimos a que nuestros clientes son abogados autorizados y regulados de Lemon Law.<\/p>\n","protected":false},"excerpt":{"rendered":"<p>Pol\u00edtica de privacidad [\u00faltima actualizaci\u00f3n en abril de 2021] El negocio de https:\/\/lemonlarry.com es marketing e implica la recopilaci\u00f3n de informaci\u00f3n personal de personas que pueden estar interesadas en un tipo espec\u00edfico de servicio, y la venta de esta informaci\u00f3n personal a nuestros clientes, que son empresas que brindan servicios en el \u00e1rea para la&hellip; <a href=\"https:\/\/lemonlarry.com\/es\/politica-de-privacidad\/\" class=\"btn btn-primary position-absolute more-link\">Sigue leyendo<\/a><\/p>\n","protected":false},"author":1,"featured_media":0,"parent":0,"menu_order":0,"comment_status":"closed","ping_status":"closed","template":"","meta":{"_acf_changed":false,"footnotes":""},"class_list":["post-1366","page","type-page","status-publish"],"acf":[],"yoast_head":"<!-- This site is optimized with the Yoast SEO plugin v27.4 - https:\/\/yoast.com\/product\/yoast-seo-wordpress\/ -->\n<title>Pol\u00edtica de privacidad | Lemon Larry - Lemon Law Experts<\/title>\n<meta name=\"robots\" content=\"index, follow, max-snippet:-1, max-image-preview:large, max-video-preview:-1\" \/>\n<link rel=\"canonical\" href=\"https:\/\/lemonlarry.com\/es\/politica-de-privacidad\/\" \/>\n<meta property=\"og:locale\" content=\"es_ES\" \/>\n<meta property=\"og:type\" content=\"article\" \/>\n<meta property=\"og:title\" content=\"Pol\u00edtica de privacidad | Lemon Larry - Lemon Law Experts\" \/>\n<meta property=\"og:description\" content=\"Pol\u00edtica de privacidad [\u00faltima actualizaci\u00f3n en abril de 2021] El negocio de https:\/\/lemonlarry.com es marketing e implica la recopilaci\u00f3n de informaci\u00f3n personal de personas que pueden estar interesadas en un tipo espec\u00edfico de servicio, y la venta de esta informaci\u00f3n personal a nuestros clientes, que son empresas que brindan servicios en el \u00e1rea para la&hellip; Sigue leyendo\" \/>\n<meta property=\"og:url\" content=\"https:\/\/lemonlarry.com\/es\/politica-de-privacidad\/\" \/>\n<meta property=\"og:site_name\" content=\"Lemon Larry - Lemon Law Experts\" \/>\n<meta name=\"twitter:card\" content=\"summary_large_image\" \/>\n<meta name=\"twitter:label1\" content=\"Tiempo de lectura\" \/>\n\t<meta name=\"twitter:data1\" content=\"8 minutos\" \/>\n<!-- \/ Yoast SEO plugin. -->","yoast_head_json":{"title":"Pol\u00edtica de privacidad | Lemon Larry - Lemon Law Experts","robots":{"index":"index","follow":"follow","max-snippet":"max-snippet:-1","max-image-preview":"max-image-preview:large","max-video-preview":"max-video-preview:-1"},"canonical":"https:\/\/lemonlarry.com\/es\/politica-de-privacidad\/","og_locale":"es_ES","og_type":"article","og_title":"Pol\u00edtica de privacidad | Lemon Larry - Lemon Law Experts","og_description":"Pol\u00edtica de privacidad [\u00faltima actualizaci\u00f3n en abril de 2021] El negocio de https:\/\/lemonlarry.com es marketing e implica la recopilaci\u00f3n de informaci\u00f3n personal de personas que pueden estar interesadas en un tipo espec\u00edfico de servicio, y la venta de esta informaci\u00f3n personal a nuestros clientes, que son empresas que brindan servicios en el \u00e1rea para la&hellip; Sigue leyendo","og_url":"https:\/\/lemonlarry.com\/es\/politica-de-privacidad\/","og_site_name":"Lemon Larry - Lemon Law Experts","twitter_card":"summary_large_image","twitter_misc":{"Tiempo de lectura":"8 minutos"},"schema":{"@context":"https:\/\/schema.org","@graph":[{"@type":"WebPage","@id":"https:\/\/lemonlarry.com\/es\/politica-de-privacidad\/","url":"https:\/\/lemonlarry.com\/es\/politica-de-privacidad\/","name":"Pol\u00edtica de privacidad | Lemon Larry - Lemon Law Experts","isPartOf":{"@id":"https:\/\/lemonlarry.com\/es\/#website"},"datePublished":"2021-07-21T12:59:37+00:00","breadcrumb":{"@id":"https:\/\/lemonlarry.com\/es\/politica-de-privacidad\/#breadcrumb"},"inLanguage":"es","potentialAction":[{"@type":"ReadAction","target":["https:\/\/lemonlarry.com\/es\/politica-de-privacidad\/"]}]},{"@type":"BreadcrumbList","@id":"https:\/\/lemonlarry.com\/es\/politica-de-privacidad\/#breadcrumb","itemListElement":[{"@type":"ListItem","position":1,"name":"Home","item":"https:\/\/lemonlarry.com\/es\/"},{"@type":"ListItem","position":2,"name":"Pol\u00edtica de privacidad"}]},{"@type":"WebSite","@id":"https:\/\/lemonlarry.com\/es\/#website","url":"https:\/\/lemonlarry.com\/es\/","name":"Lemon Larry - Lemon Law Experts","description":"","potentialAction":[{"@type":"SearchAction","target":{"@type":"EntryPoint","urlTemplate":"https:\/\/lemonlarry.com\/es\/?s={search_term_string}"},"query-input":{"@type":"PropertyValueSpecification","valueRequired":true,"valueName":"search_term_string"}}],"inLanguage":"es"}]}},"_links":{"self":[{"href":"https:\/\/lemonlarry.com\/es\/wp-json\/wp\/v2\/pages\/1366","targetHints":{"allow":["GET"]}}],"collection":[{"href":"https:\/\/lemonlarry.com\/es\/wp-json\/wp\/v2\/pages"}],"about":[{"href":"https:\/\/lemonlarry.com\/es\/wp-json\/wp\/v2\/types\/page"}],"author":[{"embeddable":true,"href":"https:\/\/lemonlarry.com\/es\/wp-json\/wp\/v2\/users\/1"}],"replies":[{"embeddable":true,"href":"https:\/\/lemonlarry.com\/es\/wp-json\/wp\/v2\/comments?post=1366"}],"version-history":[{"count":1,"href":"https:\/\/lemonlarry.com\/es\/wp-json\/wp\/v2\/pages\/1366\/revisions"}],"predecessor-version":[{"id":1367,"href":"https:\/\/lemonlarry.com\/es\/wp-json\/wp\/v2\/pages\/1366\/revisions\/1367"}],"wp:attachment":[{"href":"https:\/\/lemonlarry.com\/es\/wp-json\/wp\/v2\/media?parent=1366"}],"curies":[{"name":"wp","href":"https:\/\/api.w.org\/{rel}","templated":true}]}}