{"id":1368,"date":"2021-07-21T13:03:35","date_gmt":"2021-07-21T13:03:35","guid":{"rendered":"https:\/\/lemonlarry.com\/?page_id=1368"},"modified":"2021-08-31T15:03:50","modified_gmt":"2021-08-31T15:03:50","slug":"gracias-revision","status":"publish","type":"page","link":"https:\/\/lemonlarry.com\/es\/gracias-revision\/","title":{"rendered":"Gracias revisi\u00f3n"},"content":{"rendered":"<p>Gracias por tu rese\u00f1a. Se agregar\u00e1 a nuestro sitio web en breve.<\/p>\n","protected":false},"excerpt":{"rendered":"<p>Gracias por tu rese\u00f1a. Se agregar\u00e1 a nuestro sitio web en breve.<\/p>\n","protected":false},"author":1,"featured_media":0,"parent":0,"menu_order":0,"comment_status":"closed","ping_status":"closed","template":"","meta":{"_acf_changed":false,"footnotes":""},"class_list":["post-1368","page","type-page","status-publish"],"acf":[],"yoast_head":"<!-- This site is optimized with the Yoast SEO plugin v27.4 - https:\/\/yoast.com\/product\/yoast-seo-wordpress\/ -->\n<title>Gracias revisi\u00f3n | Lemon Larry - Lemon Law Experts<\/title>\n<meta name=\"robots\" content=\"index, follow, max-snippet:-1, max-image-preview:large, max-video-preview:-1\" \/>\n<link rel=\"canonical\" href=\"https:\/\/lemonlarry.com\/es\/gracias-revision\/\" \/>\n<meta property=\"og:locale\" content=\"es_ES\" \/>\n<meta property=\"og:type\" content=\"article\" \/>\n<meta property=\"og:title\" content=\"Gracias revisi\u00f3n | Lemon Larry - Lemon Law Experts\" \/>\n<meta property=\"og:description\" content=\"Gracias por tu rese\u00f1a. Se agregar\u00e1 a nuestro sitio web en breve.\" \/>\n<meta property=\"og:url\" content=\"https:\/\/lemonlarry.com\/es\/gracias-revision\/\" \/>\n<meta property=\"og:site_name\" content=\"Lemon Larry - Lemon Law Experts\" \/>\n<meta property=\"article:modified_time\" content=\"2021-08-31T15:03:50+00:00\" \/>\n<meta name=\"twitter:card\" content=\"summary_large_image\" \/>\n<!-- \/ Yoast SEO plugin. -->","yoast_head_json":{"title":"Gracias revisi\u00f3n | Lemon Larry - Lemon Law Experts","robots":{"index":"index","follow":"follow","max-snippet":"max-snippet:-1","max-image-preview":"max-image-preview:large","max-video-preview":"max-video-preview:-1"},"canonical":"https:\/\/lemonlarry.com\/es\/gracias-revision\/","og_locale":"es_ES","og_type":"article","og_title":"Gracias revisi\u00f3n | Lemon Larry - Lemon Law Experts","og_description":"Gracias por tu rese\u00f1a. Se agregar\u00e1 a nuestro sitio web en breve.","og_url":"https:\/\/lemonlarry.com\/es\/gracias-revision\/","og_site_name":"Lemon Larry - Lemon Law Experts","article_modified_time":"2021-08-31T15:03:50+00:00","twitter_card":"summary_large_image","schema":{"@context":"https:\/\/schema.org","@graph":[{"@type":"WebPage","@id":"https:\/\/lemonlarry.com\/es\/gracias-revision\/","url":"https:\/\/lemonlarry.com\/es\/gracias-revision\/","name":"Gracias revisi\u00f3n | Lemon Larry - Lemon Law Experts","isPartOf":{"@id":"https:\/\/lemonlarry.com\/es\/#website"},"datePublished":"2021-07-21T13:03:35+00:00","dateModified":"2021-08-31T15:03:50+00:00","breadcrumb":{"@id":"https:\/\/lemonlarry.com\/es\/gracias-revision\/#breadcrumb"},"inLanguage":"es","potentialAction":[{"@type":"ReadAction","target":["https:\/\/lemonlarry.com\/es\/gracias-revision\/"]}]},{"@type":"BreadcrumbList","@id":"https:\/\/lemonlarry.com\/es\/gracias-revision\/#breadcrumb","itemListElement":[{"@type":"ListItem","position":1,"name":"Home","item":"https:\/\/lemonlarry.com\/es\/"},{"@type":"ListItem","position":2,"name":"Gracias revisi\u00f3n"}]},{"@type":"WebSite","@id":"https:\/\/lemonlarry.com\/es\/#website","url":"https:\/\/lemonlarry.com\/es\/","name":"Lemon Larry - Lemon Law Experts","description":"","potentialAction":[{"@type":"SearchAction","target":{"@type":"EntryPoint","urlTemplate":"https:\/\/lemonlarry.com\/es\/?s={search_term_string}"},"query-input":{"@type":"PropertyValueSpecification","valueRequired":true,"valueName":"search_term_string"}}],"inLanguage":"es"}]}},"_links":{"self":[{"href":"https:\/\/lemonlarry.com\/es\/wp-json\/wp\/v2\/pages\/1368","targetHints":{"allow":["GET"]}}],"collection":[{"href":"https:\/\/lemonlarry.com\/es\/wp-json\/wp\/v2\/pages"}],"about":[{"href":"https:\/\/lemonlarry.com\/es\/wp-json\/wp\/v2\/types\/page"}],"author":[{"embeddable":true,"href":"https:\/\/lemonlarry.com\/es\/wp-json\/wp\/v2\/users\/1"}],"replies":[{"embeddable":true,"href":"https:\/\/lemonlarry.com\/es\/wp-json\/wp\/v2\/comments?post=1368"}],"version-history":[{"count":1,"href":"https:\/\/lemonlarry.com\/es\/wp-json\/wp\/v2\/pages\/1368\/revisions"}],"predecessor-version":[{"id":1369,"href":"https:\/\/lemonlarry.com\/es\/wp-json\/wp\/v2\/pages\/1368\/revisions\/1369"}],"wp:attachment":[{"href":"https:\/\/lemonlarry.com\/es\/wp-json\/wp\/v2\/media?parent=1368"}],"curies":[{"name":"wp","href":"https:\/\/api.w.org\/{rel}","templated":true}]}}