{"id":1373,"date":"2021-07-21T13:12:42","date_gmt":"2021-07-21T13:12:42","guid":{"rendered":"https:\/\/lemonlarry.com\/?page_id=1373"},"modified":"2021-07-30T09:47:15","modified_gmt":"2021-07-30T09:47:15","slug":"abogado-de-phoenix-lemon-law","status":"publish","type":"page","link":"https:\/\/lemonlarry.com\/es\/abogado-de-arizona-lemon-law\/abogado-de-phoenix-lemon-law\/","title":{"rendered":"Abogado de la ley del lim\u00f3n en Phoenix"},"content":{"rendered":"<p>\u00bfHa comprado un autom\u00f3vil nuevo o usado solo para descubrir que no funciona justo despu\u00e9s de haberlo comprado? Un \u00ablim\u00f3n\u00bb es un autom\u00f3vil que necesita reparaciones repetidas dentro del per\u00edodo de garant\u00eda. Si las reparaciones est\u00e1n cubiertas por la garant\u00eda, puede pensar que no hay nada que pueda hacer.<\/p>\n<p>Es esencial llevar el veh\u00edculo al concesionario para las reparaciones autorizadas bajo garant\u00eda y conservar cada declaraci\u00f3n de reparaci\u00f3n o recibo oficial y asegurarse de que la documentaci\u00f3n que reciba sea correcta. Si es incorrecto, p\u00eddales que lo arreglen. Su reclamo de la ley lim\u00f3n bien podr\u00eda depender de que tenga un registro completo de las reparaciones, pero no tener todos los documentos no deber\u00eda cambiar su enfoque. Debe consultar con un abogado con experiencia en la ley del lim\u00f3n.<\/p>\n<p>Las leyes del lim\u00f3n de Arizona protegen a los consumidores que han comprado un veh\u00edculo que no es lo que pensaban que estaban obteniendo. Lemon Larry lo ayudar\u00e1 a encontrar el abogado adecuado en Phoenix para responsabilizar al concesionario o al fabricante.<\/p>\n<h2>Encuentre un abogado con experiencia en reclamos de la ley del lim\u00f3n<\/h2>\n<p>Lemon Larry, un servicio de referencia, satisface una necesidad con muchos consumidores que se encuentran con un autom\u00f3vil nuevo o usado que es un lim\u00f3n. Se necesita experiencia y conocimiento para conocer los criterios de la ley del lim\u00f3n. No todas las circunstancias encajan perfectamente; sin embargo, un abogado con experiencia puede certificar su reclamo.<\/p>\n<p>Primero debe realizar la prueba de siete preguntas de Lemon Larry para determinar si es elegible para un reclamo de la ley del lim\u00f3n.<\/p>\n<p>Los asociados de Lemon Larry encontrar\u00e1n un <a href=\"https:\/\/lemonlarry.com\/es\/abogado-de-arizona-lemon-law\/\">abogado experto y con experiencia en la ley del lim\u00f3n de Arizona<\/a>. No se preocupe por pagarle a Lemon Larry o al abogado de Phoenix; el concesionario o el fabricante tendr\u00e1 que hacerlo si tiene un reclamo leg\u00edtimo. Adem\u00e1s, el abogado determinar\u00e1 qu\u00e9 acci\u00f3n es apropiada seg\u00fan la ley; podr\u00eda recibir un reembolso, recompra o reemplazo del veh\u00edculo.<\/p>\n<p>Por lo general, estas reclamaciones se resuelven fuera de los tribunales. Es raro que un reclamo de la ley lim\u00f3n llegue a un juicio real. Por lo tanto, cuanto m\u00e1s experimentado sea su abogado, es m\u00e1s probable que obtenga un acuerdo antes que con un abogado que no est\u00e9 familiarizado con las negociaciones de la ley lim\u00f3n.<\/p>\n<h3>Obtenga ayuda con su lim\u00f3n<\/h3>\n<p>Las preguntas que tenga pueden ser respondidas por un abogado calificado en reclamos de la ley del lim\u00f3n en Phoenix. Si bien Lemon Larry no es un bufete de abogados, utilizar\u00e1n todos los recursos a su disposici\u00f3n para encontrar un abogado de ley lim\u00f3n que se adapte a su situaci\u00f3n.<\/p>\n<p>El equipo de Phoenix Lemon Larry comprende lo frustrante que puede ser tener que cargar con un lim\u00f3n. Trabajar\u00e1n duro para conseguir un abogado que lo ayude. El abogado lo ayudar\u00e1 a comprender sus circunstancias particulares, analizar\u00e1 el curso de acci\u00f3n, repasar\u00e1 los posibles resultados y manejar\u00e1 el papeleo. Le notifican cuando el distribuidor o el fabricante sugiere un acuerdo.<\/p>\n<h4>Conoce tus derechos<\/h4>\n<p>La ley no le exige que notifique al concesionario o al fabricante que present\u00f3 un reclamo de la ley lim\u00f3n. Sin embargo, cuando se enteren, es posible que se comuniquen con usted y le hagan una oferta. No firme ning\u00fan acuerdo sin consultar a un abogado con experiencia en la ley del lim\u00f3n.<\/p>\n<p>El fabricante est\u00e1 familiarizado con la forma en que la ley del lim\u00f3n lo protege y espera que usted no lo sepa. Deje que el abogado negocie con el distribuidor o el fabricante.<\/p>\n<p>Un abogado de la ley del lim\u00f3n de Phoenix tiene experiencia en el trato con concesionarios y fabricantes y sabe c\u00f3mo proceder. Ellos entienden a qu\u00e9 compensaci\u00f3n tiene derecho.<\/p>\n<h4>Comun\u00edquese con Lemon Larry hoy<\/h4>\n<p>Comun\u00edquese con Lemon Larry despu\u00e9s de haber realizado el examen de siete preguntas. Su personal capacitado encontrar\u00e1 un abogado con experiencia en la ley del lim\u00f3n en Phoenix.<\/p>\n","protected":false},"excerpt":{"rendered":"<p>\u00bfHa comprado un autom\u00f3vil nuevo o usado solo para descubrir que no funciona justo despu\u00e9s de haberlo comprado? Un \u00ablim\u00f3n\u00bb es un autom\u00f3vil que necesita reparaciones repetidas dentro del per\u00edodo de garant\u00eda. Si las reparaciones est\u00e1n cubiertas por la garant\u00eda, puede pensar que no hay nada que pueda hacer. Es esencial llevar el veh\u00edculo al&hellip; <a href=\"https:\/\/lemonlarry.com\/es\/abogado-de-arizona-lemon-law\/abogado-de-phoenix-lemon-law\/\" class=\"btn btn-primary position-absolute more-link\">Sigue leyendo<\/a><\/p>\n","protected":false},"author":1,"featured_media":0,"parent":1267,"menu_order":0,"comment_status":"closed","ping_status":"closed","template":"","meta":{"_acf_changed":false,"footnotes":""},"class_list":["post-1373","page","type-page","status-publish"],"acf":[],"yoast_head":"<!-- This site is optimized with the Yoast SEO plugin v27.5 - https:\/\/yoast.com\/product\/yoast-seo-wordpress\/ -->\n<title>Abogado de la ley del lim\u00f3n en Phoenix | Encuentre un abogado con experiencia en reclamos de la ley del lim\u00f3n<\/title>\n<meta name=\"description\" content=\"Realice la prueba de siete preguntas, desarrollada por los asociados de Lemon Larry, para determinar si es elegible para un reclamo de la ley lim\u00f3n. Luego, comun\u00edquese con Lemon Larry y ellos encontrar\u00e1n un abogado con experiencia en la ley del lim\u00f3n de Arizona para usted en Phoenix.\" \/>\n<meta name=\"robots\" content=\"index, follow, max-snippet:-1, max-image-preview:large, max-video-preview:-1\" \/>\n<link rel=\"canonical\" href=\"https:\/\/lemonlarry.com\/es\/abogado-de-arizona-lemon-law\/abogado-de-phoenix-lemon-law\/\" \/>\n<meta property=\"og:locale\" content=\"es_ES\" \/>\n<meta property=\"og:type\" content=\"article\" \/>\n<meta property=\"og:title\" content=\"Abogado de la ley del lim\u00f3n en Phoenix | Encuentre un abogado con experiencia en reclamos de la ley del lim\u00f3n\" \/>\n<meta property=\"og:description\" content=\"Realice la prueba de siete preguntas, desarrollada por los asociados de Lemon Larry, para determinar si es elegible para un reclamo de la ley lim\u00f3n. Luego, comun\u00edquese con Lemon Larry y ellos encontrar\u00e1n un abogado con experiencia en la ley del lim\u00f3n de Arizona para usted en Phoenix.\" \/>\n<meta property=\"og:url\" content=\"https:\/\/lemonlarry.com\/es\/abogado-de-arizona-lemon-law\/abogado-de-phoenix-lemon-law\/\" \/>\n<meta property=\"og:site_name\" content=\"Lemon Larry - Lemon Law Experts\" \/>\n<meta property=\"article:modified_time\" content=\"2021-07-30T09:47:15+00:00\" \/>\n<meta name=\"twitter:card\" content=\"summary_large_image\" \/>\n<meta name=\"twitter:label1\" content=\"Tiempo de lectura\" \/>\n\t<meta name=\"twitter:data1\" content=\"4 minutos\" \/>\n<!-- \/ Yoast SEO plugin. -->","yoast_head_json":{"title":"Abogado de la ley del lim\u00f3n en Phoenix | Encuentre un abogado con experiencia en reclamos de la ley del lim\u00f3n","description":"Realice la prueba de siete preguntas, desarrollada por los asociados de Lemon Larry, para determinar si es elegible para un reclamo de la ley lim\u00f3n. Luego, comun\u00edquese con Lemon Larry y ellos encontrar\u00e1n un abogado con experiencia en la ley del lim\u00f3n de Arizona para usted en Phoenix.","robots":{"index":"index","follow":"follow","max-snippet":"max-snippet:-1","max-image-preview":"max-image-preview:large","max-video-preview":"max-video-preview:-1"},"canonical":"https:\/\/lemonlarry.com\/es\/abogado-de-arizona-lemon-law\/abogado-de-phoenix-lemon-law\/","og_locale":"es_ES","og_type":"article","og_title":"Abogado de la ley del lim\u00f3n en Phoenix | Encuentre un abogado con experiencia en reclamos de la ley del lim\u00f3n","og_description":"Realice la prueba de siete preguntas, desarrollada por los asociados de Lemon Larry, para determinar si es elegible para un reclamo de la ley lim\u00f3n. Luego, comun\u00edquese con Lemon Larry y ellos encontrar\u00e1n un abogado con experiencia en la ley del lim\u00f3n de Arizona para usted en Phoenix.","og_url":"https:\/\/lemonlarry.com\/es\/abogado-de-arizona-lemon-law\/abogado-de-phoenix-lemon-law\/","og_site_name":"Lemon Larry - Lemon Law Experts","article_modified_time":"2021-07-30T09:47:15+00:00","twitter_card":"summary_large_image","twitter_misc":{"Tiempo de lectura":"4 minutos"},"schema":{"@context":"https:\/\/schema.org","@graph":[{"@type":"WebPage","@id":"https:\/\/lemonlarry.com\/es\/abogado-de-arizona-lemon-law\/abogado-de-phoenix-lemon-law\/","url":"https:\/\/lemonlarry.com\/es\/abogado-de-arizona-lemon-law\/abogado-de-phoenix-lemon-law\/","name":"Abogado de la ley del lim\u00f3n en Phoenix | Encuentre un abogado con experiencia en reclamos de la ley del lim\u00f3n","isPartOf":{"@id":"https:\/\/lemonlarry.com\/es\/#website"},"datePublished":"2021-07-21T13:12:42+00:00","dateModified":"2021-07-30T09:47:15+00:00","description":"Realice la prueba de siete preguntas, desarrollada por los asociados de Lemon Larry, para determinar si es elegible para un reclamo de la ley lim\u00f3n. Luego, comun\u00edquese con Lemon Larry y ellos encontrar\u00e1n un abogado con experiencia en la ley del lim\u00f3n de Arizona para usted en Phoenix.","breadcrumb":{"@id":"https:\/\/lemonlarry.com\/es\/abogado-de-arizona-lemon-law\/abogado-de-phoenix-lemon-law\/#breadcrumb"},"inLanguage":"es","potentialAction":[{"@type":"ReadAction","target":["https:\/\/lemonlarry.com\/es\/abogado-de-arizona-lemon-law\/abogado-de-phoenix-lemon-law\/"]}]},{"@type":"BreadcrumbList","@id":"https:\/\/lemonlarry.com\/es\/abogado-de-arizona-lemon-law\/abogado-de-phoenix-lemon-law\/#breadcrumb","itemListElement":[{"@type":"ListItem","position":1,"name":"Home","item":"https:\/\/lemonlarry.com\/es\/"},{"@type":"ListItem","position":2,"name":"Abogado de la ley del lim\u00f3n en Arizona","item":"https:\/\/lemonlarry.com\/es\/abogado-de-arizona-lemon-law\/"},{"@type":"ListItem","position":3,"name":"Abogado de la ley del lim\u00f3n en Phoenix"}]},{"@type":"WebSite","@id":"https:\/\/lemonlarry.com\/es\/#website","url":"https:\/\/lemonlarry.com\/es\/","name":"Lemon Larry - Lemon Law Experts","description":"","potentialAction":[{"@type":"SearchAction","target":{"@type":"EntryPoint","urlTemplate":"https:\/\/lemonlarry.com\/es\/?s={search_term_string}"},"query-input":{"@type":"PropertyValueSpecification","valueRequired":true,"valueName":"search_term_string"}}],"inLanguage":"es"}]}},"_links":{"self":[{"href":"https:\/\/lemonlarry.com\/es\/wp-json\/wp\/v2\/pages\/1373","targetHints":{"allow":["GET"]}}],"collection":[{"href":"https:\/\/lemonlarry.com\/es\/wp-json\/wp\/v2\/pages"}],"about":[{"href":"https:\/\/lemonlarry.com\/es\/wp-json\/wp\/v2\/types\/page"}],"author":[{"embeddable":true,"href":"https:\/\/lemonlarry.com\/es\/wp-json\/wp\/v2\/users\/1"}],"replies":[{"embeddable":true,"href":"https:\/\/lemonlarry.com\/es\/wp-json\/wp\/v2\/comments?post=1373"}],"version-history":[{"count":4,"href":"https:\/\/lemonlarry.com\/es\/wp-json\/wp\/v2\/pages\/1373\/revisions"}],"predecessor-version":[{"id":1477,"href":"https:\/\/lemonlarry.com\/es\/wp-json\/wp\/v2\/pages\/1373\/revisions\/1477"}],"up":[{"embeddable":true,"href":"https:\/\/lemonlarry.com\/es\/wp-json\/wp\/v2\/pages\/1267"}],"wp:attachment":[{"href":"https:\/\/lemonlarry.com\/es\/wp-json\/wp\/v2\/media?parent=1373"}],"curies":[{"name":"wp","href":"https:\/\/api.w.org\/{rel}","templated":true}]}}