{"id":1379,"date":"2021-07-21T13:54:37","date_gmt":"2021-07-21T13:54:37","guid":{"rendered":"https:\/\/lemonlarry.com\/?page_id=1379"},"modified":"2021-07-22T12:36:41","modified_gmt":"2021-07-22T12:36:41","slug":"que-es-la-ley-limon-en-california","status":"publish","type":"page","link":"https:\/\/lemonlarry.com\/es\/leyes-del-limon-de-california\/","title":{"rendered":"\u00bfQu\u00e9 es la Ley Lim\u00f3n en California?"},"content":{"rendered":"<p>\u00bfEst\u00e1 buscando informaci\u00f3n sobre qu\u00e9 es la Ley Lim\u00f3n en California? A continuaci\u00f3n, detallamos cu\u00e1les son las pautas de la ley lim\u00f3n en el estado de California.<\/p>\n<p>Para la mayor\u00eda de las personas, comprar un autom\u00f3vil nuevo es una inversi\u00f3n importante y una de las compras m\u00e1s caras que realizar\u00e1n los consumidores. En California, la mayor\u00eda de nosotros confiamos en nuestros veh\u00edculos como nuestra principal fuente de transporte a la escuela, el trabajo, las citas con el m\u00e9dico y cualquier lugar donde necesitemos estar. Es de vital importancia que nuestros veh\u00edculos sean seguros para conducir y sin problemas.<\/p>\n<p>Si un veh\u00edculo no est\u00e1 en buenas condiciones mec\u00e1nicas cuando hacemos una compra, puede ser reparado o incluso cambiado sin costo adicional para el consumidor. Las leyes del lim\u00f3n de California y muchos otros estados se han creado para que los consumidores los protejan cuando compran o alquilan camiones, autom\u00f3viles, minivans y SUV. Estas protecciones al consumidor tambi\u00e9n cubren otras compras de productos.<\/p>\n<p>Tambi\u00e9n conocida como la Ley de Protecci\u00f3n al Consumidor de Tanner, la Ley del Lim\u00f3n de California cubre camiones, autom\u00f3viles, camionetas y SUV nuevos. Las leyes del lim\u00f3n de California a\u00fan pueden aplicarse para motocicletas y casas rodantes.<\/p>\n<p>Las leyes de lim\u00f3n de California establecen que los fabricantes de autom\u00f3viles y camiones deben:<\/p>\n<ol>\n<li>Aseg\u00farese de que las reparaciones no demoren m\u00e1s de 30 d\u00edas.<\/li>\n<li>Disponer de instalaciones adecuadas para reparar sus veh\u00edculos<\/li>\n<li>Tener la oportunidad de realizar una cierta cantidad de intentos de reparaci\u00f3n para solucionar el problema.<\/li>\n<li>Ofrezca al consumidor un veh\u00edculo de reemplazo o un reembolso (menos valor de uso sin problemas)<\/li>\n<li>Pagar los costos y honorarios razonables del abogado del consumidor<\/li>\n<\/ol>\n<h2>\u00bfQu\u00e9 sucede si el fabricante del veh\u00edculo garantizado no puede o no quiere reparar el autom\u00f3vil o cami\u00f3n despu\u00e9s de un n\u00famero razonable de intentos de reparaci\u00f3n?<\/h2>\n<p>La ley del lim\u00f3n de California establece que se debe reemplazar o recomprar el autom\u00f3vil o cami\u00f3n y pagar los da\u00f1os consecuentes e incidentales, y los honorarios y costos del abogado.<\/p>\n<h2>\u00bfQu\u00e9 constituye un n\u00famero \u00abrazonable\u00bb de intentos?<\/h2>\n<p>Esto realmente puede variar seg\u00fan el problema particular y se eval\u00faa caso por caso. Se han creado ciertas pautas que ayudan a determinar si la cantidad de intentos de reparaci\u00f3n es \u00abrazonable\u00bb, antes de que uno pueda recibir un veh\u00edculo de reemplazo o un reembolso.<\/p>\n<h2>Las leyes del lim\u00f3n de California le brindan derechos y protecciones importantes<\/h2>\n<p>Si compr\u00f3 su veh\u00edculo en California, un abogado de California Lemon Law puede ayudarlo a recibir importantes reparaciones cuando su veh\u00edculo tiene defectos que el concesionario no puede o no quiere arreglar.<\/p>\n<h2>\u00bfCu\u00e1les son algunos de los remedios que proporcionan las leyes de lim\u00f3n de California?<\/h2>\n<ul>\n<li>Reemplazo de su autom\u00f3vil o cami\u00f3n defectuoso<\/li>\n<li>Liquidaci\u00f3n en efectivo<\/li>\n<li>Volver a comprar el cami\u00f3n o autom\u00f3vil defectuoso<\/li>\n<li>Pagar los honorarios y costos razonables de un abogado para la representaci\u00f3n.<\/li>\n<\/ul>\n<p>Tener representaci\u00f3n legal ayuda a proteger sus derechos de la ley lim\u00f3n. Un abogado con experiencia en la ley del lim\u00f3n puede negociar los mejores t\u00e9rminos de un acuerdo para usted y no le cuesta nada de su bolsillo.<\/p>\n<p>La Ley del Lim\u00f3n de California se aplica a la mayor\u00eda de los veh\u00edculos que se alquilan o compran en el estado de California y a\u00fan est\u00e1n bajo la garant\u00eda del fabricante para un autom\u00f3vil o cami\u00f3n nuevo. La excepci\u00f3n es si es miembro de las fuerzas armadas y compr\u00f3 o registr\u00f3 su veh\u00edculo fuera de California.<\/p>\n<h2>\u00bfEst\u00e1n cubiertos los veh\u00edculos usados \u200b\u200bpor las leyes Lemon de California?<\/h2>\n<p>S\u00ed, siempre y cuando todav\u00eda est\u00e9n cubiertos por la garant\u00eda de un autom\u00f3vil nuevo del fabricante. El tiempo restante de la garant\u00eda a\u00fan ofrece protecci\u00f3n al propietario del autom\u00f3vil usado.<\/p>\n<h2>\u00bfQu\u00e9 son las recompras?<\/h2>\n<p>Si un concesionario compra un veh\u00edculo y luego lo revende, la ley establece que debe tener una identificaci\u00f3n que demuestre que se trata de una \u201crecompra de la ley del lim\u00f3n\u201d y debe haber una etiqueta de lim\u00f3n en la puerta.<\/p>\n<p>Un comprador que compr\u00f3 una recompra de lim\u00f3n que no ha sido debidamente identificado a\u00fan puede tener derechos bajo las Leyes del Lim\u00f3n de California.<\/p>\n<h2>\u00bfExisten otras leyes que puedan protegerlo cuando no se aplica la Ley Lim\u00f3n?<\/h2>\n<p>Si. Existen otras leyes estatales y federales que pueden protegerlo, incluidas aquellas que protegen contra pr\u00e1cticas enga\u00f1osas y est\u00e1ndares m\u00ednimos de seguridad.<\/p>\n","protected":false},"excerpt":{"rendered":"<p>\u00bfEst\u00e1 buscando informaci\u00f3n sobre qu\u00e9 es la Ley Lim\u00f3n en California? A continuaci\u00f3n, detallamos cu\u00e1les son las pautas de la ley lim\u00f3n en el estado de California. Para la mayor\u00eda de las personas, comprar un autom\u00f3vil nuevo es una inversi\u00f3n importante y una de las compras m\u00e1s caras que realizar\u00e1n los consumidores. En California, la&hellip; <a href=\"https:\/\/lemonlarry.com\/es\/leyes-del-limon-de-california\/\" class=\"btn btn-primary position-absolute more-link\">Sigue leyendo<\/a><\/p>\n","protected":false},"author":1,"featured_media":0,"parent":0,"menu_order":0,"comment_status":"closed","ping_status":"closed","template":"","meta":{"_acf_changed":false,"footnotes":""},"class_list":["post-1379","page","type-page","status-publish"],"acf":[],"yoast_head":"<!-- This site is optimized with the Yoast SEO plugin v27.4 - https:\/\/yoast.com\/product\/yoast-seo-wordpress\/ -->\n<title>Ley del lim\u00f3n de California | \u00bfQu\u00e9 es la Ley Lim\u00f3n en California?<\/title>\n<meta name=\"description\" content=\"Si compr\u00f3 su veh\u00edculo en California, un abogado de California Lemon Law puede ayudarlo a recibir importantes reparaciones cuando su veh\u00edculo tiene defectos que el concesionario no puede o no quiere arreglar.\" \/>\n<meta name=\"robots\" content=\"index, follow, max-snippet:-1, max-image-preview:large, max-video-preview:-1\" \/>\n<link rel=\"canonical\" href=\"https:\/\/lemonlarry.com\/es\/leyes-del-limon-de-california\/\" \/>\n<meta property=\"og:locale\" content=\"es_ES\" \/>\n<meta property=\"og:type\" content=\"article\" \/>\n<meta property=\"og:title\" content=\"Ley del lim\u00f3n de California | \u00bfQu\u00e9 es la Ley Lim\u00f3n en California?\" \/>\n<meta property=\"og:description\" content=\"Si compr\u00f3 su veh\u00edculo en California, un abogado de California Lemon Law puede ayudarlo a recibir importantes reparaciones cuando su veh\u00edculo tiene defectos que el concesionario no puede o no quiere arreglar.\" \/>\n<meta property=\"og:url\" content=\"https:\/\/lemonlarry.com\/es\/leyes-del-limon-de-california\/\" \/>\n<meta property=\"og:site_name\" content=\"Lemon Larry - Lemon Law Experts\" \/>\n<meta property=\"article:modified_time\" content=\"2021-07-22T12:36:41+00:00\" \/>\n<meta name=\"twitter:card\" content=\"summary_large_image\" \/>\n<meta name=\"twitter:label1\" content=\"Tiempo de lectura\" \/>\n\t<meta name=\"twitter:data1\" content=\"4 minutos\" \/>\n<!-- \/ Yoast SEO plugin. -->","yoast_head_json":{"title":"Ley del lim\u00f3n de California | \u00bfQu\u00e9 es la Ley Lim\u00f3n en California?","description":"Si compr\u00f3 su veh\u00edculo en California, un abogado de California Lemon Law puede ayudarlo a recibir importantes reparaciones cuando su veh\u00edculo tiene defectos que el concesionario no puede o no quiere arreglar.","robots":{"index":"index","follow":"follow","max-snippet":"max-snippet:-1","max-image-preview":"max-image-preview:large","max-video-preview":"max-video-preview:-1"},"canonical":"https:\/\/lemonlarry.com\/es\/leyes-del-limon-de-california\/","og_locale":"es_ES","og_type":"article","og_title":"Ley del lim\u00f3n de California | \u00bfQu\u00e9 es la Ley Lim\u00f3n en California?","og_description":"Si compr\u00f3 su veh\u00edculo en California, un abogado de California Lemon Law puede ayudarlo a recibir importantes reparaciones cuando su veh\u00edculo tiene defectos que el concesionario no puede o no quiere arreglar.","og_url":"https:\/\/lemonlarry.com\/es\/leyes-del-limon-de-california\/","og_site_name":"Lemon Larry - Lemon Law Experts","article_modified_time":"2021-07-22T12:36:41+00:00","twitter_card":"summary_large_image","twitter_misc":{"Tiempo de lectura":"4 minutos"},"schema":{"@context":"https:\/\/schema.org","@graph":[{"@type":"WebPage","@id":"https:\/\/lemonlarry.com\/es\/leyes-del-limon-de-california\/","url":"https:\/\/lemonlarry.com\/es\/leyes-del-limon-de-california\/","name":"Ley del lim\u00f3n de California | \u00bfQu\u00e9 es la Ley Lim\u00f3n en California?","isPartOf":{"@id":"https:\/\/lemonlarry.com\/es\/#website"},"datePublished":"2021-07-21T13:54:37+00:00","dateModified":"2021-07-22T12:36:41+00:00","description":"Si compr\u00f3 su veh\u00edculo en California, un abogado de California Lemon Law puede ayudarlo a recibir importantes reparaciones cuando su veh\u00edculo tiene defectos que el concesionario no puede o no quiere arreglar.","breadcrumb":{"@id":"https:\/\/lemonlarry.com\/es\/leyes-del-limon-de-california\/#breadcrumb"},"inLanguage":"es","potentialAction":[{"@type":"ReadAction","target":["https:\/\/lemonlarry.com\/es\/leyes-del-limon-de-california\/"]}]},{"@type":"BreadcrumbList","@id":"https:\/\/lemonlarry.com\/es\/leyes-del-limon-de-california\/#breadcrumb","itemListElement":[{"@type":"ListItem","position":1,"name":"Home","item":"https:\/\/lemonlarry.com\/es\/"},{"@type":"ListItem","position":2,"name":"\u00bfQu\u00e9 es la Ley Lim\u00f3n en California?"}]},{"@type":"WebSite","@id":"https:\/\/lemonlarry.com\/es\/#website","url":"https:\/\/lemonlarry.com\/es\/","name":"Lemon Larry - Lemon Law Experts","description":"","potentialAction":[{"@type":"SearchAction","target":{"@type":"EntryPoint","urlTemplate":"https:\/\/lemonlarry.com\/es\/?s={search_term_string}"},"query-input":{"@type":"PropertyValueSpecification","valueRequired":true,"valueName":"search_term_string"}}],"inLanguage":"es"}]}},"_links":{"self":[{"href":"https:\/\/lemonlarry.com\/es\/wp-json\/wp\/v2\/pages\/1379","targetHints":{"allow":["GET"]}}],"collection":[{"href":"https:\/\/lemonlarry.com\/es\/wp-json\/wp\/v2\/pages"}],"about":[{"href":"https:\/\/lemonlarry.com\/es\/wp-json\/wp\/v2\/types\/page"}],"author":[{"embeddable":true,"href":"https:\/\/lemonlarry.com\/es\/wp-json\/wp\/v2\/users\/1"}],"replies":[{"embeddable":true,"href":"https:\/\/lemonlarry.com\/es\/wp-json\/wp\/v2\/comments?post=1379"}],"version-history":[{"count":1,"href":"https:\/\/lemonlarry.com\/es\/wp-json\/wp\/v2\/pages\/1379\/revisions"}],"predecessor-version":[{"id":1380,"href":"https:\/\/lemonlarry.com\/es\/wp-json\/wp\/v2\/pages\/1379\/revisions\/1380"}],"wp:attachment":[{"href":"https:\/\/lemonlarry.com\/es\/wp-json\/wp\/v2\/media?parent=1379"}],"curies":[{"name":"wp","href":"https:\/\/api.w.org\/{rel}","templated":true}]}}