{"id":1381,"date":"2021-07-22T15:03:58","date_gmt":"2021-07-22T15:03:58","guid":{"rendered":"https:\/\/lemonlarry.com\/?page_id=1381"},"modified":"2021-07-22T15:03:58","modified_gmt":"2021-07-22T15:03:58","slug":"testimonios","status":"publish","type":"page","link":"https:\/\/lemonlarry.com\/es\/testimonios\/","title":{"rendered":"Testimonios"},"content":{"rendered":"<div class=\"flc-testimonials\"><blockquote class=\"testimonials-blockquote\"><cite>Liz Chu<\/cite><div class=\"testimonials-stars\"><i class=\"fas fa-star\" aria-hidden=\"true\"><\/i><i class=\"fas fa-star\" aria-hidden=\"true\"><\/i><i class=\"fas fa-star\" aria-hidden=\"true\"><\/i><i class=\"fas fa-star\" aria-hidden=\"true\"><\/i><i class=\"fas fa-star\" aria-hidden=\"true\"><\/i><\/div><p class=\"testimonials-body\">Fueron geniales durante un momento estresante de mi vida. Necesitaba desesperadamente otro auto debido a tantos problemas mec\u00e1nicos, a pesar de que era un auto bastante nuevo (2017). Consegu\u00ed un abogado de la ley del lim\u00f3n y me ayudaron en el proceso con bastante rapidez sin tener que preocuparme por la situaci\u00f3n en absoluto.<\/p><\/blockquote><blockquote class=\"testimonials-blockquote\"><cite>Nancy G.<\/cite><div class=\"testimonials-stars\"><i class=\"fas fa-star\" aria-hidden=\"true\"><\/i><i class=\"fas fa-star\" aria-hidden=\"true\"><\/i><i class=\"fas fa-star\" aria-hidden=\"true\"><\/i><i class=\"fas fa-star\" aria-hidden=\"true\"><\/i><i class=\"fas fa-star\" aria-hidden=\"true\"><\/i><\/div><p class=\"testimonials-body\">Estoy muy agradecido con estos abogados por contactarme con respecto al lim\u00f3n de un autom\u00f3vil que ten\u00eda con Chevy Cruze. \u00a1Un verdadero LIM\u00d3N! Dentro de los 5 meses de haber contratado a un abogado de Lemon Law (sin costo para m\u00ed), recib\u00ed un gran acuerdo por el cual devolv\u00ed mi auto de 4 a\u00f1os a GM y \u00a1compr\u00e9 un auto nuevo!<\/p><\/blockquote><blockquote class=\"testimonials-blockquote\"><cite>Josh F.<\/cite><div class=\"testimonials-stars\"><i class=\"fas fa-star\" aria-hidden=\"true\"><\/i><i class=\"fas fa-star\" aria-hidden=\"true\"><\/i><i class=\"fas fa-star\" aria-hidden=\"true\"><\/i><i class=\"fas fa-star\" aria-hidden=\"true\"><\/i><i class=\"fas fa-star\" aria-hidden=\"true\"><\/i><\/div><p class=\"testimonials-body\">\u00a1El abogado de Lemon Law hizo un gran trabajo! Respondieron a todas mis preguntas de manera oportuna y fueron muy amables. El fabricante de mi veh\u00edculo volvi\u00f3 a comprar mi lim\u00f3n y me otorg\u00f3 un acuerdo. El proceso de entrega al final solo tom\u00f3 unos 30 minutos.<\/p><\/blockquote><blockquote class=\"testimonials-blockquote\"><cite>Ricardo R.<\/cite><div class=\"testimonials-stars\"><i class=\"fas fa-star\" aria-hidden=\"true\"><\/i><i class=\"fas fa-star\" aria-hidden=\"true\"><\/i><i class=\"fas fa-star\" aria-hidden=\"true\"><\/i><i class=\"fas fa-star\" aria-hidden=\"true\"><\/i><i class=\"fas fa-star\" aria-hidden=\"true\"><\/i><\/div><p class=\"testimonials-body\">Habl\u00e9 con un abogado y me dijeron que no me preocupara m\u00e1s por eso y que \u00e9l se ocupar\u00eda del problema. En dos semanas acordaron volver a comprar mi veh\u00edculo, luego el proceso dur\u00f3 unos 7 meses m\u00e1s, pero en pocas palabras, finalmente estoy fuera del Jeep.<\/p><\/blockquote><blockquote class=\"testimonials-blockquote\"><cite>Vahag S.<\/cite><div class=\"testimonials-stars\"><i class=\"fas fa-star\" aria-hidden=\"true\"><\/i><i class=\"fas fa-star\" aria-hidden=\"true\"><\/i><i class=\"fas fa-star\" aria-hidden=\"true\"><\/i><i class=\"fas fa-star\" aria-hidden=\"true\"><\/i><i class=\"fas fa-star\" aria-hidden=\"true\"><\/i><\/div><p class=\"testimonials-body\">Compr\u00e9 mi kia stinger 2018, un auto nuevo, para m\u00ed y para el fabricante. Ni siquiera hab\u00eda pasado un mes cuando los problemas empezaron a surgir. Me tom\u00f3 4 meses obtener mi acuerdo, solo debido a la pandemia de Covid, de lo contrario, estoy seguro de que lo habr\u00edan hecho antes.<\/p><\/blockquote><blockquote class=\"testimonials-blockquote\"><cite>Taylore W.<\/cite><div class=\"testimonials-stars\"><i class=\"fas fa-star\" aria-hidden=\"true\"><\/i><i class=\"fas fa-star\" aria-hidden=\"true\"><\/i><i class=\"fas fa-star\" aria-hidden=\"true\"><\/i><i class=\"fas fa-star\" aria-hidden=\"true\"><\/i><i class=\"fas fa-star\" aria-hidden=\"true\"><\/i><\/div><p class=\"testimonials-body\">Mi Jeep Compass 2018 no caus\u00f3 m\u00e1s que problemas despu\u00e9s de solo 5 meses de comprarlo. Les tom\u00f3 5 meses ganar mi caso con Chrysler despu\u00e9s de presentar el anticipo, pero en esos 5 meses el abogado fue honesto y comunicativo.<\/p><\/blockquote><blockquote class=\"testimonials-blockquote\"><cite>Eric V.<\/cite><div class=\"testimonials-stars\"><i class=\"fas fa-star\" aria-hidden=\"true\"><\/i><i class=\"fas fa-star\" aria-hidden=\"true\"><\/i><i class=\"fas fa-star\" aria-hidden=\"true\"><\/i><i class=\"fas fa-star\" aria-hidden=\"true\"><\/i><i class=\"fas fa-star\" aria-hidden=\"true\"><\/i><\/div><p class=\"testimonials-body\">Representaci\u00f3n profesional sin complicaciones. Explicaron desde el principio c\u00f3mo se desarrollar\u00eda el proceso, cu\u00e1nto tiempo tomar\u00eda y qu\u00e9 se puede esperar. Despu\u00e9s de explicar su caso y escanear \/ enviar toda la documentaci\u00f3n relevante, el proceso es sencillo.<\/p><\/blockquote><blockquote class=\"testimonials-blockquote\"><cite>Billy H.<\/cite><div class=\"testimonials-stars\"><i class=\"fas fa-star\" aria-hidden=\"true\"><\/i><i class=\"fas fa-star\" aria-hidden=\"true\"><\/i><i class=\"fas fa-star\" aria-hidden=\"true\"><\/i><i class=\"fas fa-star\" aria-hidden=\"true\"><\/i><i class=\"fas fa-star\" aria-hidden=\"true\"><\/i><\/div><p class=\"testimonials-body\">Lo mejor desde el pan de molde. Tuve problemas con mi autom\u00f3vil y estuvo en el taller varias veces por varias reparaciones y problemas de ruido. Me conect\u00e9 con uno de los abogados de la ley lim\u00f3n. \u00a1Pudieron conseguirme un acuerdo por encima y m\u00e1s all\u00e1 de mis expectativas!<\/p><\/blockquote><\/div>\n","protected":false},"excerpt":{"rendered":"","protected":false},"author":1,"featured_media":0,"parent":0,"menu_order":0,"comment_status":"closed","ping_status":"closed","template":"","meta":{"_acf_changed":false,"footnotes":""},"class_list":["post-1381","page","type-page","status-publish"],"acf":[],"yoast_head":"<!-- This site is optimized with the Yoast SEO plugin v27.4 - https:\/\/yoast.com\/product\/yoast-seo-wordpress\/ -->\n<title>Testimonios | Lemon Larry - Lemon Law Experts<\/title>\n<meta name=\"robots\" content=\"index, follow, max-snippet:-1, max-image-preview:large, max-video-preview:-1\" \/>\n<link rel=\"canonical\" href=\"https:\/\/lemonlarry.com\/es\/testimonios\/\" \/>\n<meta property=\"og:locale\" content=\"es_ES\" \/>\n<meta property=\"og:type\" content=\"article\" \/>\n<meta property=\"og:title\" content=\"Testimonios | Lemon Larry - Lemon Law Experts\" \/>\n<meta property=\"og:url\" content=\"https:\/\/lemonlarry.com\/es\/testimonios\/\" \/>\n<meta property=\"og:site_name\" content=\"Lemon Larry - Lemon Law Experts\" \/>\n<meta name=\"twitter:card\" content=\"summary_large_image\" \/>\n<!-- \/ Yoast SEO plugin. -->","yoast_head_json":{"title":"Testimonios | Lemon Larry - Lemon Law Experts","robots":{"index":"index","follow":"follow","max-snippet":"max-snippet:-1","max-image-preview":"max-image-preview:large","max-video-preview":"max-video-preview:-1"},"canonical":"https:\/\/lemonlarry.com\/es\/testimonios\/","og_locale":"es_ES","og_type":"article","og_title":"Testimonios | Lemon Larry - Lemon Law Experts","og_url":"https:\/\/lemonlarry.com\/es\/testimonios\/","og_site_name":"Lemon Larry - Lemon Law Experts","twitter_card":"summary_large_image","schema":{"@context":"https:\/\/schema.org","@graph":[{"@type":"WebPage","@id":"https:\/\/lemonlarry.com\/es\/testimonios\/","url":"https:\/\/lemonlarry.com\/es\/testimonios\/","name":"Testimonios | Lemon Larry - Lemon Law Experts","isPartOf":{"@id":"https:\/\/lemonlarry.com\/es\/#website"},"datePublished":"2021-07-22T15:03:58+00:00","breadcrumb":{"@id":"https:\/\/lemonlarry.com\/es\/testimonios\/#breadcrumb"},"inLanguage":"es","potentialAction":[{"@type":"ReadAction","target":["https:\/\/lemonlarry.com\/es\/testimonios\/"]}]},{"@type":"BreadcrumbList","@id":"https:\/\/lemonlarry.com\/es\/testimonios\/#breadcrumb","itemListElement":[{"@type":"ListItem","position":1,"name":"Home","item":"https:\/\/lemonlarry.com\/es\/"},{"@type":"ListItem","position":2,"name":"Testimonios"}]},{"@type":"WebSite","@id":"https:\/\/lemonlarry.com\/es\/#website","url":"https:\/\/lemonlarry.com\/es\/","name":"Lemon Larry - Lemon Law Experts","description":"","potentialAction":[{"@type":"SearchAction","target":{"@type":"EntryPoint","urlTemplate":"https:\/\/lemonlarry.com\/es\/?s={search_term_string}"},"query-input":{"@type":"PropertyValueSpecification","valueRequired":true,"valueName":"search_term_string"}}],"inLanguage":"es"}]}},"_links":{"self":[{"href":"https:\/\/lemonlarry.com\/es\/wp-json\/wp\/v2\/pages\/1381","targetHints":{"allow":["GET"]}}],"collection":[{"href":"https:\/\/lemonlarry.com\/es\/wp-json\/wp\/v2\/pages"}],"about":[{"href":"https:\/\/lemonlarry.com\/es\/wp-json\/wp\/v2\/types\/page"}],"author":[{"embeddable":true,"href":"https:\/\/lemonlarry.com\/es\/wp-json\/wp\/v2\/users\/1"}],"replies":[{"embeddable":true,"href":"https:\/\/lemonlarry.com\/es\/wp-json\/wp\/v2\/comments?post=1381"}],"version-history":[{"count":1,"href":"https:\/\/lemonlarry.com\/es\/wp-json\/wp\/v2\/pages\/1381\/revisions"}],"predecessor-version":[{"id":1406,"href":"https:\/\/lemonlarry.com\/es\/wp-json\/wp\/v2\/pages\/1381\/revisions\/1406"}],"wp:attachment":[{"href":"https:\/\/lemonlarry.com\/es\/wp-json\/wp\/v2\/media?parent=1381"}],"curies":[{"name":"wp","href":"https:\/\/api.w.org\/{rel}","templated":true}]}}