{"id":1408,"date":"2021-07-06T07:18:08","date_gmt":"2021-07-06T07:18:08","guid":{"rendered":"https:\/\/lemonlarry.com\/chevy-silverado-lemon-law-claims\/"},"modified":"2021-08-12T13:20:25","modified_gmt":"2021-08-12T13:20:25","slug":"chevy-silverado-lemon-law-reclamaciones","status":"publish","type":"page","link":"https:\/\/lemonlarry.com\/es\/chevy-silverado-lemon-law-reclamaciones\/","title":{"rendered":"Chevy Silverado del lim\u00f3n Reclamaciones"},"content":{"rendered":"","protected":false},"excerpt":{"rendered":"","protected":false},"author":1,"featured_media":1409,"parent":0,"menu_order":0,"comment_status":"closed","ping_status":"closed","template":"modules\/template-modules-bulider.php","meta":{"_acf_changed":false,"footnotes":""},"class_list":["post-1408","page","type-page","status-publish","has-post-thumbnail"],"acf":[],"yoast_head":"<!-- This site is optimized with the Yoast SEO plugin v27.5 - https:\/\/yoast.com\/product\/yoast-seo-wordpress\/ -->\n<title>Chevy Silverado del lim\u00f3n Reclamaciones | 2018, 2019, 2020, 2021 Chevy Silverado del lim\u00f3n Reclamaciones<\/title>\n<meta name=\"description\" content=\"Si tiene problemas importantes de transmisi\u00f3n continua con su Chevy Silverado, complete nuestro formulario de admisi\u00f3n para ver si su Silverdo califica para una Reclamaci\u00f3n de la Ley Lemon.\" \/>\n<meta name=\"robots\" content=\"index, follow, max-snippet:-1, max-image-preview:large, max-video-preview:-1\" \/>\n<link rel=\"canonical\" href=\"https:\/\/lemonlarry.com\/es\/chevy-silverado-lemon-law-reclamaciones\/\" \/>\n<meta property=\"og:locale\" content=\"es_ES\" \/>\n<meta property=\"og:type\" content=\"article\" \/>\n<meta property=\"og:title\" content=\"Chevy Silverado del lim\u00f3n Reclamaciones | 2018, 2019, 2020, 2021 Chevy Silverado del lim\u00f3n Reclamaciones\" \/>\n<meta property=\"og:description\" content=\"Si tiene problemas importantes de transmisi\u00f3n continua con su Chevy Silverado, complete nuestro formulario de admisi\u00f3n para ver si su Silverdo califica para una Reclamaci\u00f3n de la Ley Lemon.\" \/>\n<meta property=\"og:url\" content=\"https:\/\/lemonlarry.com\/es\/chevy-silverado-lemon-law-reclamaciones\/\" \/>\n<meta property=\"og:site_name\" content=\"Lemon Larry - Lemon Law Experts\" \/>\n<meta property=\"article:modified_time\" content=\"2021-08-12T13:20:25+00:00\" \/>\n<meta property=\"og:image\" content=\"https:\/\/lemonlarry.com\/wp-content\/uploads\/2021\/07\/header-landing-page.jpg\" \/>\n\t<meta property=\"og:image:width\" content=\"1920\" \/>\n\t<meta property=\"og:image:height\" content=\"440\" \/>\n\t<meta property=\"og:image:type\" content=\"image\/jpeg\" \/>\n<meta name=\"twitter:card\" content=\"summary_large_image\" \/>\n<!-- \/ Yoast SEO plugin. -->","yoast_head_json":{"title":"Chevy Silverado del lim\u00f3n Reclamaciones | 2018, 2019, 2020, 2021 Chevy Silverado del lim\u00f3n Reclamaciones","description":"Si tiene problemas importantes de transmisi\u00f3n continua con su Chevy Silverado, complete nuestro formulario de admisi\u00f3n para ver si su Silverdo califica para una Reclamaci\u00f3n de la Ley Lemon.","robots":{"index":"index","follow":"follow","max-snippet":"max-snippet:-1","max-image-preview":"max-image-preview:large","max-video-preview":"max-video-preview:-1"},"canonical":"https:\/\/lemonlarry.com\/es\/chevy-silverado-lemon-law-reclamaciones\/","og_locale":"es_ES","og_type":"article","og_title":"Chevy Silverado del lim\u00f3n Reclamaciones | 2018, 2019, 2020, 2021 Chevy Silverado del lim\u00f3n Reclamaciones","og_description":"Si tiene problemas importantes de transmisi\u00f3n continua con su Chevy Silverado, complete nuestro formulario de admisi\u00f3n para ver si su Silverdo califica para una Reclamaci\u00f3n de la Ley Lemon.","og_url":"https:\/\/lemonlarry.com\/es\/chevy-silverado-lemon-law-reclamaciones\/","og_site_name":"Lemon Larry - Lemon Law Experts","article_modified_time":"2021-08-12T13:20:25+00:00","og_image":[{"width":1920,"height":440,"url":"https:\/\/lemonlarry.com\/wp-content\/uploads\/2021\/07\/header-landing-page.jpg","type":"image\/jpeg"}],"twitter_card":"summary_large_image","schema":{"@context":"https:\/\/schema.org","@graph":[{"@type":"WebPage","@id":"https:\/\/lemonlarry.com\/es\/chevy-silverado-lemon-law-reclamaciones\/","url":"https:\/\/lemonlarry.com\/es\/chevy-silverado-lemon-law-reclamaciones\/","name":"Chevy Silverado del lim\u00f3n Reclamaciones | 2018, 2019, 2020, 2021 Chevy Silverado del lim\u00f3n Reclamaciones","isPartOf":{"@id":"https:\/\/lemonlarry.com\/es\/#website"},"primaryImageOfPage":{"@id":"https:\/\/lemonlarry.com\/es\/chevy-silverado-lemon-law-reclamaciones\/#primaryimage"},"image":{"@id":"https:\/\/lemonlarry.com\/es\/chevy-silverado-lemon-law-reclamaciones\/#primaryimage"},"thumbnailUrl":"https:\/\/lemonlarry.com\/wp-content\/uploads\/2021\/07\/header-landing-page.jpg","datePublished":"2021-07-06T07:18:08+00:00","dateModified":"2021-08-12T13:20:25+00:00","description":"Si tiene problemas importantes de transmisi\u00f3n continua con su Chevy Silverado, complete nuestro formulario de admisi\u00f3n para ver si su Silverdo califica para una Reclamaci\u00f3n de la Ley Lemon.","breadcrumb":{"@id":"https:\/\/lemonlarry.com\/es\/chevy-silverado-lemon-law-reclamaciones\/#breadcrumb"},"inLanguage":"es","potentialAction":[{"@type":"ReadAction","target":["https:\/\/lemonlarry.com\/es\/chevy-silverado-lemon-law-reclamaciones\/"]}]},{"@type":"ImageObject","inLanguage":"es","@id":"https:\/\/lemonlarry.com\/es\/chevy-silverado-lemon-law-reclamaciones\/#primaryimage","url":"https:\/\/lemonlarry.com\/wp-content\/uploads\/2021\/07\/header-landing-page.jpg","contentUrl":"https:\/\/lemonlarry.com\/wp-content\/uploads\/2021\/07\/header-landing-page.jpg","width":1920,"height":440,"caption":"Chevy Silverado Lemon Law Claims"},{"@type":"BreadcrumbList","@id":"https:\/\/lemonlarry.com\/es\/chevy-silverado-lemon-law-reclamaciones\/#breadcrumb","itemListElement":[{"@type":"ListItem","position":1,"name":"Home","item":"https:\/\/lemonlarry.com\/es\/"},{"@type":"ListItem","position":2,"name":"Chevy Silverado del lim\u00f3n Reclamaciones"}]},{"@type":"WebSite","@id":"https:\/\/lemonlarry.com\/es\/#website","url":"https:\/\/lemonlarry.com\/es\/","name":"Lemon Larry - Lemon Law Experts","description":"","potentialAction":[{"@type":"SearchAction","target":{"@type":"EntryPoint","urlTemplate":"https:\/\/lemonlarry.com\/es\/?s={search_term_string}"},"query-input":{"@type":"PropertyValueSpecification","valueRequired":true,"valueName":"search_term_string"}}],"inLanguage":"es"}]}},"_links":{"self":[{"href":"https:\/\/lemonlarry.com\/es\/wp-json\/wp\/v2\/pages\/1408","targetHints":{"allow":["GET"]}}],"collection":[{"href":"https:\/\/lemonlarry.com\/es\/wp-json\/wp\/v2\/pages"}],"about":[{"href":"https:\/\/lemonlarry.com\/es\/wp-json\/wp\/v2\/types\/page"}],"author":[{"embeddable":true,"href":"https:\/\/lemonlarry.com\/es\/wp-json\/wp\/v2\/users\/1"}],"replies":[{"embeddable":true,"href":"https:\/\/lemonlarry.com\/es\/wp-json\/wp\/v2\/comments?post=1408"}],"version-history":[{"count":12,"href":"https:\/\/lemonlarry.com\/es\/wp-json\/wp\/v2\/pages\/1408\/revisions"}],"predecessor-version":[{"id":1557,"href":"https:\/\/lemonlarry.com\/es\/wp-json\/wp\/v2\/pages\/1408\/revisions\/1557"}],"wp:featuredmedia":[{"embeddable":true,"href":"https:\/\/lemonlarry.com\/es\/wp-json\/wp\/v2\/media\/1409"}],"wp:attachment":[{"href":"https:\/\/lemonlarry.com\/es\/wp-json\/wp\/v2\/media?parent=1408"}],"curies":[{"name":"wp","href":"https:\/\/api.w.org\/{rel}","templated":true}]}}